{"id":21887,"date":"2023-11-24T14:01:10","date_gmt":"2023-11-24T14:01:10","guid":{"rendered":"https:\/\/sanghaactiva.com\/?page_id=21887"},"modified":"2025-08-03T13:41:59","modified_gmt":"2025-08-03T11:41:59","slug":"meditar-en-sabadell","status":"publish","type":"page","link":"https:\/\/sanghaactiva.com\/ca\/meditacion\/curso-meditacion-gim\/meditar-en-sabadell","title":{"rendered":"Meditar en Sabadell"},"content":{"rendered":"<div data-elementor-type=\"wp-page\" data-elementor-id=\"21887\" class=\"elementor elementor-21887\">\n\t\t\t\t\t\t<section class=\"elementor-section elementor-top-section elementor-element elementor-element-93e1cb3 elementor-section-boxed elementor-section-height-default elementor-section-height-default\" data-id=\"93e1cb3\" data-element_type=\"section\" data-e-type=\"section\">\n\t\t\t\t\t\t<div class=\"elementor-container elementor-column-gap-default\">\n\t\t\t\t\t<div class=\"elementor-column elementor-col-100 elementor-top-column elementor-element elementor-element-692bbd5\" data-id=\"692bbd5\" data-element_type=\"column\" data-e-type=\"column\">\n\t\t\t<div class=\"elementor-widget-wrap elementor-element-populated\">\n\t\t\t\t\t\t<div class=\"elementor-element elementor-element-1657909 elementor-widget elementor-widget-heading\" data-id=\"1657909\" data-element_type=\"widget\" data-e-type=\"widget\" data-widget_type=\"heading.default\">\n\t\t\t\t<div class=\"elementor-widget-container\">\n\t\t\t\t\t<h2 class=\"elementor-heading-title elementor-size-default\">Meditar en Sabadell<\/h2>\t\t\t\t<\/div>\n\t\t\t\t<\/div>\n\t\t\t\t<div class=\"elementor-element elementor-element-cbde36f elementor-widget elementor-widget-text-editor\" data-id=\"cbde36f\" data-element_type=\"widget\" data-e-type=\"widget\" data-widget_type=\"text-editor.default\">\n\t\t\t\t<div class=\"elementor-widget-container\">\n\t\t\t\t\t\t\t\t\t<p>\u00bfQuieres saber<b> d\u00f3nde<\/b> <b>meditar en Sabadell o d\u00f3nde cursar el <a href=\"https:\/\/sanghaactiva.com\/ca\/meditacion\/curso-meditacion-gim\/\">Programa GIM<\/a>\u00a0en Sabadell?\u00a0<\/b><span style=\"font-style: inherit; font-weight: inherit; background-color: var(--ast-global-color-4); color: var(--ast-global-color-3);\">Te presentamos l@s formador@s GIM que tienen grupos de meditaci\u00f3n en Sabadell y que hacen talleres para aprender a meditar en el centro de Sabadell.\u00a0<\/span><\/p>\t\t\t\t\t\t\t\t<\/div>\n\t\t\t\t<\/div>\n\t\t\t\t<div class=\"elementor-element elementor-element-d411118 elementor-widget elementor-widget-text-editor\" data-id=\"d411118\" data-element_type=\"widget\" data-e-type=\"widget\" data-widget_type=\"text-editor.default\">\n\t\t\t\t<div class=\"elementor-widget-container\">\n\t\t\t\t\t\t\t\t\t<p>Todos los cursos de meditaci\u00f3n y talleres de meditaci\u00f3n en Sabadell se realizan en nuestro <a href=\"https:\/\/sanghaactiva.com\/ca\/sobre-sangha-activa\/centro-budista-sabadell-sangha-activa\/\">Centro Sangha Activa Sabadell<\/a> de l&#8217;Av. Paraires 10.\u00a0<\/p>\t\t\t\t\t\t\t\t<\/div>\n\t\t\t\t<\/div>\n\t\t\t\t\t<\/div>\n\t\t<\/div>\n\t\t\t\t\t<\/div>\n\t\t<\/section>\n\t\t\t\t<section class=\"elementor-section elementor-top-section elementor-element elementor-element-3d1da66 elementor-section-boxed elementor-section-height-default elementor-section-height-default\" data-id=\"3d1da66\" data-element_type=\"section\" data-e-type=\"section\" data-settings=\"{&quot;background_background&quot;:&quot;classic&quot;}\">\n\t\t\t\t\t\t<div class=\"elementor-container elementor-column-gap-default\">\n\t\t\t\t\t<div class=\"elementor-column elementor-col-50 elementor-top-column elementor-element elementor-element-f68149d\" data-id=\"f68149d\" data-element_type=\"column\" data-e-type=\"column\">\n\t\t\t<div class=\"elementor-widget-wrap elementor-element-populated\">\n\t\t\t\t\t\t<div class=\"elementor-element elementor-element-ceef811 elementor-position-top elementor-widget elementor-widget-image-box\" data-id=\"ceef811\" data-element_type=\"widget\" data-e-type=\"widget\" data-widget_type=\"image-box.default\">\n\t\t\t\t<div class=\"elementor-widget-container\">\n\t\t\t\t\t<div class=\"elementor-image-box-wrapper\"><figure class=\"elementor-image-box-img\"><img fetchpriority=\"high\" decoding=\"async\" width=\"500\" height=\"500\" src=\"https:\/\/sanghaactiva.com\/wp-content\/uploads\/2023\/08\/francisco-campillo-formador-gim-imagen.jpg\" class=\"attachment-full size-full wp-image-20734\" alt=\"francisco campillo formador gim imagen\" srcset=\"https:\/\/sanghaactiva.com\/wp-content\/uploads\/2023\/08\/francisco-campillo-formador-gim-imagen.jpg 500w, https:\/\/sanghaactiva.com\/wp-content\/uploads\/2023\/08\/francisco-campillo-formador-gim-imagen-300x300.jpg 300w, https:\/\/sanghaactiva.com\/wp-content\/uploads\/2023\/08\/francisco-campillo-formador-gim-imagen-100x100.jpg 100w, https:\/\/sanghaactiva.com\/wp-content\/uploads\/2023\/08\/francisco-campillo-formador-gim-imagen-150x150.jpg 150w\" sizes=\"(max-width: 500px) 100vw, 500px\" \/><\/figure><div class=\"elementor-image-box-content\"><h3 class=\"elementor-image-box-title\">Meditar con Francisco<\/h3><p class=\"elementor-image-box-description\">Francisco tiene grupos GIM de meditaci\u00f3n en Barcelona - Poblenou. Tambi\u00e9n imparte talleres mensuales independientes, y charlas GIM gratuitas.<\/p><\/div><\/div>\t\t\t\t<\/div>\n\t\t\t\t<\/div>\n\t\t\t\t\t<\/div>\n\t\t<\/div>\n\t\t\t\t<div class=\"elementor-column elementor-col-50 elementor-top-column elementor-element elementor-element-e6115f4\" data-id=\"e6115f4\" data-element_type=\"column\" data-e-type=\"column\">\n\t\t\t<div class=\"elementor-widget-wrap elementor-element-populated\">\n\t\t\t\t\t\t<div class=\"elementor-element elementor-element-baaa2ca elementor-position-top elementor-widget elementor-widget-image-box\" data-id=\"baaa2ca\" data-element_type=\"widget\" data-e-type=\"widget\" data-widget_type=\"image-box.default\">\n\t\t\t\t<div class=\"elementor-widget-container\">\n\t\t\t\t\t<div class=\"elementor-image-box-wrapper\"><figure class=\"elementor-image-box-img\"><a href=\"https:\/\/sanghaactiva.com\/ca\/meditacion\/curso-meditacion-gim\/melisa-gonzalez-formadora-gim-sabadell\/\" tabindex=\"-1\"><img decoding=\"async\" width=\"500\" height=\"500\" data-src=\"https:\/\/sanghaactiva.com\/wp-content\/uploads\/2023\/11\/melisa-formadora-gim-sabadell-imagen.jpg\" class=\"attachment-full size-full wp-image-21810 lazyload\" alt=\"meditar en sabadell\" data-srcset=\"https:\/\/sanghaactiva.com\/wp-content\/uploads\/2023\/11\/melisa-formadora-gim-sabadell-imagen.jpg 500w, https:\/\/sanghaactiva.com\/wp-content\/uploads\/2023\/11\/melisa-formadora-gim-sabadell-imagen-300x300.jpg 300w, https:\/\/sanghaactiva.com\/wp-content\/uploads\/2023\/11\/melisa-formadora-gim-sabadell-imagen-100x100.jpg 100w, https:\/\/sanghaactiva.com\/wp-content\/uploads\/2023\/11\/melisa-formadora-gim-sabadell-imagen-150x150.jpg 150w\" data-sizes=\"(max-width: 500px) 100vw, 500px\" src=\"data:image\/svg+xml;base64,PHN2ZyB3aWR0aD0iMSIgaGVpZ2h0PSIxIiB4bWxucz0iaHR0cDovL3d3dy53My5vcmcvMjAwMC9zdmciPjwvc3ZnPg==\" style=\"--smush-placeholder-width: 500px; --smush-placeholder-aspect-ratio: 500\/500;\" \/><\/a><\/figure><div class=\"elementor-image-box-content\"><h3 class=\"elementor-image-box-title\"><a href=\"https:\/\/sanghaactiva.com\/ca\/meditacion\/curso-meditacion-gim\/melisa-gonzalez-formadora-gim-sabadell\/\">Meditar en Sabadell con Melisa<\/a><\/h3><p class=\"elementor-image-box-description\">Melisa Gonz\u00e1lez tiene abiertos grupos para los primeros pasos del Programa de Meditaci\u00f3n Gim. Clica para conocer la trayectoria de Melisa. <\/p><\/div><\/div>\t\t\t\t<\/div>\n\t\t\t\t<\/div>\n\t\t\t\t\t<\/div>\n\t\t<\/div>\n\t\t\t\t\t<\/div>\n\t\t<\/section>\n\t\t\t\t<section class=\"elementor-section elementor-top-section elementor-element elementor-element-be998f9 elementor-section-boxed elementor-section-height-default elementor-section-height-default\" data-id=\"be998f9\" data-element_type=\"section\" data-e-type=\"section\">\n\t\t\t\t\t\t<div class=\"elementor-container elementor-column-gap-default\">\n\t\t\t\t\t<div class=\"elementor-column elementor-col-100 elementor-top-column elementor-element elementor-element-4c95efb\" data-id=\"4c95efb\" data-element_type=\"column\" data-e-type=\"column\">\n\t\t\t<div class=\"elementor-widget-wrap elementor-element-populated\">\n\t\t\t\t\t\t<div class=\"elementor-element elementor-element-452db8c elementor-widget elementor-widget-heading\" data-id=\"452db8c\" data-element_type=\"widget\" data-e-type=\"widget\" data-widget_type=\"heading.default\">\n\t\t\t\t<div class=\"elementor-widget-container\">\n\t\t\t\t\t<h2 class=\"elementor-heading-title elementor-size-default\">Pr\u00f3ximos talles y charlas para aprender a meditar en Sabadell<\/h2>\t\t\t\t<\/div>\n\t\t\t\t<\/div>\n\t\t\t\t\t<\/div>\n\t\t<\/div>\n\t\t\t\t\t<\/div>\n\t\t<\/section>\n\t\t\t\t<section class=\"elementor-section elementor-top-section elementor-element elementor-element-d838fb2 elementor-section-boxed elementor-section-height-default elementor-section-height-default\" data-id=\"d838fb2\" data-element_type=\"section\" data-e-type=\"section\">\n\t\t\t\t\t\t<div class=\"elementor-container elementor-column-gap-default\">\n\t\t\t\t\t<div class=\"elementor-column elementor-col-100 elementor-top-column elementor-element elementor-element-d757fd2\" data-id=\"d757fd2\" data-element_type=\"column\" data-e-type=\"column\">\n\t\t\t<div class=\"elementor-widget-wrap elementor-element-populated\">\n\t\t\t\t\t\t<div class=\"elementor-element elementor-element-37b7129 elementor-widget elementor-widget-the-events-calendar-addon\" data-id=\"37b7129\" data-element_type=\"widget\" data-e-type=\"widget\" data-widget_type=\"the-events-calendar-addon.default\">\n\t\t\t\t<div class=\"elementor-widget-container\">\n\t\t\t\t\t<!=========Events minimal-list Template 1.7.1=========><div id=\"ectbe-wrapper-37b7129\" class=\"ectbe-wrapper ectbe-minimal-list-wrapper style-1\"><h3>There is no Event<\/h3><\/div>\t\t\t\t<\/div>\n\t\t\t\t<\/div>\n\t\t\t\t\t<\/div>\n\t\t<\/div>\n\t\t\t\t\t<\/div>\n\t\t<\/section>\n\t\t\t\t<section class=\"elementor-section elementor-top-section elementor-element elementor-element-2740ef86 elementor-section-boxed elementor-section-height-default elementor-section-height-default\" data-id=\"2740ef86\" data-element_type=\"section\" data-e-type=\"section\" data-settings=\"{&quot;background_background&quot;:&quot;classic&quot;}\">\n\t\t\t\t\t\t<div class=\"elementor-container elementor-column-gap-default\">\n\t\t\t\t\t<div class=\"elementor-column elementor-col-100 elementor-top-column elementor-element elementor-element-202c3c50\" data-id=\"202c3c50\" data-element_type=\"column\" data-e-type=\"column\">\n\t\t\t<div class=\"elementor-widget-wrap elementor-element-populated\">\n\t\t\t\t\t\t<div class=\"elementor-element elementor-element-687dbfe0 elementor-widget elementor-widget-heading\" data-id=\"687dbfe0\" data-element_type=\"widget\" data-e-type=\"widget\" data-widget_type=\"heading.default\">\n\t\t\t\t<div class=\"elementor-widget-container\">\n\t\t\t\t\t<h2 class=\"elementor-heading-title elementor-size-default\">Vols estar al dia de les nostres activitats?<\/h2>\t\t\t\t<\/div>\n\t\t\t\t<\/div>\n\t\t\t\t<div class=\"elementor-element elementor-element-3677927d elementor-widget elementor-widget-text-editor\" data-id=\"3677927d\" data-element_type=\"widget\" data-e-type=\"widget\" data-widget_type=\"text-editor.default\">\n\t\t\t\t<div class=\"elementor-widget-container\">\n\t\t\t\t\t\t\t\t\t<p>Subscriu-te al nostre butllet\u00ed i rebr\u00e0s cada mes les noticies m\u00e9s rellevants, activitats gratu\u00eftes, noves ensenyances i tot all\u00f2 que ens faci cr\u00e9ixer\u00a0<\/p>\t\t\t\t\t\t\t\t<\/div>\n\t\t\t\t<\/div>\n\t\t\t\t<div class=\"elementor-element elementor-element-311f1d38 elementor-widget elementor-widget-html\" data-id=\"311f1d38\" data-element_type=\"widget\" data-e-type=\"widget\" data-widget_type=\"html.default\">\n\t\t\t\t<div class=\"elementor-widget-container\">\n\t\t\t\t\t<button type=\"button\" class=\"ipz-button\" data-host=\"sanghaactiva.ipzmarketing.com\" data-protocol=\"https\" data-token=\"IqAt63a2ujM\">subscriure'm<\/button>\r\n<script data-cfasync=\"false\" type=\"text\/javascript\" src=\"https:\/\/assets.ipzmarketing.com\/assets\/signup_form\/v1.js\"><\/script>\t\t\t\t<\/div>\n\t\t\t\t<\/div>\n\t\t\t\t\t<\/div>\n\t\t<\/div>\n\t\t\t\t\t<\/div>\n\t\t<\/section>\n\t\t\t\t<\/div>","protected":false},"excerpt":{"rendered":"<p>Meditar en Sabadell \u00bfQuieres saber d\u00f3nde meditar en Sabadell o d\u00f3nde cursar el Programa GIM\u00a0en Sabadell?\u00a0Te presentamos l@s formador@s GIM que tienen grupos de meditaci\u00f3n en Sabadell y que hacen [&hellip;]<\/p>\n","protected":false},"author":1,"featured_media":25190,"parent":515,"menu_order":0,"comment_status":"closed","ping_status":"closed","template":"","meta":{"site-sidebar-layout":"no-sidebar","site-content-layout":"page-builder","ast-site-content-layout":"full-width-container","site-content-style":"default","site-sidebar-style":"default","ast-global-header-display":"","ast-banner-title-visibility":"","ast-main-header-display":"","ast-hfb-above-header-display":"","ast-hfb-below-header-display":"","ast-hfb-mobile-header-display":"","site-post-title":"disabled","ast-breadcrumbs-content":"","ast-featured-img":"disabled","footer-sml-layout":"","ast-disable-related-posts":"","theme-transparent-header-meta":"","adv-header-id-meta":"","stick-header-meta":"","header-above-stick-meta":"","header-main-stick-meta":"","header-below-stick-meta":"","astra-migrate-meta-layouts":"set","ast-page-background-enabled":"default","ast-page-background-meta":{"desktop":{"background-color":"","background-image":"","background-repeat":"repeat","background-position":"center center","background-size":"auto","background-attachment":"scroll","background-type":"","background-media":"","overlay-type":"","overlay-color":"","overlay-opacity":"","overlay-gradient":""},"tablet":{"background-color":"","background-image":"","background-repeat":"repeat","background-position":"center center","background-size":"auto","background-attachment":"scroll","background-type":"","background-media":"","overlay-type":"","overlay-color":"","overlay-opacity":"","overlay-gradient":""},"mobile":{"background-color":"","background-image":"","background-repeat":"repeat","background-position":"center center","background-size":"auto","background-attachment":"scroll","background-type":"","background-media":"","overlay-type":"","overlay-color":"","overlay-opacity":"","overlay-gradient":""}},"ast-content-background-meta":{"desktop":{"background-color":"var(--ast-global-color-5)","background-image":"","background-repeat":"repeat","background-position":"center center","background-size":"auto","background-attachment":"scroll","background-type":"","background-media":"","overlay-type":"","overlay-color":"","overlay-opacity":"","overlay-gradient":""},"tablet":{"background-color":"var(--ast-global-color-5)","background-image":"","background-repeat":"repeat","background-position":"center center","background-size":"auto","background-attachment":"scroll","background-type":"","background-media":"","overlay-type":"","overlay-color":"","overlay-opacity":"","overlay-gradient":""},"mobile":{"background-color":"var(--ast-global-color-5)","background-image":"","background-repeat":"repeat","background-position":"center center","background-size":"auto","background-attachment":"scroll","background-type":"","background-media":"","overlay-type":"","overlay-color":"","overlay-opacity":"","overlay-gradient":""}},"_EventAllDay":false,"_EventTimezone":"","_EventStartDate":"","_EventEndDate":"","_EventStartDateUTC":"","_EventEndDateUTC":"","_EventShowMap":false,"_EventShowMapLink":false,"_EventURL":"","_EventCost":"","_EventCostDescription":"","_EventCurrencySymbol":"","_EventCurrencyCode":"","_EventCurrencyPosition":"","_EventDateTimeSeparator":"","_EventTimeRangeSeparator":"","_EventOrganizerID":[],"_EventVenueID":[],"_OrganizerEmail":"","_OrganizerPhone":"","_OrganizerWebsite":"","_VenueAddress":"","_VenueCity":"","_VenueCountry":"","_VenueProvince":"","_VenueState":"","_VenueZip":"","_VenuePhone":"","_VenueURL":"","_VenueStateProvince":"","_VenueLat":"","_VenueLng":"","_VenueShowMap":false,"_VenueShowMapLink":false,"footnotes":""},"class_list":["post-21887","page","type-page","status-publish","has-post-thumbnail","hentry"],"yoast_head":"<!-- This site is optimized with the Yoast SEO plugin v27.0 - https:\/\/yoast.com\/product\/yoast-seo-wordpress\/ -->\n<title>Meditar en Sabadell - Grupos y talleres<\/title>\n<meta name=\"description\" content=\"\u00bfBuscas clases de meditaci\u00f3n? Te presentamos nuestros grupos y talleres de meditaci\u00f3n para que puedes aprender a meditar en Sabadell Centre\" \/>\n<meta name=\"robots\" content=\"index, follow, max-snippet:-1, max-image-preview:large, max-video-preview:-1\" \/>\n<link rel=\"canonical\" href=\"https:\/\/sanghaactiva.com\/ca\/meditacion\/curso-meditacion-gim\/meditar-en-sabadell\/\" \/>\n<meta property=\"og:locale\" content=\"ca_ES\" \/>\n<meta property=\"og:type\" content=\"article\" \/>\n<meta property=\"og:title\" content=\"Meditar en Sabadell - Grupos y talleres\" \/>\n<meta property=\"og:description\" content=\"\u00bfBuscas clases de meditaci\u00f3n? Te presentamos nuestros grupos y talleres de meditaci\u00f3n para que puedes aprender a meditar en Sabadell Centre\" \/>\n<meta property=\"og:url\" content=\"https:\/\/sanghaactiva.com\/ca\/meditacion\/curso-meditacion-gim\/meditar-en-sabadell\/\" \/>\n<meta property=\"og:site_name\" content=\"Sangha Activa\" \/>\n<meta property=\"article:publisher\" content=\"https:\/\/www.facebook.com\/sanghaactiva\" \/>\n<meta property=\"article:modified_time\" content=\"2025-08-03T11:41:59+00:00\" \/>\n<meta property=\"og:image\" content=\"https:\/\/sanghaactiva.com\/wp-content\/uploads\/2025\/01\/grupos-de-meditacion-en-sabadell-imagen.jpg\" \/>\n\t<meta property=\"og:image:width\" content=\"1920\" \/>\n\t<meta property=\"og:image:height\" content=\"1080\" \/>\n\t<meta property=\"og:image:type\" content=\"image\/jpeg\" \/>\n<meta name=\"twitter:card\" content=\"summary_large_image\" \/>\n<meta name=\"twitter:label1\" content=\"Temps estimat de lectura\" \/>\n\t<meta name=\"twitter:data1\" content=\"2 minuts\" \/>\n<!-- \/ Yoast SEO plugin. -->","yoast_head_json":{"title":"Meditar en Sabadell - Grupos y talleres","description":"\u00bfBuscas clases de meditaci\u00f3n? Te presentamos nuestros grupos y talleres de meditaci\u00f3n para que puedes aprender a meditar en Sabadell Centre","robots":{"index":"index","follow":"follow","max-snippet":"max-snippet:-1","max-image-preview":"max-image-preview:large","max-video-preview":"max-video-preview:-1"},"canonical":"https:\/\/sanghaactiva.com\/ca\/meditacion\/curso-meditacion-gim\/meditar-en-sabadell\/","og_locale":"ca_ES","og_type":"article","og_title":"Meditar en Sabadell - Grupos y talleres","og_description":"\u00bfBuscas clases de meditaci\u00f3n? Te presentamos nuestros grupos y talleres de meditaci\u00f3n para que puedes aprender a meditar en Sabadell Centre","og_url":"https:\/\/sanghaactiva.com\/ca\/meditacion\/curso-meditacion-gim\/meditar-en-sabadell\/","og_site_name":"Sangha Activa","article_publisher":"https:\/\/www.facebook.com\/sanghaactiva","article_modified_time":"2025-08-03T11:41:59+00:00","og_image":[{"width":1920,"height":1080,"url":"https:\/\/sanghaactiva.com\/wp-content\/uploads\/2025\/01\/grupos-de-meditacion-en-sabadell-imagen.jpg","type":"image\/jpeg"}],"twitter_card":"summary_large_image","twitter_misc":{"Temps estimat de lectura":"2 minuts"},"schema":{"@context":"https:\/\/schema.org","@graph":[{"@type":"WebPage","@id":"https:\/\/sanghaactiva.com\/meditacion\/curso-meditacion-gim\/meditar-en-sabadell","url":"https:\/\/sanghaactiva.com\/meditacion\/curso-meditacion-gim\/meditar-en-sabadell","name":"Meditar en Sabadell - Grupos y talleres","isPartOf":{"@id":"https:\/\/sanghaactiva.com\/#website"},"primaryImageOfPage":{"@id":"https:\/\/sanghaactiva.com\/meditacion\/curso-meditacion-gim\/meditar-en-sabadell#primaryimage"},"image":{"@id":"https:\/\/sanghaactiva.com\/meditacion\/curso-meditacion-gim\/meditar-en-sabadell#primaryimage"},"thumbnailUrl":"https:\/\/sanghaactiva.com\/wp-content\/uploads\/2025\/01\/grupos-de-meditacion-en-sabadell-imagen-e1758192760868.jpg","datePublished":"2023-11-24T14:01:10+00:00","dateModified":"2025-08-03T11:41:59+00:00","description":"\u00bfBuscas clases de meditaci\u00f3n? Te presentamos nuestros grupos y talleres de meditaci\u00f3n para que puedes aprender a meditar en Sabadell Centre","breadcrumb":{"@id":"https:\/\/sanghaactiva.com\/meditacion\/curso-meditacion-gim\/meditar-en-sabadell#breadcrumb"},"inLanguage":"ca","potentialAction":[{"@type":"ReadAction","target":["https:\/\/sanghaactiva.com\/meditacion\/curso-meditacion-gim\/meditar-en-sabadell"]}]},{"@type":"ImageObject","inLanguage":"ca","@id":"https:\/\/sanghaactiva.com\/meditacion\/curso-meditacion-gim\/meditar-en-sabadell#primaryimage","url":"https:\/\/sanghaactiva.com\/wp-content\/uploads\/2025\/01\/grupos-de-meditacion-en-sabadell-imagen-e1758192760868.jpg","contentUrl":"https:\/\/sanghaactiva.com\/wp-content\/uploads\/2025\/01\/grupos-de-meditacion-en-sabadell-imagen-e1758192760868.jpg","width":1200,"height":675,"caption":"meditar en sabadell"},{"@type":"BreadcrumbList","@id":"https:\/\/sanghaactiva.com\/meditacion\/curso-meditacion-gim\/meditar-en-sabadell#breadcrumb","itemListElement":[{"@type":"ListItem","position":1,"name":"Portada","item":"https:\/\/sanghaactiva.com\/"},{"@type":"ListItem","position":2,"name":"Formaci\u00f3n en meditaci\u00f3n","item":"https:\/\/sanghaactiva.com\/meditacion"},{"@type":"ListItem","position":3,"name":"Meditacion GIM","item":"https:\/\/sanghaactiva.com\/meditacion\/curso-meditacion-gim"},{"@type":"ListItem","position":4,"name":"Meditar en Sabadell"}]},{"@type":"WebSite","@id":"https:\/\/sanghaactiva.com\/#website","url":"https:\/\/sanghaactiva.com\/","name":"Sangha Activa","description":"Comunitat budista","publisher":{"@id":"https:\/\/sanghaactiva.com\/#organization"},"potentialAction":[{"@type":"SearchAction","target":{"@type":"EntryPoint","urlTemplate":"https:\/\/sanghaactiva.com\/?s={search_term_string}"},"query-input":{"@type":"PropertyValueSpecification","valueRequired":true,"valueName":"search_term_string"}}],"inLanguage":"ca"},{"@type":"Organization","@id":"https:\/\/sanghaactiva.com\/#organization","name":"Sangha Activa","url":"https:\/\/sanghaactiva.com\/","logo":{"@type":"ImageObject","inLanguage":"ca","@id":"https:\/\/sanghaactiva.com\/#\/schema\/logo\/image\/","url":"https:\/\/sanghaactiva.com\/wp-content\/uploads\/2023\/03\/cropped-cropped-cropped-cropped-cropped-log2_SAcol-e1682594942970.png","contentUrl":"https:\/\/sanghaactiva.com\/wp-content\/uploads\/2023\/03\/cropped-cropped-cropped-cropped-cropped-log2_SAcol-e1682594942970.png","width":50,"height":65,"caption":"Sangha Activa"},"image":{"@id":"https:\/\/sanghaactiva.com\/#\/schema\/logo\/image\/"},"sameAs":["https:\/\/www.facebook.com\/sanghaactiva","https:\/\/www.youtube.com\/channel\/UCcMXKFgf-cWzUn9GLIvZPsw","https:\/\/www.instagram.com\/sanghaactiva\/"]}]}},"_links":{"self":[{"href":"https:\/\/sanghaactiva.com\/ca\/wp-json\/wp\/v2\/pages\/21887","targetHints":{"allow":["GET"]}}],"collection":[{"href":"https:\/\/sanghaactiva.com\/ca\/wp-json\/wp\/v2\/pages"}],"about":[{"href":"https:\/\/sanghaactiva.com\/ca\/wp-json\/wp\/v2\/types\/page"}],"author":[{"embeddable":true,"href":"https:\/\/sanghaactiva.com\/ca\/wp-json\/wp\/v2\/users\/1"}],"replies":[{"embeddable":true,"href":"https:\/\/sanghaactiva.com\/ca\/wp-json\/wp\/v2\/comments?post=21887"}],"version-history":[{"count":0,"href":"https:\/\/sanghaactiva.com\/ca\/wp-json\/wp\/v2\/pages\/21887\/revisions"}],"up":[{"embeddable":true,"href":"https:\/\/sanghaactiva.com\/ca\/wp-json\/wp\/v2\/pages\/515"}],"wp:featuredmedia":[{"embeddable":true,"href":"https:\/\/sanghaactiva.com\/ca\/wp-json\/wp\/v2\/media\/25190"}],"wp:attachment":[{"href":"https:\/\/sanghaactiva.com\/ca\/wp-json\/wp\/v2\/media?parent=21887"}],"curies":[{"name":"wp","href":"https:\/\/api.w.org\/{rel}","templated":true}]}}