{"id":21949,"date":"2023-11-27T12:28:29","date_gmt":"2023-11-27T12:28:29","guid":{"rendered":"https:\/\/sanghaactiva.com\/?page_id=21949"},"modified":"2025-09-15T13:02:30","modified_gmt":"2025-09-15T11:02:30","slug":"suscripcion-boletin","status":"publish","type":"page","link":"https:\/\/sanghaactiva.com\/ca\/suscripcion-boletin","title":{"rendered":"Amigues de Sangha Activa"},"content":{"rendered":"<div data-elementor-type=\"wp-page\" data-elementor-id=\"21949\" class=\"elementor elementor-21949\">\n\t\t\t\t\t\t<section class=\"elementor-section elementor-top-section elementor-element elementor-element-503e6e6 elementor-section-boxed elementor-section-height-default elementor-section-height-default\" data-id=\"503e6e6\" data-element_type=\"section\" data-e-type=\"section\" data-settings=\"{&quot;background_background&quot;:&quot;classic&quot;}\">\n\t\t\t\t\t\t<div class=\"elementor-container elementor-column-gap-default\">\n\t\t\t\t\t<div class=\"elementor-column elementor-col-100 elementor-top-column elementor-element elementor-element-8da38b3\" data-id=\"8da38b3\" data-element_type=\"column\" data-e-type=\"column\">\n\t\t\t<div class=\"elementor-widget-wrap elementor-element-populated\">\n\t\t\t\t\t\t<div class=\"elementor-element elementor-element-1d7b7a9 elementor-widget elementor-widget-heading\" data-id=\"1d7b7a9\" data-element_type=\"widget\" data-e-type=\"widget\" data-widget_type=\"heading.default\">\n\t\t\t\t<div class=\"elementor-widget-container\">\n\t\t\t\t\t<h2 class=\"elementor-heading-title elementor-size-default\">Que no se't passi la data de cap activitat!<br>Rep les novetats d'esdeveniments i activitats directament en el teu email<\/h2>\t\t\t\t<\/div>\n\t\t\t\t<\/div>\n\t\t\t\t<div class=\"elementor-element elementor-element-ba81ec4 elementor-widget elementor-widget-text-editor\" data-id=\"ba81ec4\" data-element_type=\"widget\" data-e-type=\"widget\" data-widget_type=\"text-editor.default\">\n\t\t\t\t<div class=\"elementor-widget-container\">\n\t\t\t\t\t\t\t\t\t<p>Estar\u00e0s informat\/DE de les activitats, cursos pr\u00f2xims, xerrades, confer\u00e8ncies, o tallers relacionats amb el budisme,\u00a0 la meditaci\u00f3 i el creixement personal. Sempre coses que enriqueixen la vida!<\/p>\t\t\t\t\t\t\t\t<\/div>\n\t\t\t\t<\/div>\n\t\t\t\t<div class=\"elementor-element elementor-element-7a27917 elementor-widget elementor-widget-text-editor\" data-id=\"7a27917\" data-element_type=\"widget\" data-e-type=\"widget\" data-widget_type=\"text-editor.default\">\n\t\t\t\t<div class=\"elementor-widget-container\">\n\t\t\t\t\t\t\t\t\t<ol><li><b>Emplena les dades del formulari.<\/b>\u00a0<\/li><li><strong>Recibir\u00e1s un primer correo de \u00abConfirmaci\u00f3n de suscripci\u00f3n\u00bb<\/strong> (mira en el spam o correu escombraries que aquest correu gaireb\u00e9 sempre arriba all\u00ed.)Aquest \u00e9s un pas molt important per dos motius: perqu\u00e8 \u00e9s\u00a0 obligatori per Llei de Protecci\u00f3 de Dades, per a evitar l'\u00fas fraudulent\u00a0 i no autoritzat dels correus electr\u00f2nics i perqu\u00e8 si no el confirmes manualment no podr\u00e0s rebre els butlletins : (<\/li><li><strong>Rebr\u00e0s el nostre mail de benvinguda a Sangha Activa<\/strong>, i a partir de llavors, un mail setmanal amb les novetats i activitats del mes seg\u00fcent.\u00a0<\/li><\/ol>\t\t\t\t\t\t\t\t<\/div>\n\t\t\t\t<\/div>\n\t\t\t\t\t<\/div>\n\t\t<\/div>\n\t\t\t\t\t<\/div>\n\t\t<\/section>\n\t\t\t\t<section class=\"elementor-section elementor-top-section elementor-element elementor-element-d9cd40c elementor-section-boxed elementor-section-height-default elementor-section-height-default\" data-id=\"d9cd40c\" data-element_type=\"section\" data-e-type=\"section\" data-settings=\"{&quot;background_background&quot;:&quot;classic&quot;}\">\n\t\t\t\t\t\t<div class=\"elementor-container elementor-column-gap-default\">\n\t\t\t\t\t<div class=\"elementor-column elementor-col-100 elementor-top-column elementor-element elementor-element-b5ffd80\" data-id=\"b5ffd80\" data-element_type=\"column\" data-e-type=\"column\">\n\t\t\t<div class=\"elementor-widget-wrap elementor-element-populated\">\n\t\t\t\t\t\t<div class=\"elementor-element elementor-element-00092e5 elementor-widget elementor-widget-html\" data-id=\"00092e5\" data-element_type=\"widget\" data-e-type=\"widget\" data-widget_type=\"html.default\">\n\t\t\t\t<div class=\"elementor-widget-container\">\n\t\t\t\t\t<iframe data-skip-lazy=\"\" src=\"https:\/\/sanghaactiva.ipzmarketing.com\/f\/IqAt63a2ujM\" frameborder=\"0\" scrolling=\"no\" width=\"100%\" class=\"ipz-iframe\"><\/iframe>\r\n<script data-cfasync=\"false\" type=\"text\/javascript\" src=\"https:\/\/assets.ipzmarketing.com\/assets\/signup_form\/iframe_v1.js\"><\/script>\t\t\t\t<\/div>\n\t\t\t\t<\/div>\n\t\t\t\t\t<\/div>\n\t\t<\/div>\n\t\t\t\t\t<\/div>\n\t\t<\/section>\n\t\t\t\t<\/div>","protected":false},"excerpt":{"rendered":"<p>\u00a1Que no se te pase la fecha de ninguna actividad!Recibe las novedades de eventos y actividades directamente en tu email Estar\u00e1s informad@ de las actividades, cursos pr\u00f3ximos, charlas, conferencias, o [&hellip;]<\/p>\n","protected":false},"author":1,"featured_media":23881,"parent":0,"menu_order":0,"comment_status":"closed","ping_status":"closed","template":"","meta":{"site-sidebar-layout":"no-sidebar","site-content-layout":"page-builder","ast-site-content-layout":"full-width-container","site-content-style":"default","site-sidebar-style":"default","ast-global-header-display":"","ast-banner-title-visibility":"","ast-main-header-display":"","ast-hfb-above-header-display":"","ast-hfb-below-header-display":"","ast-hfb-mobile-header-display":"","site-post-title":"disabled","ast-breadcrumbs-content":"","ast-featured-img":"disabled","footer-sml-layout":"","ast-disable-related-posts":"","theme-transparent-header-meta":"","adv-header-id-meta":"","stick-header-meta":"","header-above-stick-meta":"","header-main-stick-meta":"","header-below-stick-meta":"","astra-migrate-meta-layouts":"set","ast-page-background-enabled":"default","ast-page-background-meta":{"desktop":{"background-color":"","background-image":"","background-repeat":"repeat","background-position":"center center","background-size":"auto","background-attachment":"scroll","background-type":"","background-media":"","overlay-type":"","overlay-color":"","overlay-opacity":"","overlay-gradient":""},"tablet":{"background-color":"","background-image":"","background-repeat":"repeat","background-position":"center center","background-size":"auto","background-attachment":"scroll","background-type":"","background-media":"","overlay-type":"","overlay-color":"","overlay-opacity":"","overlay-gradient":""},"mobile":{"background-color":"","background-image":"","background-repeat":"repeat","background-position":"center center","background-size":"auto","background-attachment":"scroll","background-type":"","background-media":"","overlay-type":"","overlay-color":"","overlay-opacity":"","overlay-gradient":""}},"ast-content-background-meta":{"desktop":{"background-color":"var(--ast-global-color-5)","background-image":"","background-repeat":"repeat","background-position":"center center","background-size":"auto","background-attachment":"scroll","background-type":"","background-media":"","overlay-type":"","overlay-color":"","overlay-opacity":"","overlay-gradient":""},"tablet":{"background-color":"var(--ast-global-color-5)","background-image":"","background-repeat":"repeat","background-position":"center center","background-size":"auto","background-attachment":"scroll","background-type":"","background-media":"","overlay-type":"","overlay-color":"","overlay-opacity":"","overlay-gradient":""},"mobile":{"background-color":"var(--ast-global-color-5)","background-image":"","background-repeat":"repeat","background-position":"center center","background-size":"auto","background-attachment":"scroll","background-type":"","background-media":"","overlay-type":"","overlay-color":"","overlay-opacity":"","overlay-gradient":""}},"_EventAllDay":false,"_EventTimezone":"","_EventStartDate":"","_EventEndDate":"","_EventStartDateUTC":"","_EventEndDateUTC":"","_EventShowMap":false,"_EventShowMapLink":false,"_EventURL":"","_EventCost":"","_EventCostDescription":"","_EventCurrencySymbol":"","_EventCurrencyCode":"","_EventCurrencyPosition":"","_EventDateTimeSeparator":"","_EventTimeRangeSeparator":"","_EventOrganizerID":[],"_EventVenueID":[],"_OrganizerEmail":"","_OrganizerPhone":"","_OrganizerWebsite":"","_VenueAddress":"","_VenueCity":"","_VenueCountry":"","_VenueProvince":"","_VenueState":"","_VenueZip":"","_VenuePhone":"","_VenueURL":"","_VenueStateProvince":"","_VenueLat":"","_VenueLng":"","_VenueShowMap":false,"_VenueShowMapLink":false,"footnotes":""},"class_list":["post-21949","page","type-page","status-publish","has-post-thumbnail","hentry"],"yoast_head":"<!-- This site is optimized with the Yoast SEO plugin v27.0 - https:\/\/yoast.com\/product\/yoast-seo-wordpress\/ -->\n<title>Suscr\u00edbete al boletin mensual de Sangha Activa<\/title>\n<meta name=\"description\" content=\"Recibe las noticias, eventos y actividades pr\u00f3ximas de todos los centros de Sangha Activa directamente en tu mail\" \/>\n<meta name=\"robots\" content=\"index, follow, max-snippet:-1, max-image-preview:large, max-video-preview:-1\" \/>\n<link rel=\"canonical\" href=\"https:\/\/sanghaactiva.com\/ca\/suscripcion-boletin\/\" \/>\n<meta property=\"og:locale\" content=\"ca_ES\" \/>\n<meta property=\"og:type\" content=\"article\" \/>\n<meta property=\"og:title\" content=\"Suscr\u00edbete al boletin mensual de Sangha Activa\" \/>\n<meta property=\"og:description\" content=\"Recibe las noticias, eventos y actividades pr\u00f3ximas de todos los centros de Sangha Activa directamente en tu mail\" \/>\n<meta property=\"og:url\" content=\"https:\/\/sanghaactiva.com\/ca\/suscripcion-boletin\/\" \/>\n<meta property=\"og:site_name\" content=\"Sangha Activa\" \/>\n<meta property=\"article:publisher\" content=\"https:\/\/www.facebook.com\/sanghaactiva\" \/>\n<meta property=\"article:modified_time\" content=\"2025-09-15T11:02:30+00:00\" \/>\n<meta property=\"og:image\" content=\"https:\/\/sanghaactiva.com\/wp-content\/uploads\/2024\/04\/amigos-de-sangha-activa-imagen.jpg\" \/>\n\t<meta property=\"og:image:width\" content=\"1920\" \/>\n\t<meta property=\"og:image:height\" content=\"1080\" \/>\n\t<meta property=\"og:image:type\" content=\"image\/jpeg\" \/>\n<meta name=\"twitter:card\" content=\"summary_large_image\" \/>\n<meta name=\"twitter:label1\" content=\"Temps estimat de lectura\" \/>\n\t<meta name=\"twitter:data1\" content=\"1 minut\" \/>\n<!-- \/ Yoast SEO plugin. -->","yoast_head_json":{"title":"Suscr\u00edbete al boletin mensual de Sangha Activa","description":"Recibe las noticias, eventos y actividades pr\u00f3ximas de todos los centros de Sangha Activa directamente en tu mail","robots":{"index":"index","follow":"follow","max-snippet":"max-snippet:-1","max-image-preview":"max-image-preview:large","max-video-preview":"max-video-preview:-1"},"canonical":"https:\/\/sanghaactiva.com\/ca\/suscripcion-boletin\/","og_locale":"ca_ES","og_type":"article","og_title":"Suscr\u00edbete al boletin mensual de Sangha Activa","og_description":"Recibe las noticias, eventos y actividades pr\u00f3ximas de todos los centros de Sangha Activa directamente en tu mail","og_url":"https:\/\/sanghaactiva.com\/ca\/suscripcion-boletin\/","og_site_name":"Sangha Activa","article_publisher":"https:\/\/www.facebook.com\/sanghaactiva","article_modified_time":"2025-09-15T11:02:30+00:00","og_image":[{"width":1920,"height":1080,"url":"https:\/\/sanghaactiva.com\/wp-content\/uploads\/2024\/04\/amigos-de-sangha-activa-imagen.jpg","type":"image\/jpeg"}],"twitter_card":"summary_large_image","twitter_misc":{"Temps estimat de lectura":"1 minut"},"schema":{"@context":"https:\/\/schema.org","@graph":[{"@type":"WebPage","@id":"https:\/\/sanghaactiva.com\/suscripcion-boletin","url":"https:\/\/sanghaactiva.com\/suscripcion-boletin","name":"Suscr\u00edbete al boletin mensual de Sangha Activa","isPartOf":{"@id":"https:\/\/sanghaactiva.com\/#website"},"primaryImageOfPage":{"@id":"https:\/\/sanghaactiva.com\/suscripcion-boletin#primaryimage"},"image":{"@id":"https:\/\/sanghaactiva.com\/suscripcion-boletin#primaryimage"},"thumbnailUrl":"https:\/\/sanghaactiva.com\/wp-content\/uploads\/2024\/04\/amigos-de-sangha-activa-imagen.jpg","datePublished":"2023-11-27T12:28:29+00:00","dateModified":"2025-09-15T11:02:30+00:00","description":"Recibe las noticias, eventos y actividades pr\u00f3ximas de todos los centros de Sangha Activa directamente en tu mail","breadcrumb":{"@id":"https:\/\/sanghaactiva.com\/suscripcion-boletin#breadcrumb"},"inLanguage":"ca","potentialAction":[{"@type":"ReadAction","target":["https:\/\/sanghaactiva.com\/suscripcion-boletin"]}]},{"@type":"ImageObject","inLanguage":"ca","@id":"https:\/\/sanghaactiva.com\/suscripcion-boletin#primaryimage","url":"https:\/\/sanghaactiva.com\/wp-content\/uploads\/2024\/04\/amigos-de-sangha-activa-imagen.jpg","contentUrl":"https:\/\/sanghaactiva.com\/wp-content\/uploads\/2024\/04\/amigos-de-sangha-activa-imagen.jpg","width":1920,"height":1080,"caption":"amigos de sangha activa imagen"},{"@type":"BreadcrumbList","@id":"https:\/\/sanghaactiva.com\/suscripcion-boletin#breadcrumb","itemListElement":[{"@type":"ListItem","position":1,"name":"Portada","item":"https:\/\/sanghaactiva.com\/"},{"@type":"ListItem","position":2,"name":"Amig@s de Sangha Activa"}]},{"@type":"WebSite","@id":"https:\/\/sanghaactiva.com\/#website","url":"https:\/\/sanghaactiva.com\/","name":"Sangha Activa","description":"Comunitat budista","publisher":{"@id":"https:\/\/sanghaactiva.com\/#organization"},"potentialAction":[{"@type":"SearchAction","target":{"@type":"EntryPoint","urlTemplate":"https:\/\/sanghaactiva.com\/?s={search_term_string}"},"query-input":{"@type":"PropertyValueSpecification","valueRequired":true,"valueName":"search_term_string"}}],"inLanguage":"ca"},{"@type":"Organization","@id":"https:\/\/sanghaactiva.com\/#organization","name":"Sangha Activa","url":"https:\/\/sanghaactiva.com\/","logo":{"@type":"ImageObject","inLanguage":"ca","@id":"https:\/\/sanghaactiva.com\/#\/schema\/logo\/image\/","url":"https:\/\/sanghaactiva.com\/wp-content\/uploads\/2023\/03\/cropped-cropped-cropped-cropped-cropped-log2_SAcol-e1682594942970.png","contentUrl":"https:\/\/sanghaactiva.com\/wp-content\/uploads\/2023\/03\/cropped-cropped-cropped-cropped-cropped-log2_SAcol-e1682594942970.png","width":50,"height":65,"caption":"Sangha Activa"},"image":{"@id":"https:\/\/sanghaactiva.com\/#\/schema\/logo\/image\/"},"sameAs":["https:\/\/www.facebook.com\/sanghaactiva","https:\/\/www.youtube.com\/channel\/UCcMXKFgf-cWzUn9GLIvZPsw","https:\/\/www.instagram.com\/sanghaactiva\/"]}]}},"_links":{"self":[{"href":"https:\/\/sanghaactiva.com\/ca\/wp-json\/wp\/v2\/pages\/21949","targetHints":{"allow":["GET"]}}],"collection":[{"href":"https:\/\/sanghaactiva.com\/ca\/wp-json\/wp\/v2\/pages"}],"about":[{"href":"https:\/\/sanghaactiva.com\/ca\/wp-json\/wp\/v2\/types\/page"}],"author":[{"embeddable":true,"href":"https:\/\/sanghaactiva.com\/ca\/wp-json\/wp\/v2\/users\/1"}],"replies":[{"embeddable":true,"href":"https:\/\/sanghaactiva.com\/ca\/wp-json\/wp\/v2\/comments?post=21949"}],"version-history":[{"count":1,"href":"https:\/\/sanghaactiva.com\/ca\/wp-json\/wp\/v2\/pages\/21949\/revisions"}],"predecessor-version":[{"id":26398,"href":"https:\/\/sanghaactiva.com\/ca\/wp-json\/wp\/v2\/pages\/21949\/revisions\/26398"}],"wp:featuredmedia":[{"embeddable":true,"href":"https:\/\/sanghaactiva.com\/ca\/wp-json\/wp\/v2\/media\/23881"}],"wp:attachment":[{"href":"https:\/\/sanghaactiva.com\/ca\/wp-json\/wp\/v2\/media?parent=21949"}],"curies":[{"name":"wp","href":"https:\/\/api.w.org\/{rel}","templated":true}]}}