{"id":2369,"date":"2023-07-18T08:57:39","date_gmt":"2023-07-18T08:57:39","guid":{"rendered":"https:\/\/sanghaactiva.com\/?page_id=2369"},"modified":"2023-11-14T13:13:41","modified_gmt":"2023-11-14T13:13:41","slug":"pilar-lopez-pascual-formadora-gim","status":"publish","type":"page","link":"https:\/\/sanghaactiva.com\/ca\/meditacion\/curso-meditacion-gim\/pilar-lopez-pascual-formadora-gim","title":{"rendered":"Meditar en Sant Iscle de Vallalta con Pilar L\u00f3pez Pascual &#8211; Formadora GIM"},"content":{"rendered":"<div class=\"wp-block-columns is-layout-flex wp-container-core-columns-is-layout-28f84493 wp-block-columns-is-layout-flex\">\n<div class=\"wp-block-column has-ast-global-color-4-background-color has-background is-layout-flow wp-block-column-is-layout-flow\" style=\"padding-top:var(--wp--preset--spacing--30);padding-right:var(--wp--preset--spacing--30);padding-bottom:var(--wp--preset--spacing--30);padding-left:var(--wp--preset--spacing--30);flex-basis:33.33%\">\n<figure class=\"wp-block-image size-full\"><img fetchpriority=\"high\" decoding=\"async\" width=\"800\" height=\"600\" src=\"https:\/\/sanghaactiva.com\/wp-content\/uploads\/2023\/07\/pilar-lopez-ngagmo-imagen.jpg\" alt=\"\" class=\"wp-image-2056\" srcset=\"https:\/\/sanghaactiva.com\/wp-content\/uploads\/2023\/07\/pilar-lopez-ngagmo-imagen.jpg 800w, https:\/\/sanghaactiva.com\/wp-content\/uploads\/2023\/07\/pilar-lopez-ngagmo-imagen-600x450.jpg 600w, https:\/\/sanghaactiva.com\/wp-content\/uploads\/2023\/07\/pilar-lopez-ngagmo-imagen-300x225.jpg 300w, https:\/\/sanghaactiva.com\/wp-content\/uploads\/2023\/07\/pilar-lopez-ngagmo-imagen-768x576.jpg 768w\" sizes=\"(max-width: 800px) 100vw, 800px\" \/><\/figure>\n\n\n\n<p class=\"has-text-align-center\"><strong>Pilar L\u00f3pez Pascual<\/strong><\/p>\n\n\n\n<h4 class=\"wp-block-heading has-text-align-center has-ast-global-color-4-background-color has-background has-small-font-size\" id=\"grupos-gim-en-sangha-activa-dones-d-aigua-st-iscle-de-vallalta-maresme\">GRUPOS GIM en Sangha Activa &#8211; Dones d&#8217;aigua \/ St. Iscle de Vallalta (Maresme) <\/h4>\n\n\n\n<p class=\"has-text-align-center\">PASO 2 GIM: S\u00e1bado 11:30h. <\/p>\n\n\n\n<p class=\"has-text-align-center\">PASO 4 GIM: S\u00e1bado 10:00h<\/p>\n\n\n\n<p class=\"has-text-align-center\">PASO 6 GIM: Domingo 10:00h<\/p>\n\n\n\n<p class=\"has-text-align-center\">PASO 8 GIM: Domingo 11:30h<\/p>\n\n\n\n<p class=\"has-text-align-center\">SENIOR ONLINE: Martes 18:30<\/p>\n<\/div>\n\n\n\n<div class=\"wp-block-column is-layout-flow wp-block-column-is-layout-flow\" style=\"flex-basis:66.66%\">\n<p><strong>CURR\u00cdCULUM DE DESARROLLO PERSONAL DE PILAR L\u00d3PEZ PASCUAL<\/strong><\/p>\n\n\n\n<hr class=\"wp-block-separator has-text-color has-ast-global-color-0-color has-alpha-channel-opacity has-ast-global-color-0-background-color has-background is-style-wide\"\/>\n\n\n\n<p>De 1998 hasta 2011 vida en comunidad mon\u00e1stica budista<\/p>\n\n\n\n<p>Formaci\u00f3n recibida<\/p>\n\n\n\n<ul class=\"wp-block-list\">\n<li>1996 formaci\u00f3n en Hatha Yoga por el profesor Juan Ram\u00f3n Jim\u00e9nez.<\/li>\n\n\n\n<li>Formaci\u00f3n continuada e intensiva desde el a\u00f1o 1998 &nbsp;en Budismo Vajrayana de la Escuela Sakya, recibiendo numerosas ense\u00f1anzas e iniciaciones de S.S. Sakya Trizin cabeza espiritual y de otros maestros de la tradici\u00f3n.<\/li>\n\n\n\n<li>Este a\u00f1o realizadas las ense\u00f1anzas completas del Lam-Dre, impartidas por S.S. Sakya Trizin en Alemania.<\/li>\n\n\n\n<li>Formaci\u00f3n completa necesaria para ordenaci\u00f3n Ngagpa, basada en estudios filos\u00f3ficos, meditaci\u00f3n, rituales, karma yoga y sus retiros correspondientes.<\/li>\n\n\n\n<li>Formaci\u00f3n contin\u00faa en el grupo de estudios Ngagpa de la comunidad Sangha Activa.<\/li>\n\n\n\n<li>Y en los \u00faltimos 18 a\u00f1os formaci\u00f3n continuada al lado del Ven. Lama Ngawang Dorje Dondrub.<\/li>\n<\/ul>\n\n\n\n<p>Docencia:<\/p>\n\n\n\n<ul class=\"wp-block-list\">\n<li>Formadora en los retiros de \u201cYoga, relajaci\u00f3n y Meditaci\u00f3n\u201d que serv\u00edan como puerta de inicio a futuros practicantes de meditaci\u00f3n.<\/li>\n\n\n\n<li>Formadora en los cursos de Budismo Esencial.<\/li>\n\n\n\n<li>Formadora del Plan de formaci\u00f3n para el voluntario.<\/li>\n\n\n\n<li>Formadora en el programa de felicidad para empresas y organizaciones.<\/li>\n\n\n\n<li>Formadora del GIM (Grupos de Investigaci\u00f3n en la Meditaci\u00f3n).<\/li>\n<\/ul>\n\n\n\n<p>Otras actividades:<\/p>\n\n\n\n<ul class=\"wp-block-list\">\n<li>Acompa\u00f1amiento a enfermos, moribundos y a sus familiares.<\/li>\n\n\n\n<li>Acompa\u00f1amiento a personas en b\u00fasqueda de orientaci\u00f3n espiritual.<\/li>\n\n\n\n<li>Facilitadora en retiros.<\/li>\n<\/ul>\n<\/div>\n<\/div>","protected":false},"excerpt":{"rendered":"<p>Pilar L\u00f3pez Pascual GRUPOS GIM en Sangha Activa &#8211; Dones d&#8217;aigua \/ St. Iscle de Vallalta (Maresme) PASO 2 GIM: S\u00e1bado 11:30h. PASO 4 GIM: S\u00e1bado 10:00h PASO 6 GIM: [&hellip;]<\/p>\n","protected":false},"author":1,"featured_media":0,"parent":515,"menu_order":0,"comment_status":"closed","ping_status":"closed","template":"","meta":{"site-sidebar-layout":"default","site-content-layout":"","ast-site-content-layout":"default","site-content-style":"default","site-sidebar-style":"default","ast-global-header-display":"","ast-banner-title-visibility":"","ast-main-header-display":"","ast-hfb-above-header-display":"","ast-hfb-below-header-display":"","ast-hfb-mobile-header-display":"","site-post-title":"","ast-breadcrumbs-content":"","ast-featured-img":"","footer-sml-layout":"","ast-disable-related-posts":"","theme-transparent-header-meta":"","adv-header-id-meta":"","stick-header-meta":"","header-above-stick-meta":"","header-main-stick-meta":"","header-below-stick-meta":"","astra-migrate-meta-layouts":"set","ast-page-background-enabled":"default","ast-page-background-meta":{"desktop":{"background-color":"","background-image":"","background-repeat":"repeat","background-position":"center center","background-size":"auto","background-attachment":"scroll","background-type":"","background-media":"","overlay-type":"","overlay-color":"","overlay-opacity":"","overlay-gradient":""},"tablet":{"background-color":"","background-image":"","background-repeat":"repeat","background-position":"center center","background-size":"auto","background-attachment":"scroll","background-type":"","background-media":"","overlay-type":"","overlay-color":"","overlay-opacity":"","overlay-gradient":""},"mobile":{"background-color":"","background-image":"","background-repeat":"repeat","background-position":"center center","background-size":"auto","background-attachment":"scroll","background-type":"","background-media":"","overlay-type":"","overlay-color":"","overlay-opacity":"","overlay-gradient":""}},"ast-content-background-meta":{"desktop":{"background-color":"var(--ast-global-color-5)","background-image":"","background-repeat":"repeat","background-position":"center center","background-size":"auto","background-attachment":"scroll","background-type":"","background-media":"","overlay-type":"","overlay-color":"","overlay-opacity":"","overlay-gradient":""},"tablet":{"background-color":"var(--ast-global-color-5)","background-image":"","background-repeat":"repeat","background-position":"center center","background-size":"auto","background-attachment":"scroll","background-type":"","background-media":"","overlay-type":"","overlay-color":"","overlay-opacity":"","overlay-gradient":""},"mobile":{"background-color":"var(--ast-global-color-5)","background-image":"","background-repeat":"repeat","background-position":"center center","background-size":"auto","background-attachment":"scroll","background-type":"","background-media":"","overlay-type":"","overlay-color":"","overlay-opacity":"","overlay-gradient":""}},"_EventAllDay":false,"_EventTimezone":"","_EventStartDate":"","_EventEndDate":"","_EventStartDateUTC":"","_EventEndDateUTC":"","_EventShowMap":false,"_EventShowMapLink":false,"_EventURL":"","_EventCost":"","_EventCostDescription":"","_EventCurrencySymbol":"","_EventCurrencyCode":"","_EventCurrencyPosition":"","_EventDateTimeSeparator":"","_EventTimeRangeSeparator":"","_EventOrganizerID":[],"_EventVenueID":[],"_OrganizerEmail":"","_OrganizerPhone":"","_OrganizerWebsite":"","_VenueAddress":"","_VenueCity":"","_VenueCountry":"","_VenueProvince":"","_VenueState":"","_VenueZip":"","_VenuePhone":"","_VenueURL":"","_VenueStateProvince":"","_VenueLat":"","_VenueLng":"","_VenueShowMap":false,"_VenueShowMapLink":false,"footnotes":""},"class_list":["post-2369","page","type-page","status-publish","hentry"],"yoast_head":"<!-- This site is optimized with the Yoast SEO plugin v27.0 - https:\/\/yoast.com\/product\/yoast-seo-wordpress\/ -->\n<title>Meditar en Maresme con Pilar L\u00f3pez Pascual - Formadora GIM<\/title>\n<meta name=\"description\" content=\"Conoce a Pilar L\u00f3pez Pascual formadorada de meditaci\u00f3n del programa GIM de Sangha Activa en St. Iscle de Vallalta (Maresme)\" \/>\n<meta name=\"robots\" content=\"index, follow, max-snippet:-1, max-image-preview:large, max-video-preview:-1\" \/>\n<link rel=\"canonical\" href=\"https:\/\/sanghaactiva.com\/ca\/meditacion\/curso-meditacion-gim\/pilar-lopez-pascual-formadora-gim\/\" \/>\n<meta property=\"og:locale\" content=\"ca_ES\" \/>\n<meta property=\"og:type\" content=\"article\" \/>\n<meta property=\"og:title\" content=\"Meditar en Maresme con Pilar L\u00f3pez Pascual - Formadora GIM\" \/>\n<meta property=\"og:description\" content=\"Conoce a Pilar L\u00f3pez Pascual formadorada de meditaci\u00f3n del programa GIM de Sangha Activa en St. Iscle de Vallalta (Maresme)\" \/>\n<meta property=\"og:url\" content=\"https:\/\/sanghaactiva.com\/ca\/meditacion\/curso-meditacion-gim\/pilar-lopez-pascual-formadora-gim\/\" \/>\n<meta property=\"og:site_name\" content=\"Sangha Activa\" \/>\n<meta property=\"article:publisher\" content=\"https:\/\/www.facebook.com\/sanghaactiva\" \/>\n<meta property=\"article:modified_time\" content=\"2023-11-14T13:13:41+00:00\" \/>\n<meta property=\"og:image\" content=\"https:\/\/sanghaactiva.com\/wp-content\/uploads\/2023\/07\/pilar-lopez-ngagmo-imagen.jpg\" \/>\n<meta name=\"twitter:card\" content=\"summary_large_image\" \/>\n<meta name=\"twitter:label1\" content=\"Temps estimat de lectura\" \/>\n\t<meta name=\"twitter:data1\" content=\"2 minuts\" \/>\n<!-- \/ Yoast SEO plugin. -->","yoast_head_json":{"title":"Meditar en Maresme con Pilar L\u00f3pez Pascual - Formadora GIM","description":"Conoce a Pilar L\u00f3pez Pascual formadorada de meditaci\u00f3n del programa GIM de Sangha Activa en St. Iscle de Vallalta (Maresme)","robots":{"index":"index","follow":"follow","max-snippet":"max-snippet:-1","max-image-preview":"max-image-preview:large","max-video-preview":"max-video-preview:-1"},"canonical":"https:\/\/sanghaactiva.com\/ca\/meditacion\/curso-meditacion-gim\/pilar-lopez-pascual-formadora-gim\/","og_locale":"ca_ES","og_type":"article","og_title":"Meditar en Maresme con Pilar L\u00f3pez Pascual - Formadora GIM","og_description":"Conoce a Pilar L\u00f3pez Pascual formadorada de meditaci\u00f3n del programa GIM de Sangha Activa en St. Iscle de Vallalta (Maresme)","og_url":"https:\/\/sanghaactiva.com\/ca\/meditacion\/curso-meditacion-gim\/pilar-lopez-pascual-formadora-gim\/","og_site_name":"Sangha Activa","article_publisher":"https:\/\/www.facebook.com\/sanghaactiva","article_modified_time":"2023-11-14T13:13:41+00:00","og_image":[{"url":"https:\/\/sanghaactiva.com\/wp-content\/uploads\/2023\/07\/pilar-lopez-ngagmo-imagen.jpg","type":"","width":"","height":""}],"twitter_card":"summary_large_image","twitter_misc":{"Temps estimat de lectura":"2 minuts"},"schema":{"@context":"https:\/\/schema.org","@graph":[{"@type":"WebPage","@id":"https:\/\/sanghaactiva.com\/meditacion\/curso-meditacion-gim\/pilar-lopez-pascual-formadora-gim","url":"https:\/\/sanghaactiva.com\/meditacion\/curso-meditacion-gim\/pilar-lopez-pascual-formadora-gim","name":"Meditar en Maresme con Pilar L\u00f3pez Pascual - Formadora GIM","isPartOf":{"@id":"https:\/\/sanghaactiva.com\/#website"},"primaryImageOfPage":{"@id":"https:\/\/sanghaactiva.com\/meditacion\/curso-meditacion-gim\/pilar-lopez-pascual-formadora-gim#primaryimage"},"image":{"@id":"https:\/\/sanghaactiva.com\/meditacion\/curso-meditacion-gim\/pilar-lopez-pascual-formadora-gim#primaryimage"},"thumbnailUrl":"https:\/\/sanghaactiva.com\/wp-content\/uploads\/2023\/07\/pilar-lopez-ngagmo-imagen.jpg","datePublished":"2023-07-18T08:57:39+00:00","dateModified":"2023-11-14T13:13:41+00:00","description":"Conoce a Pilar L\u00f3pez Pascual formadorada de meditaci\u00f3n del programa GIM de Sangha Activa en St. Iscle de Vallalta (Maresme)","breadcrumb":{"@id":"https:\/\/sanghaactiva.com\/meditacion\/curso-meditacion-gim\/pilar-lopez-pascual-formadora-gim#breadcrumb"},"inLanguage":"ca","potentialAction":[{"@type":"ReadAction","target":["https:\/\/sanghaactiva.com\/meditacion\/curso-meditacion-gim\/pilar-lopez-pascual-formadora-gim"]}]},{"@type":"ImageObject","inLanguage":"ca","@id":"https:\/\/sanghaactiva.com\/meditacion\/curso-meditacion-gim\/pilar-lopez-pascual-formadora-gim#primaryimage","url":"https:\/\/sanghaactiva.com\/wp-content\/uploads\/2023\/07\/pilar-lopez-ngagmo-imagen.jpg","contentUrl":"https:\/\/sanghaactiva.com\/wp-content\/uploads\/2023\/07\/pilar-lopez-ngagmo-imagen.jpg"},{"@type":"BreadcrumbList","@id":"https:\/\/sanghaactiva.com\/meditacion\/curso-meditacion-gim\/pilar-lopez-pascual-formadora-gim#breadcrumb","itemListElement":[{"@type":"ListItem","position":1,"name":"Portada","item":"https:\/\/sanghaactiva.com\/"},{"@type":"ListItem","position":2,"name":"Formaci\u00f3n en meditaci\u00f3n","item":"https:\/\/sanghaactiva.com\/meditacion"},{"@type":"ListItem","position":3,"name":"Meditacion GIM","item":"https:\/\/sanghaactiva.com\/meditacion\/curso-meditacion-gim"},{"@type":"ListItem","position":4,"name":"Meditar en Sant Iscle de Vallalta con Pilar L\u00f3pez Pascual &#8211; Formadora GIM"}]},{"@type":"WebSite","@id":"https:\/\/sanghaactiva.com\/#website","url":"https:\/\/sanghaactiva.com\/","name":"Sangha Activa","description":"Comunitat budista","publisher":{"@id":"https:\/\/sanghaactiva.com\/#organization"},"potentialAction":[{"@type":"SearchAction","target":{"@type":"EntryPoint","urlTemplate":"https:\/\/sanghaactiva.com\/?s={search_term_string}"},"query-input":{"@type":"PropertyValueSpecification","valueRequired":true,"valueName":"search_term_string"}}],"inLanguage":"ca"},{"@type":"Organization","@id":"https:\/\/sanghaactiva.com\/#organization","name":"Sangha Activa","url":"https:\/\/sanghaactiva.com\/","logo":{"@type":"ImageObject","inLanguage":"ca","@id":"https:\/\/sanghaactiva.com\/#\/schema\/logo\/image\/","url":"https:\/\/sanghaactiva.com\/wp-content\/uploads\/2023\/03\/cropped-cropped-cropped-cropped-cropped-log2_SAcol-e1682594942970.png","contentUrl":"https:\/\/sanghaactiva.com\/wp-content\/uploads\/2023\/03\/cropped-cropped-cropped-cropped-cropped-log2_SAcol-e1682594942970.png","width":50,"height":65,"caption":"Sangha Activa"},"image":{"@id":"https:\/\/sanghaactiva.com\/#\/schema\/logo\/image\/"},"sameAs":["https:\/\/www.facebook.com\/sanghaactiva","https:\/\/www.youtube.com\/channel\/UCcMXKFgf-cWzUn9GLIvZPsw","https:\/\/www.instagram.com\/sanghaactiva\/"]}]}},"_links":{"self":[{"href":"https:\/\/sanghaactiva.com\/ca\/wp-json\/wp\/v2\/pages\/2369","targetHints":{"allow":["GET"]}}],"collection":[{"href":"https:\/\/sanghaactiva.com\/ca\/wp-json\/wp\/v2\/pages"}],"about":[{"href":"https:\/\/sanghaactiva.com\/ca\/wp-json\/wp\/v2\/types\/page"}],"author":[{"embeddable":true,"href":"https:\/\/sanghaactiva.com\/ca\/wp-json\/wp\/v2\/users\/1"}],"replies":[{"embeddable":true,"href":"https:\/\/sanghaactiva.com\/ca\/wp-json\/wp\/v2\/comments?post=2369"}],"version-history":[{"count":0,"href":"https:\/\/sanghaactiva.com\/ca\/wp-json\/wp\/v2\/pages\/2369\/revisions"}],"up":[{"embeddable":true,"href":"https:\/\/sanghaactiva.com\/ca\/wp-json\/wp\/v2\/pages\/515"}],"wp:attachment":[{"href":"https:\/\/sanghaactiva.com\/ca\/wp-json\/wp\/v2\/media?parent=2369"}],"curies":[{"name":"wp","href":"https:\/\/api.w.org\/{rel}","templated":true}]}}