{"id":2398,"date":"2023-07-18T09:39:00","date_gmt":"2023-07-18T09:39:00","guid":{"rendered":"https:\/\/sanghaactiva.com\/?page_id=2398"},"modified":"2025-10-08T16:03:51","modified_gmt":"2025-10-08T14:03:51","slug":"arantxa-santesteban-formadora-gim","status":"publish","type":"page","link":"https:\/\/sanghaactiva.com\/ca\/meditacion\/curso-meditacion-gim\/arantxa-santesteban-formadora-gim","title":{"rendered":"Meditar en Molins de Rei con Arantxa Santesteban &#8211; Formadora GIM"},"content":{"rendered":"<div class=\"wp-block-columns is-layout-flex wp-container-core-columns-is-layout-28f84493 wp-block-columns-is-layout-flex\">\n<div class=\"wp-block-column has-ast-global-color-4-background-color has-background is-layout-flow wp-block-column-is-layout-flow\" style=\"padding-top:var(--wp--preset--spacing--30);padding-right:var(--wp--preset--spacing--30);padding-bottom:var(--wp--preset--spacing--30);padding-left:var(--wp--preset--spacing--30);flex-basis:33.33%\">\n<figure class=\"wp-block-image aligncenter size-full is-resized\"><img fetchpriority=\"high\" decoding=\"async\" width=\"500\" height=\"500\" src=\"https:\/\/sanghaactiva.com\/wp-content\/uploads\/2025\/10\/Arantxa-Santesteban-formadora-gim-imagen.jpg\" alt=\"arantxa santesteban gim\" class=\"wp-image-26793\" style=\"width:272px;height:auto\" srcset=\"https:\/\/sanghaactiva.com\/wp-content\/uploads\/2025\/10\/Arantxa-Santesteban-formadora-gim-imagen.jpg 500w, https:\/\/sanghaactiva.com\/wp-content\/uploads\/2025\/10\/Arantxa-Santesteban-formadora-gim-imagen-300x300.jpg 300w, https:\/\/sanghaactiva.com\/wp-content\/uploads\/2025\/10\/Arantxa-Santesteban-formadora-gim-imagen-150x150.jpg 150w, https:\/\/sanghaactiva.com\/wp-content\/uploads\/2025\/10\/Arantxa-Santesteban-formadora-gim-imagen-12x12.jpg 12w\" sizes=\"(max-width: 500px) 100vw, 500px\" \/><\/figure>\n\n\n\n<p class=\"has-text-align-center\"><strong>Arantxa Santesteban<\/strong><\/p>\n\n\n\n<p class=\"has-text-align-center\"><strong>arantxa.santesteban@sanghaactiva.org<\/strong><\/p>\n<\/div>\n\n\n\n<div class=\"wp-block-column is-layout-flow wp-block-column-is-layout-flow\" style=\"flex-basis:66.66%\">\n<p><strong>CURR\u00cdCULUM DE DESARROLLO PERSONAL DE ARANTXA SANTESTEBAN<\/strong><\/p>\n\n\n\n<hr class=\"wp-block-separator has-text-color has-ast-global-color-0-color has-alpha-channel-opacity has-ast-global-color-0-background-color has-background is-style-wide\"\/>\n\n\n\n<p>Mi desarrollo profesional y la b\u00fasqueda interna me traen desde A Coru\u00f1a a Barcelona en 2006.<\/p>\n\n\n\n<p>Aqu\u00ed conozco la meditaci\u00f3n y el Budismo de la mano de mi actual Maestro Ven. <a href=\"https:\/\/sanghaactiva.com\/ca\/sobre-sangha-activa\/lama-dondrub\/\">Lama Ngawang Dorje Dondrub,<\/a> con lo que experimento una transformaci\u00f3n personal gradual. Mi trabajo profesional con el cuerpo, mi trabajo personal con la mente y mi motivaci\u00f3n por aliviar el dolor y el sufrimiento me llevan a crear el Centro&nbsp;<a href=\"https:\/\/www.incorpore-sano.com\/\">Incorpore Sano<\/a>&nbsp;que dirijo desde el 2012, con el objetivo de ayudar a las personas a encontrar un equilibrio de cuerpo-mente.<\/p>\n\n\n\n<p>Desde entonces soy socia y voluntaria en Sangha Activa y practicante Vajrayana. Estudio y practico meditaci\u00f3n y filosof\u00eda budista y sigo el camino del Dharma con el prop\u00f3sito de encontrar la felicidad genuina y poder ayudar en mis entornos.<\/p>\n\n\n\n<p>Actualmente soy ngagmo ordenada de la comunidad. <\/p>\n\n\n\n<p>Actualmente cursando:<\/p>\n\n\n\n<ul class=\"wp-block-list\">\n<li>E.M.I: Entrenamiento Mental Integral en el Instituto Paramita impartido por Lama Rinchen Gyaltsen.<\/li>\n\n\n\n<li>The Complet Path. A system training from Sutra to Tantra (2017-2023) en International Buddhist Academy (Katmand\u00fa) impartido por S.S. Ratna Vajra Rinpoche, el 42 Sakya Trizin<\/li>\n<\/ul>\n<\/div>\n<\/div>","protected":false},"excerpt":{"rendered":"<p>Arantxa Santesteban arantxa.santesteban@sanghaactiva.org CURR\u00cdCULUM DE DESARROLLO PERSONAL DE ARANTXA SANTESTEBAN Mi desarrollo profesional y la b\u00fasqueda interna me traen desde A Coru\u00f1a a Barcelona en 2006. Aqu\u00ed conozco la meditaci\u00f3n [&hellip;]<\/p>\n","protected":false},"author":1,"featured_media":0,"parent":515,"menu_order":0,"comment_status":"closed","ping_status":"closed","template":"","meta":{"site-sidebar-layout":"default","site-content-layout":"","ast-site-content-layout":"default","site-content-style":"default","site-sidebar-style":"default","ast-global-header-display":"","ast-banner-title-visibility":"","ast-main-header-display":"","ast-hfb-above-header-display":"","ast-hfb-below-header-display":"","ast-hfb-mobile-header-display":"","site-post-title":"","ast-breadcrumbs-content":"","ast-featured-img":"","footer-sml-layout":"","ast-disable-related-posts":"","theme-transparent-header-meta":"","adv-header-id-meta":"","stick-header-meta":"","header-above-stick-meta":"","header-main-stick-meta":"","header-below-stick-meta":"","astra-migrate-meta-layouts":"set","ast-page-background-enabled":"default","ast-page-background-meta":{"desktop":{"background-color":"","background-image":"","background-repeat":"repeat","background-position":"center center","background-size":"auto","background-attachment":"scroll","background-type":"","background-media":"","overlay-type":"","overlay-color":"","overlay-opacity":"","overlay-gradient":""},"tablet":{"background-color":"","background-image":"","background-repeat":"repeat","background-position":"center center","background-size":"auto","background-attachment":"scroll","background-type":"","background-media":"","overlay-type":"","overlay-color":"","overlay-opacity":"","overlay-gradient":""},"mobile":{"background-color":"","background-image":"","background-repeat":"repeat","background-position":"center center","background-size":"auto","background-attachment":"scroll","background-type":"","background-media":"","overlay-type":"","overlay-color":"","overlay-opacity":"","overlay-gradient":""}},"ast-content-background-meta":{"desktop":{"background-color":"var(--ast-global-color-5)","background-image":"","background-repeat":"repeat","background-position":"center center","background-size":"auto","background-attachment":"scroll","background-type":"","background-media":"","overlay-type":"","overlay-color":"","overlay-opacity":"","overlay-gradient":""},"tablet":{"background-color":"var(--ast-global-color-5)","background-image":"","background-repeat":"repeat","background-position":"center center","background-size":"auto","background-attachment":"scroll","background-type":"","background-media":"","overlay-type":"","overlay-color":"","overlay-opacity":"","overlay-gradient":""},"mobile":{"background-color":"var(--ast-global-color-5)","background-image":"","background-repeat":"repeat","background-position":"center center","background-size":"auto","background-attachment":"scroll","background-type":"","background-media":"","overlay-type":"","overlay-color":"","overlay-opacity":"","overlay-gradient":""}},"_EventAllDay":false,"_EventTimezone":"","_EventStartDate":"","_EventEndDate":"","_EventStartDateUTC":"","_EventEndDateUTC":"","_EventShowMap":false,"_EventShowMapLink":false,"_EventURL":"","_EventCost":"","_EventCostDescription":"","_EventCurrencySymbol":"","_EventCurrencyCode":"","_EventCurrencyPosition":"","_EventDateTimeSeparator":"","_EventTimeRangeSeparator":"","_EventOrganizerID":[],"_EventVenueID":[],"_OrganizerEmail":"","_OrganizerPhone":"","_OrganizerWebsite":"","_VenueAddress":"","_VenueCity":"","_VenueCountry":"","_VenueProvince":"","_VenueState":"","_VenueZip":"","_VenuePhone":"","_VenueURL":"","_VenueStateProvince":"","_VenueLat":"","_VenueLng":"","_VenueShowMap":false,"_VenueShowMapLink":false,"footnotes":""},"class_list":["post-2398","page","type-page","status-publish","hentry"],"yoast_head":"<!-- This site is optimized with the Yoast SEO plugin v27.0 - https:\/\/yoast.com\/product\/yoast-seo-wordpress\/ -->\n<title>Meditar en Molins de Rei con Arantxa Santesteban -Formadora GIM<\/title>\n<meta name=\"description\" content=\"Conoce a Arantxa Santesteban formadorada de meditaci\u00f3n del programa GIM de Sangha Activa en Molins de Rei. Grupos y horarios en Molins de Rei\" \/>\n<meta name=\"robots\" content=\"index, follow, max-snippet:-1, max-image-preview:large, max-video-preview:-1\" \/>\n<link rel=\"canonical\" href=\"https:\/\/sanghaactiva.com\/ca\/meditacion\/curso-meditacion-gim\/arantxa-santesteban-formadora-gim\/\" \/>\n<meta property=\"og:locale\" content=\"ca_ES\" \/>\n<meta property=\"og:type\" content=\"article\" \/>\n<meta property=\"og:title\" content=\"Meditar en Molins de Rei con Arantxa Santesteban -Formadora GIM\" \/>\n<meta property=\"og:description\" content=\"Conoce a Arantxa Santesteban formadorada de meditaci\u00f3n del programa GIM de Sangha Activa en Molins de Rei. Grupos y horarios en Molins de Rei\" \/>\n<meta property=\"og:url\" content=\"https:\/\/sanghaactiva.com\/ca\/meditacion\/curso-meditacion-gim\/arantxa-santesteban-formadora-gim\/\" \/>\n<meta property=\"og:site_name\" content=\"Sangha Activa\" \/>\n<meta property=\"article:publisher\" content=\"https:\/\/www.facebook.com\/sanghaactiva\" \/>\n<meta property=\"article:modified_time\" content=\"2025-10-08T14:03:51+00:00\" \/>\n<meta property=\"og:image\" content=\"https:\/\/sanghaactiva.com\/wp-content\/uploads\/2025\/10\/Arantxa-Santesteban-formadora-gim-imagen.jpg\" \/>\n\t<meta property=\"og:image:width\" content=\"500\" \/>\n\t<meta property=\"og:image:height\" content=\"500\" \/>\n\t<meta property=\"og:image:type\" content=\"image\/jpeg\" \/>\n<meta name=\"twitter:card\" content=\"summary_large_image\" \/>\n<meta name=\"twitter:label1\" content=\"Temps estimat de lectura\" \/>\n\t<meta name=\"twitter:data1\" content=\"2 minuts\" \/>\n<!-- \/ Yoast SEO plugin. -->","yoast_head_json":{"title":"Meditar en Molins de Rei con Arantxa Santesteban -Formadora GIM","description":"Conoce a Arantxa Santesteban formadorada de meditaci\u00f3n del programa GIM de Sangha Activa en Molins de Rei. Grupos y horarios en Molins de Rei","robots":{"index":"index","follow":"follow","max-snippet":"max-snippet:-1","max-image-preview":"max-image-preview:large","max-video-preview":"max-video-preview:-1"},"canonical":"https:\/\/sanghaactiva.com\/ca\/meditacion\/curso-meditacion-gim\/arantxa-santesteban-formadora-gim\/","og_locale":"ca_ES","og_type":"article","og_title":"Meditar en Molins de Rei con Arantxa Santesteban -Formadora GIM","og_description":"Conoce a Arantxa Santesteban formadorada de meditaci\u00f3n del programa GIM de Sangha Activa en Molins de Rei. Grupos y horarios en Molins de Rei","og_url":"https:\/\/sanghaactiva.com\/ca\/meditacion\/curso-meditacion-gim\/arantxa-santesteban-formadora-gim\/","og_site_name":"Sangha Activa","article_publisher":"https:\/\/www.facebook.com\/sanghaactiva","article_modified_time":"2025-10-08T14:03:51+00:00","og_image":[{"width":500,"height":500,"url":"https:\/\/sanghaactiva.com\/wp-content\/uploads\/2025\/10\/Arantxa-Santesteban-formadora-gim-imagen.jpg","type":"image\/jpeg"}],"twitter_card":"summary_large_image","twitter_misc":{"Temps estimat de lectura":"2 minuts"},"schema":{"@context":"https:\/\/schema.org","@graph":[{"@type":"WebPage","@id":"https:\/\/sanghaactiva.com\/meditacion\/curso-meditacion-gim\/arantxa-santesteban-formadora-gim","url":"https:\/\/sanghaactiva.com\/meditacion\/curso-meditacion-gim\/arantxa-santesteban-formadora-gim","name":"Meditar en Molins de Rei con Arantxa Santesteban -Formadora GIM","isPartOf":{"@id":"https:\/\/sanghaactiva.com\/#website"},"primaryImageOfPage":{"@id":"https:\/\/sanghaactiva.com\/meditacion\/curso-meditacion-gim\/arantxa-santesteban-formadora-gim#primaryimage"},"image":{"@id":"https:\/\/sanghaactiva.com\/meditacion\/curso-meditacion-gim\/arantxa-santesteban-formadora-gim#primaryimage"},"thumbnailUrl":"https:\/\/sanghaactiva.com\/wp-content\/uploads\/2025\/10\/Arantxa-Santesteban-formadora-gim-imagen.jpg","datePublished":"2023-07-18T09:39:00+00:00","dateModified":"2025-10-08T14:03:51+00:00","description":"Conoce a Arantxa Santesteban formadorada de meditaci\u00f3n del programa GIM de Sangha Activa en Molins de Rei. Grupos y horarios en Molins de Rei","breadcrumb":{"@id":"https:\/\/sanghaactiva.com\/meditacion\/curso-meditacion-gim\/arantxa-santesteban-formadora-gim#breadcrumb"},"inLanguage":"ca","potentialAction":[{"@type":"ReadAction","target":["https:\/\/sanghaactiva.com\/meditacion\/curso-meditacion-gim\/arantxa-santesteban-formadora-gim"]}]},{"@type":"ImageObject","inLanguage":"ca","@id":"https:\/\/sanghaactiva.com\/meditacion\/curso-meditacion-gim\/arantxa-santesteban-formadora-gim#primaryimage","url":"https:\/\/sanghaactiva.com\/wp-content\/uploads\/2025\/10\/Arantxa-Santesteban-formadora-gim-imagen.jpg","contentUrl":"https:\/\/sanghaactiva.com\/wp-content\/uploads\/2025\/10\/Arantxa-Santesteban-formadora-gim-imagen.jpg"},{"@type":"BreadcrumbList","@id":"https:\/\/sanghaactiva.com\/meditacion\/curso-meditacion-gim\/arantxa-santesteban-formadora-gim#breadcrumb","itemListElement":[{"@type":"ListItem","position":1,"name":"Portada","item":"https:\/\/sanghaactiva.com\/"},{"@type":"ListItem","position":2,"name":"Formaci\u00f3n en meditaci\u00f3n","item":"https:\/\/sanghaactiva.com\/meditacion"},{"@type":"ListItem","position":3,"name":"Meditacion GIM","item":"https:\/\/sanghaactiva.com\/meditacion\/curso-meditacion-gim"},{"@type":"ListItem","position":4,"name":"Meditar en Molins de Rei con Arantxa Santesteban &#8211; Formadora GIM"}]},{"@type":"WebSite","@id":"https:\/\/sanghaactiva.com\/#website","url":"https:\/\/sanghaactiva.com\/","name":"Sangha Activa","description":"Comunitat budista","publisher":{"@id":"https:\/\/sanghaactiva.com\/#organization"},"potentialAction":[{"@type":"SearchAction","target":{"@type":"EntryPoint","urlTemplate":"https:\/\/sanghaactiva.com\/?s={search_term_string}"},"query-input":{"@type":"PropertyValueSpecification","valueRequired":true,"valueName":"search_term_string"}}],"inLanguage":"ca"},{"@type":"Organization","@id":"https:\/\/sanghaactiva.com\/#organization","name":"Sangha Activa","url":"https:\/\/sanghaactiva.com\/","logo":{"@type":"ImageObject","inLanguage":"ca","@id":"https:\/\/sanghaactiva.com\/#\/schema\/logo\/image\/","url":"https:\/\/sanghaactiva.com\/wp-content\/uploads\/2023\/03\/cropped-cropped-cropped-cropped-cropped-log2_SAcol-e1682594942970.png","contentUrl":"https:\/\/sanghaactiva.com\/wp-content\/uploads\/2023\/03\/cropped-cropped-cropped-cropped-cropped-log2_SAcol-e1682594942970.png","width":50,"height":65,"caption":"Sangha Activa"},"image":{"@id":"https:\/\/sanghaactiva.com\/#\/schema\/logo\/image\/"},"sameAs":["https:\/\/www.facebook.com\/sanghaactiva","https:\/\/www.youtube.com\/channel\/UCcMXKFgf-cWzUn9GLIvZPsw","https:\/\/www.instagram.com\/sanghaactiva\/"]}]}},"_links":{"self":[{"href":"https:\/\/sanghaactiva.com\/ca\/wp-json\/wp\/v2\/pages\/2398","targetHints":{"allow":["GET"]}}],"collection":[{"href":"https:\/\/sanghaactiva.com\/ca\/wp-json\/wp\/v2\/pages"}],"about":[{"href":"https:\/\/sanghaactiva.com\/ca\/wp-json\/wp\/v2\/types\/page"}],"author":[{"embeddable":true,"href":"https:\/\/sanghaactiva.com\/ca\/wp-json\/wp\/v2\/users\/1"}],"replies":[{"embeddable":true,"href":"https:\/\/sanghaactiva.com\/ca\/wp-json\/wp\/v2\/comments?post=2398"}],"version-history":[{"count":3,"href":"https:\/\/sanghaactiva.com\/ca\/wp-json\/wp\/v2\/pages\/2398\/revisions"}],"predecessor-version":[{"id":26796,"href":"https:\/\/sanghaactiva.com\/ca\/wp-json\/wp\/v2\/pages\/2398\/revisions\/26796"}],"up":[{"embeddable":true,"href":"https:\/\/sanghaactiva.com\/ca\/wp-json\/wp\/v2\/pages\/515"}],"wp:attachment":[{"href":"https:\/\/sanghaactiva.com\/ca\/wp-json\/wp\/v2\/media?parent=2398"}],"curies":[{"name":"wp","href":"https:\/\/api.w.org\/{rel}","templated":true}]}}