{"id":2434,"date":"2023-07-18T10:19:48","date_gmt":"2023-07-18T10:19:48","guid":{"rendered":"https:\/\/sanghaactiva.com\/?page_id=2434"},"modified":"2023-11-14T13:17:50","modified_gmt":"2023-11-14T13:17:50","slug":"yolanda-maymo-formadora-gim-vilassar-de-mar","status":"publish","type":"page","link":"https:\/\/sanghaactiva.com\/ca\/meditacion\/curso-meditacion-gim\/yolanda-maymo-formadora-gim-vilassar-de-mar","title":{"rendered":"Meditar en Vilassar de Mar con Yolanda Maym\u00f3 &#8211; Formadora GIM"},"content":{"rendered":"<div class=\"wp-block-columns is-layout-flex wp-container-core-columns-is-layout-28f84493 wp-block-columns-is-layout-flex\">\n<div class=\"wp-block-column has-ast-global-color-4-background-color has-background is-layout-flow wp-block-column-is-layout-flow\" style=\"padding-top:var(--wp--preset--spacing--30);padding-right:var(--wp--preset--spacing--30);padding-bottom:var(--wp--preset--spacing--30);padding-left:var(--wp--preset--spacing--30);flex-basis:33.33%\">\n<figure class=\"wp-block-image aligncenter size-full\"><img decoding=\"async\" data-src=\"https:\/\/sanghaactiva.com\/wp-content\/uploads\/2023\/07\/yolanda-maymo-formadora-gim.jpg\" alt=\"\" class=\"wp-image-2216 lazyload\" src=\"data:image\/svg+xml;base64,PHN2ZyB3aWR0aD0iMSIgaGVpZ2h0PSIxIiB4bWxucz0iaHR0cDovL3d3dy53My5vcmcvMjAwMC9zdmciPjwvc3ZnPg==\" \/><\/figure>\n\n\n\n<p class=\"has-text-align-center\"><strong>Yolanda Maym\u00f3 L\u00f3pez<\/strong><\/p>\n\n\n\n<p class=\"has-text-align-center\"><strong>yolanda.maymo@sanghaactiva.org<\/strong><\/p>\n\n\n\n<h4 class=\"wp-block-heading has-text-align-center has-ast-global-color-4-background-color has-background has-small-font-size\" id=\"grupos-gim-en-sangha-activa-vilassar-de-mar-c-sant-genis-2\">GRUPOS GIM en Sangha Activa &#8211; Vilassar de Mar, C\/Sant Gen\u00eds 2<\/h4>\n\n\n\n<p class=\"has-text-align-center\">PAS 1 GIM: Per obrir<\/p>\n\n\n\n<p class=\"has-text-align-center\">PASO 4 GIM: Martes 20:15h<\/p>\n\n\n\n<p class=\"has-text-align-center\">PASO 9 GIM: Viernes 19:00h<\/p>\n<\/div>\n\n\n\n<div class=\"wp-block-column is-layout-flow wp-block-column-is-layout-flow\" style=\"flex-basis:66.66%\">\n<p><strong>CURR\u00cdCULUM DE DESARROLLO PERSONAL DE<\/strong> <strong>YOLANDA MAYM\u00d3<\/strong><\/p>\n\n\n\n<hr class=\"wp-block-separator has-text-color has-ast-global-color-0-color has-alpha-channel-opacity has-ast-global-color-0-background-color has-background is-style-wide\"\/>\n\n\n\n<p>Implicada desde muy temprano en diferentes t\u00e9cnicas de desarrollo personal y con la motivaci\u00f3n de buscar la verdadera Felicidad personal y para los dem\u00e1s empec\u00e9, en 2006, mi formaci\u00f3n en el \u00e1mbito budista a trav\u00e9s del programa de Meditaci\u00f3n y Filosof\u00eda budista en la fundaci\u00f3n Sakya Tashi Ling.<\/p>\n\n\n\n<p>Desde entonces, y gracias a Sangha Activa, he tenido la oportunidad de ampliar mi formaci\u00f3n mediante diferentes retiros de pr\u00e1cticas y cursos como:<br>&#8211;<a href=\"https:\/\/sanghaactiva.com\/ca\/formacion-meditacion\/meditacion-gim\/\">Programa de meditaci\u00f3n GIM.<\/a><br>&#8211;<a href=\"https:\/\/sanghaactiva.com\/ca\/formacion-en-filosofia-budista\/curso-aprendiendo-de-la-muerte\/\">Curso Proceso Vida y muerte<\/a>.<br>&#8211;<a href=\"https:\/\/sanghaactiva.com\/ca\/formacion-en-filosofia-budista\/\">Filosof\u00eda Budista<\/a>.<br>-Formaci\u00f3n de Formadores GIM.<\/p>\n\n\n\n<p>En la actualidad colaboro como voluntaria en el \u00e1mbito de administraci\u00f3n de Sangha Activa y soy formadora del m\u00e9todo GIM en Vilassar de Mar, con la motivaci\u00f3n clara de compartir con los dem\u00e1s todas las herramientas que hemos desarrollado en el camino del descubrimiento interno de nuestro verdadero potencial.<\/p>\n<\/div>\n<\/div>","protected":false},"excerpt":{"rendered":"<p>Yolanda Maym\u00f3 L\u00f3pez yolanda.maymo@sanghaactiva.org GRUPOS GIM en Sangha Activa &#8211; Vilassar de Mar, C\/Sant Gen\u00eds 2 PASO 1 GIM: Por abrir PASO 4 GIM: Martes 20:15h PASO 9 GIM: Viernes [&hellip;]<\/p>\n","protected":false},"author":1,"featured_media":0,"parent":515,"menu_order":0,"comment_status":"closed","ping_status":"closed","template":"","meta":{"site-sidebar-layout":"default","site-content-layout":"","ast-site-content-layout":"default","site-content-style":"default","site-sidebar-style":"default","ast-global-header-display":"","ast-banner-title-visibility":"","ast-main-header-display":"","ast-hfb-above-header-display":"","ast-hfb-below-header-display":"","ast-hfb-mobile-header-display":"","site-post-title":"","ast-breadcrumbs-content":"","ast-featured-img":"","footer-sml-layout":"","ast-disable-related-posts":"","theme-transparent-header-meta":"","adv-header-id-meta":"","stick-header-meta":"","header-above-stick-meta":"","header-main-stick-meta":"","header-below-stick-meta":"","astra-migrate-meta-layouts":"set","ast-page-background-enabled":"default","ast-page-background-meta":{"desktop":{"background-color":"","background-image":"","background-repeat":"repeat","background-position":"center center","background-size":"auto","background-attachment":"scroll","background-type":"","background-media":"","overlay-type":"","overlay-color":"","overlay-opacity":"","overlay-gradient":""},"tablet":{"background-color":"","background-image":"","background-repeat":"repeat","background-position":"center center","background-size":"auto","background-attachment":"scroll","background-type":"","background-media":"","overlay-type":"","overlay-color":"","overlay-opacity":"","overlay-gradient":""},"mobile":{"background-color":"","background-image":"","background-repeat":"repeat","background-position":"center center","background-size":"auto","background-attachment":"scroll","background-type":"","background-media":"","overlay-type":"","overlay-color":"","overlay-opacity":"","overlay-gradient":""}},"ast-content-background-meta":{"desktop":{"background-color":"var(--ast-global-color-5)","background-image":"","background-repeat":"repeat","background-position":"center center","background-size":"auto","background-attachment":"scroll","background-type":"","background-media":"","overlay-type":"","overlay-color":"","overlay-opacity":"","overlay-gradient":""},"tablet":{"background-color":"var(--ast-global-color-5)","background-image":"","background-repeat":"repeat","background-position":"center center","background-size":"auto","background-attachment":"scroll","background-type":"","background-media":"","overlay-type":"","overlay-color":"","overlay-opacity":"","overlay-gradient":""},"mobile":{"background-color":"var(--ast-global-color-5)","background-image":"","background-repeat":"repeat","background-position":"center center","background-size":"auto","background-attachment":"scroll","background-type":"","background-media":"","overlay-type":"","overlay-color":"","overlay-opacity":"","overlay-gradient":""}},"_EventAllDay":false,"_EventTimezone":"","_EventStartDate":"","_EventEndDate":"","_EventStartDateUTC":"","_EventEndDateUTC":"","_EventShowMap":false,"_EventShowMapLink":false,"_EventURL":"","_EventCost":"","_EventCostDescription":"","_EventCurrencySymbol":"","_EventCurrencyCode":"","_EventCurrencyPosition":"","_EventDateTimeSeparator":"","_EventTimeRangeSeparator":"","_EventOrganizerID":[],"_EventVenueID":[],"_OrganizerEmail":"","_OrganizerPhone":"","_OrganizerWebsite":"","_VenueAddress":"","_VenueCity":"","_VenueCountry":"","_VenueProvince":"","_VenueState":"","_VenueZip":"","_VenuePhone":"","_VenueURL":"","_VenueStateProvince":"","_VenueLat":"","_VenueLng":"","_VenueShowMap":false,"_VenueShowMapLink":false,"footnotes":""},"class_list":["post-2434","page","type-page","status-publish","hentry"],"yoast_head":"<!-- This site is optimized with the Yoast SEO plugin v27.0 - https:\/\/yoast.com\/product\/yoast-seo-wordpress\/ -->\n<title>Meditar en Vilassar de Mar con Yolada Maym\u00f3- Formadora GIM<\/title>\n<meta name=\"description\" content=\"Conoce a Yolanda Maym\u00f3 formadora de meditaci\u00f3n del programa GIM de Sangha Activa en Vilassar de Mar. Grupos y horarios\" \/>\n<meta name=\"robots\" content=\"index, follow, max-snippet:-1, max-image-preview:large, max-video-preview:-1\" \/>\n<link rel=\"canonical\" href=\"https:\/\/sanghaactiva.com\/ca\/meditacion\/curso-meditacion-gim\/yolanda-maymo-formadora-gim-vilassar-de-mar\/\" \/>\n<meta property=\"og:locale\" content=\"ca_ES\" \/>\n<meta property=\"og:type\" content=\"article\" \/>\n<meta property=\"og:title\" content=\"Meditar en Vilassar de Mar con Yolada Maym\u00f3- Formadora GIM\" \/>\n<meta property=\"og:description\" content=\"Conoce a Yolanda Maym\u00f3 formadora de meditaci\u00f3n del programa GIM de Sangha Activa en Vilassar de Mar. Grupos y horarios\" \/>\n<meta property=\"og:url\" content=\"https:\/\/sanghaactiva.com\/ca\/meditacion\/curso-meditacion-gim\/yolanda-maymo-formadora-gim-vilassar-de-mar\/\" \/>\n<meta property=\"og:site_name\" content=\"Sangha Activa\" \/>\n<meta property=\"article:publisher\" content=\"https:\/\/www.facebook.com\/sanghaactiva\" \/>\n<meta property=\"article:modified_time\" content=\"2023-11-14T13:17:50+00:00\" \/>\n<meta property=\"og:image\" content=\"https:\/\/sanghaactiva.com\/wp-content\/uploads\/2023\/07\/yolanda-maymo-formadora-gim.jpg\" \/>\n<meta name=\"twitter:card\" content=\"summary_large_image\" \/>\n<meta name=\"twitter:label1\" content=\"Temps estimat de lectura\" \/>\n\t<meta name=\"twitter:data1\" content=\"1 minut\" \/>\n<!-- \/ Yoast SEO plugin. -->","yoast_head_json":{"title":"Meditar en Vilassar de Mar con Yolada Maym\u00f3- Formadora GIM","description":"Conoce a Yolanda Maym\u00f3 formadora de meditaci\u00f3n del programa GIM de Sangha Activa en Vilassar de Mar. Grupos y horarios","robots":{"index":"index","follow":"follow","max-snippet":"max-snippet:-1","max-image-preview":"max-image-preview:large","max-video-preview":"max-video-preview:-1"},"canonical":"https:\/\/sanghaactiva.com\/ca\/meditacion\/curso-meditacion-gim\/yolanda-maymo-formadora-gim-vilassar-de-mar\/","og_locale":"ca_ES","og_type":"article","og_title":"Meditar en Vilassar de Mar con Yolada Maym\u00f3- Formadora GIM","og_description":"Conoce a Yolanda Maym\u00f3 formadora de meditaci\u00f3n del programa GIM de Sangha Activa en Vilassar de Mar. Grupos y horarios","og_url":"https:\/\/sanghaactiva.com\/ca\/meditacion\/curso-meditacion-gim\/yolanda-maymo-formadora-gim-vilassar-de-mar\/","og_site_name":"Sangha Activa","article_publisher":"https:\/\/www.facebook.com\/sanghaactiva","article_modified_time":"2023-11-14T13:17:50+00:00","og_image":[{"url":"https:\/\/sanghaactiva.com\/wp-content\/uploads\/2023\/07\/yolanda-maymo-formadora-gim.jpg","type":"","width":"","height":""}],"twitter_card":"summary_large_image","twitter_misc":{"Temps estimat de lectura":"1 minut"},"schema":{"@context":"https:\/\/schema.org","@graph":[{"@type":"WebPage","@id":"https:\/\/sanghaactiva.com\/meditacion\/curso-meditacion-gim\/yolanda-maymo-formadora-gim-vilassar-de-mar","url":"https:\/\/sanghaactiva.com\/meditacion\/curso-meditacion-gim\/yolanda-maymo-formadora-gim-vilassar-de-mar","name":"Meditar en Vilassar de Mar con Yolada Maym\u00f3- Formadora GIM","isPartOf":{"@id":"https:\/\/sanghaactiva.com\/#website"},"primaryImageOfPage":{"@id":"https:\/\/sanghaactiva.com\/meditacion\/curso-meditacion-gim\/yolanda-maymo-formadora-gim-vilassar-de-mar#primaryimage"},"image":{"@id":"https:\/\/sanghaactiva.com\/meditacion\/curso-meditacion-gim\/yolanda-maymo-formadora-gim-vilassar-de-mar#primaryimage"},"thumbnailUrl":"https:\/\/sanghaactiva.com\/wp-content\/uploads\/2023\/07\/yolanda-maymo-formadora-gim.jpg","datePublished":"2023-07-18T10:19:48+00:00","dateModified":"2023-11-14T13:17:50+00:00","description":"Conoce a Yolanda Maym\u00f3 formadora de meditaci\u00f3n del programa GIM de Sangha Activa en Vilassar de Mar. Grupos y horarios","breadcrumb":{"@id":"https:\/\/sanghaactiva.com\/meditacion\/curso-meditacion-gim\/yolanda-maymo-formadora-gim-vilassar-de-mar#breadcrumb"},"inLanguage":"ca","potentialAction":[{"@type":"ReadAction","target":["https:\/\/sanghaactiva.com\/meditacion\/curso-meditacion-gim\/yolanda-maymo-formadora-gim-vilassar-de-mar"]}]},{"@type":"ImageObject","inLanguage":"ca","@id":"https:\/\/sanghaactiva.com\/meditacion\/curso-meditacion-gim\/yolanda-maymo-formadora-gim-vilassar-de-mar#primaryimage","url":"https:\/\/sanghaactiva.com\/wp-content\/uploads\/2023\/07\/yolanda-maymo-formadora-gim.jpg","contentUrl":"https:\/\/sanghaactiva.com\/wp-content\/uploads\/2023\/07\/yolanda-maymo-formadora-gim.jpg"},{"@type":"BreadcrumbList","@id":"https:\/\/sanghaactiva.com\/meditacion\/curso-meditacion-gim\/yolanda-maymo-formadora-gim-vilassar-de-mar#breadcrumb","itemListElement":[{"@type":"ListItem","position":1,"name":"Portada","item":"https:\/\/sanghaactiva.com\/"},{"@type":"ListItem","position":2,"name":"Formaci\u00f3n en meditaci\u00f3n","item":"https:\/\/sanghaactiva.com\/meditacion"},{"@type":"ListItem","position":3,"name":"Meditacion GIM","item":"https:\/\/sanghaactiva.com\/meditacion\/curso-meditacion-gim"},{"@type":"ListItem","position":4,"name":"Meditar en Vilassar de Mar con Yolanda Maym\u00f3 &#8211; Formadora GIM"}]},{"@type":"WebSite","@id":"https:\/\/sanghaactiva.com\/#website","url":"https:\/\/sanghaactiva.com\/","name":"Sangha Activa","description":"Comunitat budista","publisher":{"@id":"https:\/\/sanghaactiva.com\/#organization"},"potentialAction":[{"@type":"SearchAction","target":{"@type":"EntryPoint","urlTemplate":"https:\/\/sanghaactiva.com\/?s={search_term_string}"},"query-input":{"@type":"PropertyValueSpecification","valueRequired":true,"valueName":"search_term_string"}}],"inLanguage":"ca"},{"@type":"Organization","@id":"https:\/\/sanghaactiva.com\/#organization","name":"Sangha Activa","url":"https:\/\/sanghaactiva.com\/","logo":{"@type":"ImageObject","inLanguage":"ca","@id":"https:\/\/sanghaactiva.com\/#\/schema\/logo\/image\/","url":"https:\/\/sanghaactiva.com\/wp-content\/uploads\/2023\/03\/cropped-cropped-cropped-cropped-cropped-log2_SAcol-e1682594942970.png","contentUrl":"https:\/\/sanghaactiva.com\/wp-content\/uploads\/2023\/03\/cropped-cropped-cropped-cropped-cropped-log2_SAcol-e1682594942970.png","width":50,"height":65,"caption":"Sangha Activa"},"image":{"@id":"https:\/\/sanghaactiva.com\/#\/schema\/logo\/image\/"},"sameAs":["https:\/\/www.facebook.com\/sanghaactiva","https:\/\/www.youtube.com\/channel\/UCcMXKFgf-cWzUn9GLIvZPsw","https:\/\/www.instagram.com\/sanghaactiva\/"]}]}},"_links":{"self":[{"href":"https:\/\/sanghaactiva.com\/ca\/wp-json\/wp\/v2\/pages\/2434","targetHints":{"allow":["GET"]}}],"collection":[{"href":"https:\/\/sanghaactiva.com\/ca\/wp-json\/wp\/v2\/pages"}],"about":[{"href":"https:\/\/sanghaactiva.com\/ca\/wp-json\/wp\/v2\/types\/page"}],"author":[{"embeddable":true,"href":"https:\/\/sanghaactiva.com\/ca\/wp-json\/wp\/v2\/users\/1"}],"replies":[{"embeddable":true,"href":"https:\/\/sanghaactiva.com\/ca\/wp-json\/wp\/v2\/comments?post=2434"}],"version-history":[{"count":0,"href":"https:\/\/sanghaactiva.com\/ca\/wp-json\/wp\/v2\/pages\/2434\/revisions"}],"up":[{"embeddable":true,"href":"https:\/\/sanghaactiva.com\/ca\/wp-json\/wp\/v2\/pages\/515"}],"wp:attachment":[{"href":"https:\/\/sanghaactiva.com\/ca\/wp-json\/wp\/v2\/media?parent=2434"}],"curies":[{"name":"wp","href":"https:\/\/api.w.org\/{rel}","templated":true}]}}