{"id":2440,"date":"2023-07-18T15:33:42","date_gmt":"2023-07-18T15:33:42","guid":{"rendered":"https:\/\/sanghaactiva.com\/?page_id=2440"},"modified":"2023-11-17T09:04:46","modified_gmt":"2023-11-17T09:04:46","slug":"melisa-gonzalez-formadora-gim-sabadell","status":"publish","type":"page","link":"https:\/\/sanghaactiva.com\/ca\/meditacion\/curso-meditacion-gim\/melisa-gonzalez-formadora-gim-sabadell","title":{"rendered":"Meditar en Sabadell con Melisa Gonz\u00e1lez &#8211; Formadora GIM"},"content":{"rendered":"<div data-elementor-type=\"wp-page\" data-elementor-id=\"2440\" class=\"elementor elementor-2440\">\n\t\t\t\t\t\t<section class=\"elementor-section elementor-top-section elementor-element elementor-element-bbcca2c elementor-section-boxed elementor-section-height-default elementor-section-height-default\" data-id=\"bbcca2c\" data-element_type=\"section\" data-e-type=\"section\">\n\t\t\t\t\t\t<div class=\"elementor-container elementor-column-gap-default\">\n\t\t\t\t\t<div class=\"elementor-column elementor-col-100 elementor-top-column elementor-element elementor-element-e8d4c07\" data-id=\"e8d4c07\" data-element_type=\"column\" data-e-type=\"column\">\n\t\t\t<div class=\"elementor-widget-wrap elementor-element-populated\">\n\t\t\t\t\t\t<div class=\"elementor-element elementor-element-7db3f05 elementor-widget elementor-widget-heading\" data-id=\"7db3f05\" data-element_type=\"widget\" data-e-type=\"widget\" data-widget_type=\"heading.default\">\n\t\t\t\t<div class=\"elementor-widget-container\">\n\t\t\t\t\t<h2 class=\"elementor-heading-title elementor-size-default\">Meditar en Sabadell con Melisa Gonz\u00e1lez<\/h2>\t\t\t\t<\/div>\n\t\t\t\t<\/div>\n\t\t\t\t\t<\/div>\n\t\t<\/div>\n\t\t\t\t\t<\/div>\n\t\t<\/section>\n\t\t\t\t<section class=\"elementor-section elementor-top-section elementor-element elementor-element-4972188 elementor-section-boxed elementor-section-height-default elementor-section-height-default\" data-id=\"4972188\" data-element_type=\"section\" data-e-type=\"section\">\n\t\t\t\t\t\t<div class=\"elementor-container elementor-column-gap-default\">\n\t\t\t\t\t<div class=\"elementor-column elementor-col-100 elementor-top-column elementor-element elementor-element-bc123c3\" data-id=\"bc123c3\" data-element_type=\"column\" data-e-type=\"column\">\n\t\t\t<div class=\"elementor-widget-wrap elementor-element-populated\">\n\t\t\t\t\t\t<div class=\"elementor-element elementor-element-3550b55 elementor-widget elementor-widget-spacer\" data-id=\"3550b55\" data-element_type=\"widget\" data-e-type=\"widget\" data-widget_type=\"spacer.default\">\n\t\t\t\t<div class=\"elementor-widget-container\">\n\t\t\t\t\t\t\t<div class=\"elementor-spacer\">\n\t\t\t<div class=\"elementor-spacer-inner\"><\/div>\n\t\t<\/div>\n\t\t\t\t\t\t<\/div>\n\t\t\t\t<\/div>\n\t\t\t\t\t<\/div>\n\t\t<\/div>\n\t\t\t\t\t<\/div>\n\t\t<\/section>\n\t\t\t\t<section class=\"elementor-section elementor-top-section elementor-element elementor-element-c469521 elementor-section-boxed elementor-section-height-default elementor-section-height-default\" data-id=\"c469521\" data-element_type=\"section\" data-e-type=\"section\">\n\t\t\t\t\t\t<div class=\"elementor-container elementor-column-gap-default\">\n\t\t\t\t\t<div class=\"elementor-column elementor-col-33 elementor-top-column elementor-element elementor-element-b8608e9\" data-id=\"b8608e9\" data-element_type=\"column\" data-e-type=\"column\" data-settings=\"{&quot;background_background&quot;:&quot;classic&quot;}\">\n\t\t\t<div class=\"elementor-widget-wrap elementor-element-populated\">\n\t\t\t\t\t\t<div class=\"elementor-element elementor-element-b18752c elementor-widget elementor-widget-image\" data-id=\"b18752c\" data-element_type=\"widget\" data-e-type=\"widget\" data-widget_type=\"image.default\">\n\t\t\t\t<div class=\"elementor-widget-container\">\n\t\t\t\t\t\t\t\t\t\t\t\t\t\t\t<img decoding=\"async\" data-src=\"https:\/\/sanghaactiva.com\/wp-content\/uploads\/2023\/11\/melisa-formadora-gim-sabadell-imagen.jpg\" title=\"melisa formadora gim sabadell imagen\" alt=\"meditar en sabadell\" src=\"data:image\/svg+xml;base64,PHN2ZyB3aWR0aD0iMSIgaGVpZ2h0PSIxIiB4bWxucz0iaHR0cDovL3d3dy53My5vcmcvMjAwMC9zdmciPjwvc3ZnPg==\" class=\"lazyload\" style=\"--smush-placeholder-width: 500px; --smush-placeholder-aspect-ratio: 500\/500;\" \/>\t\t\t\t\t\t\t\t\t\t\t\t\t\t\t<\/div>\n\t\t\t\t<\/div>\n\t\t\t\t<div class=\"elementor-element elementor-element-65fd159 elementor-widget elementor-widget-text-editor\" data-id=\"65fd159\" data-element_type=\"widget\" data-e-type=\"widget\" data-widget_type=\"text-editor.default\">\n\t\t\t\t<div class=\"elementor-widget-container\">\n\t\t\t\t\t\t\t\t\t<p>Melisa Gonz\u00e1lez<\/p>\t\t\t\t\t\t\t\t<\/div>\n\t\t\t\t<\/div>\n\t\t\t\t<div class=\"elementor-element elementor-element-140550e elementor-widget elementor-widget-text-editor\" data-id=\"140550e\" data-element_type=\"widget\" data-e-type=\"widget\" data-widget_type=\"text-editor.default\">\n\t\t\t\t<div class=\"elementor-widget-container\">\n\t\t\t\t\t\t\t\t\t<p>melisa.gonzalez@sanghaactiva.org<\/p>\t\t\t\t\t\t\t\t<\/div>\n\t\t\t\t<\/div>\n\t\t\t\t<div class=\"elementor-element elementor-element-29091a0 elementor-widget elementor-widget-text-editor\" data-id=\"29091a0\" data-element_type=\"widget\" data-e-type=\"widget\" data-widget_type=\"text-editor.default\">\n\t\t\t\t<div class=\"elementor-widget-container\">\n\t\t\t\t\t\t\t\t\t<p>GRUPOS MEDITACI\u00d3N GIM EN SABADELL<\/p>\t\t\t\t\t\t\t\t<\/div>\n\t\t\t\t<\/div>\n\t\t\t\t<div class=\"elementor-element elementor-element-5099cf8 elementor-widget elementor-widget-text-editor\" data-id=\"5099cf8\" data-element_type=\"widget\" data-e-type=\"widget\" data-widget_type=\"text-editor.default\">\n\t\t\t\t<div class=\"elementor-widget-container\">\n\t\t\t\t\t\t\t\t\t<p>Centro Sangha Activa : Av. Paraires, 10, Sabadell<\/p>\t\t\t\t\t\t\t\t<\/div>\n\t\t\t\t<\/div>\n\t\t\t\t<div class=\"elementor-element elementor-element-2997376 elementor-widget elementor-widget-text-editor\" data-id=\"2997376\" data-element_type=\"widget\" data-e-type=\"widget\" data-widget_type=\"text-editor.default\">\n\t\t\t\t<div class=\"elementor-widget-container\">\n\t\t\t\t\t\t\t\t\t<p>GRUPO PASO 1:&nbsp; ABIERTA INSCRIPCI\u00d3N<\/p>\t\t\t\t\t\t\t\t<\/div>\n\t\t\t\t<\/div>\n\t\t\t\t\t<\/div>\n\t\t<\/div>\n\t\t\t\t<div class=\"elementor-column elementor-col-66 elementor-top-column elementor-element elementor-element-bd3a286\" data-id=\"bd3a286\" data-element_type=\"column\" data-e-type=\"column\">\n\t\t\t<div class=\"elementor-widget-wrap elementor-element-populated\">\n\t\t\t\t\t\t<div class=\"elementor-element elementor-element-fde5a89 elementor-widget elementor-widget-heading\" data-id=\"fde5a89\" data-element_type=\"widget\" data-e-type=\"widget\" data-widget_type=\"heading.default\">\n\t\t\t\t<div class=\"elementor-widget-container\">\n\t\t\t\t\t<h3 class=\"elementor-heading-title elementor-size-default\">Curr\u00edculum de desarrollo personal de Melisa<\/h3>\t\t\t\t<\/div>\n\t\t\t\t<\/div>\n\t\t\t\t<div class=\"elementor-element elementor-element-731555a elementor-widget-divider--view-line elementor-widget elementor-widget-divider\" data-id=\"731555a\" data-element_type=\"widget\" data-e-type=\"widget\" data-widget_type=\"divider.default\">\n\t\t\t\t<div class=\"elementor-widget-container\">\n\t\t\t\t\t\t\t<div class=\"elementor-divider\">\n\t\t\t<span class=\"elementor-divider-separator\">\n\t\t\t\t\t\t<\/span>\n\t\t<\/div>\n\t\t\t\t\t\t<\/div>\n\t\t\t\t<\/div>\n\t\t\t\t<div class=\"elementor-element elementor-element-4dbf4d7 elementor-widget elementor-widget-text-editor\" data-id=\"4dbf4d7\" data-element_type=\"widget\" data-e-type=\"widget\" data-widget_type=\"text-editor.default\">\n\t\t\t\t<div class=\"elementor-widget-container\">\n\t\t\t\t\t\t\t\t\t<div>\n<ul>\n<li dir=\"ltr\"><span style=\"font-size: 16px;\">Meditadora desde 2013<\/span><\/li>\n<li dir=\"ltr\"><span style=\"font-size: 16px;\">Formadora GIM desde 2020<\/span><\/li>\n<\/ul>\n<\/div>\n<div>Ex-M\u00e1nager para Warner Media durante 8 a\u00f1os.\u00a0<\/div>\n<div>Experta en Coaching y Formacion para L\u00edderes Emergentes<\/div>\n<div>\u00a0<\/div>\n<div>Trabaj\u00e9 durante 4 a\u00f1os en Decathon Espa\u00f1a y 8 a\u00f1os en WarnerMedia, siendo la l\u00edder del equipo de doblajes para Iberia.\u00a0 <strong>La meditaci\u00f3n, el coaching y la PNL se cruzaron en mi vida y cambi\u00e9 mi rumbo profesional y personal.\u00a0<\/strong><\/div>\n<div>\u00a0<\/div>\n<div>A d\u00eda de hoy acompa\u00f1o a l\u00edderes de equipos a crear unas buenas bases que les ayuden a crecer, para hacer crecer a su equipo.<\/div>\n<div><br \/>Madrile\u00f1a de nacimiento, me mud\u00e9 a Barcelona en busca del mar (como buena madrile\u00f1a que siempre busca la playa) donde a d\u00eda de hoy vivo con mi familia y mi enano de dos a\u00f1os.<\/div>\t\t\t\t\t\t\t\t<\/div>\n\t\t\t\t<\/div>\n\t\t\t\t\t<\/div>\n\t\t<\/div>\n\t\t\t\t\t<\/div>\n\t\t<\/section>\n\t\t\t\t<\/div>","protected":false},"excerpt":{"rendered":"<p>Meditar en Sabadell con Melisa Gonz\u00e1lez Melisa Gonz\u00e1lez melisa.gonzalez@sanghaactiva.org GRUPOS MEDITACI\u00d3N GIM EN SABADELL Centro Sangha Activa : Av. Paraires, 10, Sabadell GRUPO PASO 1:&nbsp; ABIERTA INSCRIPCI\u00d3N Curr\u00edculum de desarrollo [&hellip;]<\/p>\n","protected":false},"author":1,"featured_media":0,"parent":515,"menu_order":0,"comment_status":"closed","ping_status":"closed","template":"","meta":{"site-sidebar-layout":"default","site-content-layout":"","ast-site-content-layout":"default","site-content-style":"default","site-sidebar-style":"default","ast-global-header-display":"","ast-banner-title-visibility":"","ast-main-header-display":"","ast-hfb-above-header-display":"","ast-hfb-below-header-display":"","ast-hfb-mobile-header-display":"","site-post-title":"","ast-breadcrumbs-content":"","ast-featured-img":"","footer-sml-layout":"","ast-disable-related-posts":"","theme-transparent-header-meta":"","adv-header-id-meta":"","stick-header-meta":"","header-above-stick-meta":"","header-main-stick-meta":"","header-below-stick-meta":"","astra-migrate-meta-layouts":"set","ast-page-background-enabled":"default","ast-page-background-meta":{"desktop":{"background-color":"","background-image":"","background-repeat":"repeat","background-position":"center center","background-size":"auto","background-attachment":"scroll","background-type":"","background-media":"","overlay-type":"","overlay-color":"","overlay-opacity":"","overlay-gradient":""},"tablet":{"background-color":"","background-image":"","background-repeat":"repeat","background-position":"center center","background-size":"auto","background-attachment":"scroll","background-type":"","background-media":"","overlay-type":"","overlay-color":"","overlay-opacity":"","overlay-gradient":""},"mobile":{"background-color":"","background-image":"","background-repeat":"repeat","background-position":"center center","background-size":"auto","background-attachment":"scroll","background-type":"","background-media":"","overlay-type":"","overlay-color":"","overlay-opacity":"","overlay-gradient":""}},"ast-content-background-meta":{"desktop":{"background-color":"var(--ast-global-color-5)","background-image":"","background-repeat":"repeat","background-position":"center center","background-size":"auto","background-attachment":"scroll","background-type":"","background-media":"","overlay-type":"","overlay-color":"","overlay-opacity":"","overlay-gradient":""},"tablet":{"background-color":"var(--ast-global-color-5)","background-image":"","background-repeat":"repeat","background-position":"center center","background-size":"auto","background-attachment":"scroll","background-type":"","background-media":"","overlay-type":"","overlay-color":"","overlay-opacity":"","overlay-gradient":""},"mobile":{"background-color":"var(--ast-global-color-5)","background-image":"","background-repeat":"repeat","background-position":"center center","background-size":"auto","background-attachment":"scroll","background-type":"","background-media":"","overlay-type":"","overlay-color":"","overlay-opacity":"","overlay-gradient":""}},"_EventAllDay":false,"_EventTimezone":"","_EventStartDate":"","_EventEndDate":"","_EventStartDateUTC":"","_EventEndDateUTC":"","_EventShowMap":false,"_EventShowMapLink":false,"_EventURL":"","_EventCost":"","_EventCostDescription":"","_EventCurrencySymbol":"","_EventCurrencyCode":"","_EventCurrencyPosition":"","_EventDateTimeSeparator":"","_EventTimeRangeSeparator":"","_EventOrganizerID":[],"_EventVenueID":[],"_OrganizerEmail":"","_OrganizerPhone":"","_OrganizerWebsite":"","_VenueAddress":"","_VenueCity":"","_VenueCountry":"","_VenueProvince":"","_VenueState":"","_VenueZip":"","_VenuePhone":"","_VenueURL":"","_VenueStateProvince":"","_VenueLat":"","_VenueLng":"","_VenueShowMap":false,"_VenueShowMapLink":false,"footnotes":""},"class_list":["post-2440","page","type-page","status-publish","hentry"],"yoast_head":"<!-- This site is optimized with the Yoast SEO plugin v27.0 - https:\/\/yoast.com\/product\/yoast-seo-wordpress\/ -->\n<title>Meditar en Sabadell con Melisa Gonz\u00e1lez- Formadora GIM<\/title>\n<meta name=\"description\" content=\"Conoce a Melisa Gonz\u00e1lez formadora de meditaci\u00f3n GIM en Sabadell. Grupos y horarios de meditaci\u00f3n en Barcelona\" \/>\n<meta name=\"robots\" content=\"index, follow, max-snippet:-1, max-image-preview:large, max-video-preview:-1\" \/>\n<link rel=\"canonical\" href=\"https:\/\/sanghaactiva.com\/ca\/meditacion\/curso-meditacion-gim\/melisa-gonzalez-formadora-gim-sabadell\/\" \/>\n<meta property=\"og:locale\" content=\"ca_ES\" \/>\n<meta property=\"og:type\" content=\"article\" \/>\n<meta property=\"og:title\" content=\"Meditar en Sabadell con Melisa Gonz\u00e1lez- Formadora GIM\" \/>\n<meta property=\"og:description\" content=\"Conoce a Melisa Gonz\u00e1lez formadora de meditaci\u00f3n GIM en Sabadell. Grupos y horarios de meditaci\u00f3n en Barcelona\" \/>\n<meta property=\"og:url\" content=\"https:\/\/sanghaactiva.com\/ca\/meditacion\/curso-meditacion-gim\/melisa-gonzalez-formadora-gim-sabadell\/\" \/>\n<meta property=\"og:site_name\" content=\"Sangha Activa\" \/>\n<meta property=\"article:publisher\" content=\"https:\/\/www.facebook.com\/sanghaactiva\" \/>\n<meta property=\"article:modified_time\" content=\"2023-11-17T09:04:46+00:00\" \/>\n<meta property=\"og:image\" content=\"https:\/\/sanghaactiva.com\/wp-content\/uploads\/2023\/11\/melisa-formadora-gim-sabadell-imagen.jpg\" \/>\n<meta name=\"twitter:card\" content=\"summary_large_image\" \/>\n<meta name=\"twitter:label1\" content=\"Temps estimat de lectura\" \/>\n\t<meta name=\"twitter:data1\" content=\"1 minut\" \/>\n<!-- \/ Yoast SEO plugin. -->","yoast_head_json":{"title":"Meditar en Sabadell con Melisa Gonz\u00e1lez- Formadora GIM","description":"Conoce a Melisa Gonz\u00e1lez formadora de meditaci\u00f3n GIM en Sabadell. Grupos y horarios de meditaci\u00f3n en Barcelona","robots":{"index":"index","follow":"follow","max-snippet":"max-snippet:-1","max-image-preview":"max-image-preview:large","max-video-preview":"max-video-preview:-1"},"canonical":"https:\/\/sanghaactiva.com\/ca\/meditacion\/curso-meditacion-gim\/melisa-gonzalez-formadora-gim-sabadell\/","og_locale":"ca_ES","og_type":"article","og_title":"Meditar en Sabadell con Melisa Gonz\u00e1lez- Formadora GIM","og_description":"Conoce a Melisa Gonz\u00e1lez formadora de meditaci\u00f3n GIM en Sabadell. Grupos y horarios de meditaci\u00f3n en Barcelona","og_url":"https:\/\/sanghaactiva.com\/ca\/meditacion\/curso-meditacion-gim\/melisa-gonzalez-formadora-gim-sabadell\/","og_site_name":"Sangha Activa","article_publisher":"https:\/\/www.facebook.com\/sanghaactiva","article_modified_time":"2023-11-17T09:04:46+00:00","og_image":[{"url":"https:\/\/sanghaactiva.com\/wp-content\/uploads\/2023\/11\/melisa-formadora-gim-sabadell-imagen.jpg","type":"","width":"","height":""}],"twitter_card":"summary_large_image","twitter_misc":{"Temps estimat de lectura":"1 minut"},"schema":{"@context":"https:\/\/schema.org","@graph":[{"@type":"WebPage","@id":"https:\/\/sanghaactiva.com\/meditacion\/curso-meditacion-gim\/melisa-gonzalez-formadora-gim-sabadell","url":"https:\/\/sanghaactiva.com\/meditacion\/curso-meditacion-gim\/melisa-gonzalez-formadora-gim-sabadell","name":"Meditar en Sabadell con Melisa Gonz\u00e1lez- Formadora GIM","isPartOf":{"@id":"https:\/\/sanghaactiva.com\/#website"},"primaryImageOfPage":{"@id":"https:\/\/sanghaactiva.com\/meditacion\/curso-meditacion-gim\/melisa-gonzalez-formadora-gim-sabadell#primaryimage"},"image":{"@id":"https:\/\/sanghaactiva.com\/meditacion\/curso-meditacion-gim\/melisa-gonzalez-formadora-gim-sabadell#primaryimage"},"thumbnailUrl":"https:\/\/sanghaactiva.com\/wp-content\/uploads\/2023\/11\/melisa-formadora-gim-sabadell-imagen.jpg","datePublished":"2023-07-18T15:33:42+00:00","dateModified":"2023-11-17T09:04:46+00:00","description":"Conoce a Melisa Gonz\u00e1lez formadora de meditaci\u00f3n GIM en Sabadell. Grupos y horarios de meditaci\u00f3n en Barcelona","breadcrumb":{"@id":"https:\/\/sanghaactiva.com\/meditacion\/curso-meditacion-gim\/melisa-gonzalez-formadora-gim-sabadell#breadcrumb"},"inLanguage":"ca","potentialAction":[{"@type":"ReadAction","target":["https:\/\/sanghaactiva.com\/meditacion\/curso-meditacion-gim\/melisa-gonzalez-formadora-gim-sabadell"]}]},{"@type":"ImageObject","inLanguage":"ca","@id":"https:\/\/sanghaactiva.com\/meditacion\/curso-meditacion-gim\/melisa-gonzalez-formadora-gim-sabadell#primaryimage","url":"https:\/\/sanghaactiva.com\/wp-content\/uploads\/2023\/11\/melisa-formadora-gim-sabadell-imagen.jpg","contentUrl":"https:\/\/sanghaactiva.com\/wp-content\/uploads\/2023\/11\/melisa-formadora-gim-sabadell-imagen.jpg"},{"@type":"BreadcrumbList","@id":"https:\/\/sanghaactiva.com\/meditacion\/curso-meditacion-gim\/melisa-gonzalez-formadora-gim-sabadell#breadcrumb","itemListElement":[{"@type":"ListItem","position":1,"name":"Portada","item":"https:\/\/sanghaactiva.com\/"},{"@type":"ListItem","position":2,"name":"Formaci\u00f3n en meditaci\u00f3n","item":"https:\/\/sanghaactiva.com\/meditacion"},{"@type":"ListItem","position":3,"name":"Meditacion GIM","item":"https:\/\/sanghaactiva.com\/meditacion\/curso-meditacion-gim"},{"@type":"ListItem","position":4,"name":"Meditar en Sabadell con Melisa Gonz\u00e1lez &#8211; Formadora GIM"}]},{"@type":"WebSite","@id":"https:\/\/sanghaactiva.com\/#website","url":"https:\/\/sanghaactiva.com\/","name":"Sangha Activa","description":"Comunitat budista","publisher":{"@id":"https:\/\/sanghaactiva.com\/#organization"},"potentialAction":[{"@type":"SearchAction","target":{"@type":"EntryPoint","urlTemplate":"https:\/\/sanghaactiva.com\/?s={search_term_string}"},"query-input":{"@type":"PropertyValueSpecification","valueRequired":true,"valueName":"search_term_string"}}],"inLanguage":"ca"},{"@type":"Organization","@id":"https:\/\/sanghaactiva.com\/#organization","name":"Sangha Activa","url":"https:\/\/sanghaactiva.com\/","logo":{"@type":"ImageObject","inLanguage":"ca","@id":"https:\/\/sanghaactiva.com\/#\/schema\/logo\/image\/","url":"https:\/\/sanghaactiva.com\/wp-content\/uploads\/2023\/03\/cropped-cropped-cropped-cropped-cropped-log2_SAcol-e1682594942970.png","contentUrl":"https:\/\/sanghaactiva.com\/wp-content\/uploads\/2023\/03\/cropped-cropped-cropped-cropped-cropped-log2_SAcol-e1682594942970.png","width":50,"height":65,"caption":"Sangha Activa"},"image":{"@id":"https:\/\/sanghaactiva.com\/#\/schema\/logo\/image\/"},"sameAs":["https:\/\/www.facebook.com\/sanghaactiva","https:\/\/www.youtube.com\/channel\/UCcMXKFgf-cWzUn9GLIvZPsw","https:\/\/www.instagram.com\/sanghaactiva\/"]}]}},"_links":{"self":[{"href":"https:\/\/sanghaactiva.com\/ca\/wp-json\/wp\/v2\/pages\/2440","targetHints":{"allow":["GET"]}}],"collection":[{"href":"https:\/\/sanghaactiva.com\/ca\/wp-json\/wp\/v2\/pages"}],"about":[{"href":"https:\/\/sanghaactiva.com\/ca\/wp-json\/wp\/v2\/types\/page"}],"author":[{"embeddable":true,"href":"https:\/\/sanghaactiva.com\/ca\/wp-json\/wp\/v2\/users\/1"}],"replies":[{"embeddable":true,"href":"https:\/\/sanghaactiva.com\/ca\/wp-json\/wp\/v2\/comments?post=2440"}],"version-history":[{"count":0,"href":"https:\/\/sanghaactiva.com\/ca\/wp-json\/wp\/v2\/pages\/2440\/revisions"}],"up":[{"embeddable":true,"href":"https:\/\/sanghaactiva.com\/ca\/wp-json\/wp\/v2\/pages\/515"}],"wp:attachment":[{"href":"https:\/\/sanghaactiva.com\/ca\/wp-json\/wp\/v2\/media?parent=2440"}],"curies":[{"name":"wp","href":"https:\/\/api.w.org\/{rel}","templated":true}]}}