{"id":2447,"date":"2023-07-18T15:41:07","date_gmt":"2023-07-18T15:41:07","guid":{"rendered":"https:\/\/sanghaactiva.com\/?page_id=2447"},"modified":"2023-11-14T13:10:57","modified_gmt":"2023-11-14T13:10:57","slug":"eva-pares-formadora-gim-2","status":"publish","type":"page","link":"https:\/\/sanghaactiva.com\/ca\/meditacion\/curso-meditacion-gim\/eva-pares-formadora-gim-2","title":{"rendered":"Meditar en Vilassar de Mar con Eva Par\u00e9s &#8211; Formadora GIM"},"content":{"rendered":"<div class=\"wp-block-columns is-layout-flex wp-container-core-columns-is-layout-28f84493 wp-block-columns-is-layout-flex\">\n<div class=\"wp-block-column has-ast-global-color-4-background-color has-background is-layout-flow wp-block-column-is-layout-flow\" style=\"padding-top:var(--wp--preset--spacing--30);padding-right:var(--wp--preset--spacing--30);padding-bottom:var(--wp--preset--spacing--30);padding-left:var(--wp--preset--spacing--30);flex-basis:33.33%\">\n<figure class=\"wp-block-image aligncenter size-full\"><img fetchpriority=\"high\" decoding=\"async\" width=\"500\" height=\"500\" src=\"https:\/\/sanghaactiva.com\/wp-content\/uploads\/2023\/07\/eva-pares-formadora-gim.jpg\" alt=\"\" class=\"wp-image-2221\" srcset=\"https:\/\/sanghaactiva.com\/wp-content\/uploads\/2023\/07\/eva-pares-formadora-gim.jpg 500w, https:\/\/sanghaactiva.com\/wp-content\/uploads\/2023\/07\/eva-pares-formadora-gim-300x300.jpg 300w, https:\/\/sanghaactiva.com\/wp-content\/uploads\/2023\/07\/eva-pares-formadora-gim-100x100.jpg 100w, https:\/\/sanghaactiva.com\/wp-content\/uploads\/2023\/07\/eva-pares-formadora-gim-150x150.jpg 150w\" sizes=\"(max-width: 500px) 100vw, 500px\" \/><\/figure>\n\n\n\n<p class=\"has-text-align-center\"><strong>Eva Par\u00e9s<\/strong><\/p>\n\n\n\n<p class=\"has-text-align-center\"><strong>eva.pares@sanghaactiva.org<\/strong><\/p>\n\n\n\n<h4 class=\"wp-block-heading has-text-align-center has-ast-global-color-4-background-color has-background has-small-font-size\" id=\"grupos-gim-en-sangha-activa-vilassar-de-mar-c-sant-genis-2\">GRUPOS GIM en Sangha Activa &#8211; Vilassar de Mar, C\/Sant Gen\u00eds 2<\/h4>\n\n\n\n<p class=\"has-text-align-center\">PASO 2 GIM: Viernes 17:30h<\/p>\n<\/div>\n\n\n\n<div class=\"wp-block-column is-layout-flow wp-block-column-is-layout-flow\" style=\"flex-basis:66.66%\">\n<p><strong>CURR\u00cdCULUM DE DESARROLLO PERSONAL DE EVA PAR\u00c9S<\/strong><\/p>\n\n\n\n<hr class=\"wp-block-separator has-text-color has-ast-global-color-0-color has-alpha-channel-opacity has-ast-global-color-0-background-color has-background is-style-wide\"\/>\n\n\n\n<p>Gracias a causalidades diversas, empec\u00e9 a meditar en 2013, iniciando en Sangha Activa la formaci\u00f3n GIM con Jordi G\u00f3mez. Creo que buscaba profundizar en mi autoconocimiento, y lo que encontr\u00e9 me result\u00f3 transformador. Me permiti\u00f3 empezar e investigar sobre diversos \u00e1mbitos de la vida y la muerte, y reflexionar sobre c\u00f3mo relacionarme de forma m\u00e1s amable y enriquecedora conmigo misma y con las dem\u00e1s, buscando la felicidad de todas.<\/p>\n\n\n\n<p>Desde entonces, he participado en varios cursos de filosof\u00eda budista, iniciaci\u00f3n al Reiki, PMB, y preciosos retiros, hasta completar la Formaci\u00f3n de Formadores en el m\u00e9todo GIM.<\/p>\n\n\n\n<p>En la actualidad imparto clases de GIM en Vilassar de Mar, con la intenci\u00f3n de transmitir las herramientas que a mi tanto me han ayudado a descubrir el camino interno que todos podemos conocer y recorrer.<\/p>\n<\/div>\n<\/div>","protected":false},"excerpt":{"rendered":"<p>Eva Par\u00e9s eva.pares@sanghaactiva.org GRUPOS GIM en Sangha Activa &#8211; Vilassar de Mar, C\/Sant Gen\u00eds 2 PASO 2 GIM: Viernes 17:30h CURR\u00cdCULUM DE DESARROLLO PERSONAL DE EVA PAR\u00c9S Gracias a causalidades [&hellip;]<\/p>\n","protected":false},"author":1,"featured_media":0,"parent":515,"menu_order":0,"comment_status":"closed","ping_status":"closed","template":"","meta":{"site-sidebar-layout":"default","site-content-layout":"","ast-site-content-layout":"default","site-content-style":"default","site-sidebar-style":"default","ast-global-header-display":"","ast-banner-title-visibility":"","ast-main-header-display":"","ast-hfb-above-header-display":"","ast-hfb-below-header-display":"","ast-hfb-mobile-header-display":"","site-post-title":"","ast-breadcrumbs-content":"","ast-featured-img":"","footer-sml-layout":"","ast-disable-related-posts":"","theme-transparent-header-meta":"","adv-header-id-meta":"","stick-header-meta":"","header-above-stick-meta":"","header-main-stick-meta":"","header-below-stick-meta":"","astra-migrate-meta-layouts":"set","ast-page-background-enabled":"default","ast-page-background-meta":{"desktop":{"background-color":"","background-image":"","background-repeat":"repeat","background-position":"center center","background-size":"auto","background-attachment":"scroll","background-type":"","background-media":"","overlay-type":"","overlay-color":"","overlay-opacity":"","overlay-gradient":""},"tablet":{"background-color":"","background-image":"","background-repeat":"repeat","background-position":"center center","background-size":"auto","background-attachment":"scroll","background-type":"","background-media":"","overlay-type":"","overlay-color":"","overlay-opacity":"","overlay-gradient":""},"mobile":{"background-color":"","background-image":"","background-repeat":"repeat","background-position":"center center","background-size":"auto","background-attachment":"scroll","background-type":"","background-media":"","overlay-type":"","overlay-color":"","overlay-opacity":"","overlay-gradient":""}},"ast-content-background-meta":{"desktop":{"background-color":"var(--ast-global-color-5)","background-image":"","background-repeat":"repeat","background-position":"center center","background-size":"auto","background-attachment":"scroll","background-type":"","background-media":"","overlay-type":"","overlay-color":"","overlay-opacity":"","overlay-gradient":""},"tablet":{"background-color":"var(--ast-global-color-5)","background-image":"","background-repeat":"repeat","background-position":"center center","background-size":"auto","background-attachment":"scroll","background-type":"","background-media":"","overlay-type":"","overlay-color":"","overlay-opacity":"","overlay-gradient":""},"mobile":{"background-color":"var(--ast-global-color-5)","background-image":"","background-repeat":"repeat","background-position":"center center","background-size":"auto","background-attachment":"scroll","background-type":"","background-media":"","overlay-type":"","overlay-color":"","overlay-opacity":"","overlay-gradient":""}},"_EventAllDay":false,"_EventTimezone":"","_EventStartDate":"","_EventEndDate":"","_EventStartDateUTC":"","_EventEndDateUTC":"","_EventShowMap":false,"_EventShowMapLink":false,"_EventURL":"","_EventCost":"","_EventCostDescription":"","_EventCurrencySymbol":"","_EventCurrencyCode":"","_EventCurrencyPosition":"","_EventDateTimeSeparator":"","_EventTimeRangeSeparator":"","_EventOrganizerID":[],"_EventVenueID":[],"_OrganizerEmail":"","_OrganizerPhone":"","_OrganizerWebsite":"","_VenueAddress":"","_VenueCity":"","_VenueCountry":"","_VenueProvince":"","_VenueState":"","_VenueZip":"","_VenuePhone":"","_VenueURL":"","_VenueStateProvince":"","_VenueLat":"","_VenueLng":"","_VenueShowMap":false,"_VenueShowMapLink":false,"footnotes":""},"class_list":["post-2447","page","type-page","status-publish","hentry"],"yoast_head":"<!-- This site is optimized with the Yoast SEO plugin v27.0 - https:\/\/yoast.com\/product\/yoast-seo-wordpress\/ -->\n<title>Meditar en Vilassar con Eva Par\u00e9s - Formadora GIM<\/title>\n<meta name=\"description\" content=\"Conoce a Eva Par\u00e9s formadora de meditaci\u00f3n del programa GIM de Sangha Activa en Vilassar de Mar. Grupos y horarios\" \/>\n<meta name=\"robots\" content=\"index, follow, max-snippet:-1, max-image-preview:large, max-video-preview:-1\" \/>\n<link rel=\"canonical\" href=\"https:\/\/sanghaactiva.com\/ca\/meditacion\/curso-meditacion-gim\/eva-pares-formadora-gim-2\/\" \/>\n<meta property=\"og:locale\" content=\"ca_ES\" \/>\n<meta property=\"og:type\" content=\"article\" \/>\n<meta property=\"og:title\" content=\"Meditar en Vilassar con Eva Par\u00e9s - Formadora GIM\" \/>\n<meta property=\"og:description\" content=\"Conoce a Eva Par\u00e9s formadora de meditaci\u00f3n del programa GIM de Sangha Activa en Vilassar de Mar. Grupos y horarios\" \/>\n<meta property=\"og:url\" content=\"https:\/\/sanghaactiva.com\/ca\/meditacion\/curso-meditacion-gim\/eva-pares-formadora-gim-2\/\" \/>\n<meta property=\"og:site_name\" content=\"Sangha Activa\" \/>\n<meta property=\"article:publisher\" content=\"https:\/\/www.facebook.com\/sanghaactiva\" \/>\n<meta property=\"article:modified_time\" content=\"2023-11-14T13:10:57+00:00\" \/>\n<meta property=\"og:image\" content=\"https:\/\/sanghaactiva.com\/wp-content\/uploads\/2023\/07\/eva-pares-formadora-gim.jpg\" \/>\n<meta name=\"twitter:card\" content=\"summary_large_image\" \/>\n<meta name=\"twitter:label1\" content=\"Temps estimat de lectura\" \/>\n\t<meta name=\"twitter:data1\" content=\"1 minut\" \/>\n<!-- \/ Yoast SEO plugin. -->","yoast_head_json":{"title":"Meditar en Vilassar con Eva Par\u00e9s - Formadora GIM","description":"Conoce a Eva Par\u00e9s formadora de meditaci\u00f3n del programa GIM de Sangha Activa en Vilassar de Mar. Grupos y horarios","robots":{"index":"index","follow":"follow","max-snippet":"max-snippet:-1","max-image-preview":"max-image-preview:large","max-video-preview":"max-video-preview:-1"},"canonical":"https:\/\/sanghaactiva.com\/ca\/meditacion\/curso-meditacion-gim\/eva-pares-formadora-gim-2\/","og_locale":"ca_ES","og_type":"article","og_title":"Meditar en Vilassar con Eva Par\u00e9s - Formadora GIM","og_description":"Conoce a Eva Par\u00e9s formadora de meditaci\u00f3n del programa GIM de Sangha Activa en Vilassar de Mar. Grupos y horarios","og_url":"https:\/\/sanghaactiva.com\/ca\/meditacion\/curso-meditacion-gim\/eva-pares-formadora-gim-2\/","og_site_name":"Sangha Activa","article_publisher":"https:\/\/www.facebook.com\/sanghaactiva","article_modified_time":"2023-11-14T13:10:57+00:00","og_image":[{"url":"https:\/\/sanghaactiva.com\/wp-content\/uploads\/2023\/07\/eva-pares-formadora-gim.jpg","type":"","width":"","height":""}],"twitter_card":"summary_large_image","twitter_misc":{"Temps estimat de lectura":"1 minut"},"schema":{"@context":"https:\/\/schema.org","@graph":[{"@type":"WebPage","@id":"https:\/\/sanghaactiva.com\/meditacion\/curso-meditacion-gim\/eva-pares-formadora-gim-2","url":"https:\/\/sanghaactiva.com\/meditacion\/curso-meditacion-gim\/eva-pares-formadora-gim-2","name":"Meditar en Vilassar con Eva Par\u00e9s - Formadora GIM","isPartOf":{"@id":"https:\/\/sanghaactiva.com\/#website"},"primaryImageOfPage":{"@id":"https:\/\/sanghaactiva.com\/meditacion\/curso-meditacion-gim\/eva-pares-formadora-gim-2#primaryimage"},"image":{"@id":"https:\/\/sanghaactiva.com\/meditacion\/curso-meditacion-gim\/eva-pares-formadora-gim-2#primaryimage"},"thumbnailUrl":"https:\/\/sanghaactiva.com\/wp-content\/uploads\/2023\/07\/eva-pares-formadora-gim.jpg","datePublished":"2023-07-18T15:41:07+00:00","dateModified":"2023-11-14T13:10:57+00:00","description":"Conoce a Eva Par\u00e9s formadora de meditaci\u00f3n del programa GIM de Sangha Activa en Vilassar de Mar. Grupos y horarios","breadcrumb":{"@id":"https:\/\/sanghaactiva.com\/meditacion\/curso-meditacion-gim\/eva-pares-formadora-gim-2#breadcrumb"},"inLanguage":"ca","potentialAction":[{"@type":"ReadAction","target":["https:\/\/sanghaactiva.com\/meditacion\/curso-meditacion-gim\/eva-pares-formadora-gim-2"]}]},{"@type":"ImageObject","inLanguage":"ca","@id":"https:\/\/sanghaactiva.com\/meditacion\/curso-meditacion-gim\/eva-pares-formadora-gim-2#primaryimage","url":"https:\/\/sanghaactiva.com\/wp-content\/uploads\/2023\/07\/eva-pares-formadora-gim.jpg","contentUrl":"https:\/\/sanghaactiva.com\/wp-content\/uploads\/2023\/07\/eva-pares-formadora-gim.jpg"},{"@type":"BreadcrumbList","@id":"https:\/\/sanghaactiva.com\/meditacion\/curso-meditacion-gim\/eva-pares-formadora-gim-2#breadcrumb","itemListElement":[{"@type":"ListItem","position":1,"name":"Portada","item":"https:\/\/sanghaactiva.com\/"},{"@type":"ListItem","position":2,"name":"Formaci\u00f3n en meditaci\u00f3n","item":"https:\/\/sanghaactiva.com\/meditacion"},{"@type":"ListItem","position":3,"name":"Meditacion GIM","item":"https:\/\/sanghaactiva.com\/meditacion\/curso-meditacion-gim"},{"@type":"ListItem","position":4,"name":"Meditar en Vilassar de Mar con Eva Par\u00e9s &#8211; Formadora GIM"}]},{"@type":"WebSite","@id":"https:\/\/sanghaactiva.com\/#website","url":"https:\/\/sanghaactiva.com\/","name":"Sangha Activa","description":"Comunitat budista","publisher":{"@id":"https:\/\/sanghaactiva.com\/#organization"},"potentialAction":[{"@type":"SearchAction","target":{"@type":"EntryPoint","urlTemplate":"https:\/\/sanghaactiva.com\/?s={search_term_string}"},"query-input":{"@type":"PropertyValueSpecification","valueRequired":true,"valueName":"search_term_string"}}],"inLanguage":"ca"},{"@type":"Organization","@id":"https:\/\/sanghaactiva.com\/#organization","name":"Sangha Activa","url":"https:\/\/sanghaactiva.com\/","logo":{"@type":"ImageObject","inLanguage":"ca","@id":"https:\/\/sanghaactiva.com\/#\/schema\/logo\/image\/","url":"https:\/\/sanghaactiva.com\/wp-content\/uploads\/2023\/03\/cropped-cropped-cropped-cropped-cropped-log2_SAcol-e1682594942970.png","contentUrl":"https:\/\/sanghaactiva.com\/wp-content\/uploads\/2023\/03\/cropped-cropped-cropped-cropped-cropped-log2_SAcol-e1682594942970.png","width":50,"height":65,"caption":"Sangha Activa"},"image":{"@id":"https:\/\/sanghaactiva.com\/#\/schema\/logo\/image\/"},"sameAs":["https:\/\/www.facebook.com\/sanghaactiva","https:\/\/www.youtube.com\/channel\/UCcMXKFgf-cWzUn9GLIvZPsw","https:\/\/www.instagram.com\/sanghaactiva\/"]}]}},"_links":{"self":[{"href":"https:\/\/sanghaactiva.com\/ca\/wp-json\/wp\/v2\/pages\/2447","targetHints":{"allow":["GET"]}}],"collection":[{"href":"https:\/\/sanghaactiva.com\/ca\/wp-json\/wp\/v2\/pages"}],"about":[{"href":"https:\/\/sanghaactiva.com\/ca\/wp-json\/wp\/v2\/types\/page"}],"author":[{"embeddable":true,"href":"https:\/\/sanghaactiva.com\/ca\/wp-json\/wp\/v2\/users\/1"}],"replies":[{"embeddable":true,"href":"https:\/\/sanghaactiva.com\/ca\/wp-json\/wp\/v2\/comments?post=2447"}],"version-history":[{"count":0,"href":"https:\/\/sanghaactiva.com\/ca\/wp-json\/wp\/v2\/pages\/2447\/revisions"}],"up":[{"embeddable":true,"href":"https:\/\/sanghaactiva.com\/ca\/wp-json\/wp\/v2\/pages\/515"}],"wp:attachment":[{"href":"https:\/\/sanghaactiva.com\/ca\/wp-json\/wp\/v2\/media?parent=2447"}],"curies":[{"name":"wp","href":"https:\/\/api.w.org\/{rel}","templated":true}]}}