{"id":26676,"date":"2025-10-01T17:50:31","date_gmt":"2025-10-01T15:50:31","guid":{"rendered":"https:\/\/sanghaactiva.com\/?page_id=26676"},"modified":"2025-10-29T16:57:09","modified_gmt":"2025-10-29T15:57:09","slug":"formacion-en-yoga-y-ayurveda","status":"publish","type":"page","link":"https:\/\/sanghaactiva.com\/ca\/formacion-en-yoga-y-ayurveda","title":{"rendered":"Formaci\u00f3n en Yoga y Ayurveda &#8211; Hatha Yoga, Vinyasa y Ayurveda"},"content":{"rendered":"<h2 class=\"wp-block-heading has-text-align-center\">Programa Hol\u00edtisco de Bienestar Chikitsa<\/h2>\n\n\n\n<h3 class=\"wp-block-heading has-text-align-center has-medium-font-size\">Programa Integral de Formaci\u00f3n en Yoga y Ayurveda ( Hatha Yoga y Vinyasa Yoga)<\/h3>\n\n\n\n<div style=\"height:43px\" aria-hidden=\"true\" class=\"wp-block-spacer\"><\/div>\n\n\n\n<div class=\"wp-block-columns is-layout-flex wp-container-core-columns-is-layout-28f84493 wp-block-columns-is-layout-flex\">\n<div class=\"wp-block-column is-layout-flow wp-block-column-is-layout-flow\" style=\"flex-basis:66.66%\">\n<p style=\"font-size:14px\">Inspirado en las ense\u00f1anzas de Sri T. Krishnamacharya, esta formaci\u00f3n en Yoga y Ayurveda  est\u00e1 dise\u00f1ado para transformar tanto a practicantes como a profesores, ofreci\u00e9ndoles las<strong> herramientas necesarias para cultivar el bienestar profundo a trav\u00e9s de las antiguas ciencias del Yoga y el Ayurveda.<\/strong><\/p>\n\n\n\n<p>Te sumergir\u00e1s en una experiencia formativa completa que incluye:<\/p>\n\n\n\n<ul style=\"font-size:14px\" class=\"wp-block-list\">\n<li class=\"has-small-font-size\">Los fundamentos tradicionales del Hatha Yoga <\/li>\n\n\n\n<li class=\"has-small-font-size\">La pr\u00e1ctica aut\u00e9ntica del Vinyasa seg\u00fan la tradici\u00f3n <\/li>\n\n\n\n<li class=\"has-small-font-size\">Los principios esenciales del Ayurveda para el autocuidado y la salud integral <\/li>\n<\/ul>\n<\/div>\n\n\n\n<div class=\"wp-block-column is-layout-flow wp-block-column-is-layout-flow\" style=\"flex-basis:33.33%\">\n<figure class=\"wp-block-image aligncenter size-full is-resized has-custom-border\"><img fetchpriority=\"high\" decoding=\"async\" width=\"400\" height=\"600\" src=\"https:\/\/sanghaactiva.com\/wp-content\/uploads\/2025\/10\/leo-cuda-imagen.jpg\" alt=\"leo cuda formaci\u00f3n en yoga y ayurveda\" class=\"wp-image-26684\" style=\"border-radius:5px;width:189px;height:auto\" srcset=\"https:\/\/sanghaactiva.com\/wp-content\/uploads\/2025\/10\/leo-cuda-imagen.jpg 400w, https:\/\/sanghaactiva.com\/wp-content\/uploads\/2025\/10\/leo-cuda-imagen-200x300.jpg 200w, https:\/\/sanghaactiva.com\/wp-content\/uploads\/2025\/10\/leo-cuda-imagen-8x12.jpg 8w\" sizes=\"(max-width: 400px) 100vw, 400px\" \/><figcaption class=\"wp-element-caption\">Fuente: leocuda.com<\/figcaption><\/figure>\n<\/div>\n<\/div>\n\n\n\n<div style=\"height:19px\" aria-hidden=\"true\" class=\"wp-block-spacer\"><\/div>\n\n\n\n<div class=\"wp-block-columns is-layout-flex wp-container-core-columns-is-layout-28f84493 wp-block-columns-is-layout-flex\">\n<div class=\"wp-block-column is-layout-flow wp-block-column-is-layout-flow\" style=\"flex-basis:40%\">\n<figure class=\"wp-block-image size-full is-resized has-custom-border\"><img decoding=\"async\" width=\"800\" height=\"600\" data-src=\"https:\/\/sanghaactiva.com\/wp-content\/uploads\/2025\/10\/formacion-yoga-imagen.jpg\" alt=\"leo cuda formaci\u00f3n en yoga y ayurveda\" class=\"wp-image-26683 lazyload\" style=\"--smush-placeholder-width: 800px; --smush-placeholder-aspect-ratio: 800\/600;border-radius:5px;width:349px;height:auto\" data-srcset=\"https:\/\/sanghaactiva.com\/wp-content\/uploads\/2025\/10\/formacion-yoga-imagen.jpg 800w, https:\/\/sanghaactiva.com\/wp-content\/uploads\/2025\/10\/formacion-yoga-imagen-300x225.jpg 300w, https:\/\/sanghaactiva.com\/wp-content\/uploads\/2025\/10\/formacion-yoga-imagen-768x576.jpg 768w, https:\/\/sanghaactiva.com\/wp-content\/uploads\/2025\/10\/formacion-yoga-imagen-16x12.jpg 16w\" data-sizes=\"(max-width: 800px) 100vw, 800px\" src=\"data:image\/svg+xml;base64,PHN2ZyB3aWR0aD0iMSIgaGVpZ2h0PSIxIiB4bWxucz0iaHR0cDovL3d3dy53My5vcmcvMjAwMC9zdmciPjwvc3ZnPg==\" \/><figcaption class=\"wp-element-caption\"><a href=\"Fuente: https:\/\/leocudayoga.com\/\"><em>Fuente: https:\/\/leocudayoga.com\/<\/em><\/a><\/figcaption><\/figure>\n<\/div>\n\n\n\n<div class=\"wp-block-column is-layout-flow wp-block-column-is-layout-flow\">\n<h3 class=\"wp-block-heading has-medium-font-size\">Requisitos para participar en la formaci\u00f3n enyoga y ayurveda<\/h3>\n\n\n\n<ul class=\"wp-block-list\">\n<li>Experiencia previa en alguna pr\u00e1ctica corporal (no es necesario ser experto) <\/li>\n\n\n\n<li>Nivel b\u00e1sico de conciencia corporal <\/li>\n\n\n\n<li>Compromiso firme con la pr\u00e1ctica durante toda la duraci\u00f3n del programa<\/li>\n<\/ul>\n\n\n\n<p><strong><em>Importante:<\/em><\/strong> Antes de formalizar tu inscripci\u00f3n, recomendamos una entrevista personal con el profesor para asegurar que el programa sea adecuado para tus necesidades y nivel de experiencia.<\/p>\n<\/div>\n<\/div>\n\n\n\n<div style=\"height:43px\" aria-hidden=\"true\" class=\"wp-block-spacer\"><\/div>\n\n\n\n<h3 class=\"wp-block-heading has-medium-font-size\">Este curso en Hatha Yoga, Vinayasa Yoga y Ayurveda est\u00e1 dirigido a: <\/h3>\n\n\n\n<h4 class=\"wp-block-heading has-small-font-size\"><strong>&gt; Buscadores del bienestar integral<\/strong><\/h4>\n\n\n\n<p><em>Para todas aquellas personas que desean mejorar su calidad<\/em> <em>de vida y cultivar su salud f\u00edsica, mental y emocional a trav\u00e9s<\/em> <em>de pr\u00e1cticas milenarias respaldadas por la sabidur\u00eda del Yoga<\/em> <em>y el Ayurveda.<\/em><\/p>\n\n\n\n<h4 class=\"wp-block-heading has-small-font-size\"><strong>&gt; Practicantes de disciplinas corporales<\/strong><\/h4>\n\n\n\n<p><em>Estudiantes y practicantes de Yoga, Tai Chi, Qi Gong, Danza<\/em> <em>y otras disciplinas corporales que buscan enriquecer su<\/em> <em>pr\u00e1ctica personal, ampliar sus conocimientos y descubrir<\/em> <em>herramientas de autocuidado que podr\u00e1n aplicar durante<\/em> <em>toda su vida.<\/em><\/p>\n\n\n\n<h4 class=\"wp-block-heading has-small-font-size\">&gt; <strong>Aprendices de la tradici\u00f3n aut\u00e9ntica<\/strong><\/h4>\n\n\n\n<p><em>Personas interesadas en aprender las t\u00e9cnicas de Hatha Yoga,<\/em> <em>Vinyasa y los principios del Ayurveda directamente de un<\/em> <em>maestro con m\u00e1s de una d\u00e9cada de experiencia viviendo y<\/em> <em>estudiando en Asia e India, siguiendo el linaje de ense\u00f1anza<\/em> <em>del legendario Sri T. Krishnamacharya.<\/em><\/p>\n\n\n\n<div style=\"height:41px\" aria-hidden=\"true\" class=\"wp-block-spacer\"><\/div>\n\n\n\n<h2 class=\"wp-block-heading has-text-align-center has-large-font-size\">Fechas y horario<\/h2>\n\n\n\n<p>De octubre 2025 a mayo 2026.  |  S\u00e1bados o Domingos (8 horas) 9 a 14 y 15 a 18:30 + tutor\u00edas grupales mensuales por Zoom<\/p>\n\n\n\n<p class=\"has-text-align-center\"><strong>100 horas de Formaci\u00f3n<\/strong> | <strong>80 horas presenciales<\/strong> | <strong>20 horas online<\/strong><\/p>\n\n\n\n<h2 class=\"wp-block-heading has-text-align-center\">\u00bfQuieres asistir a la sesi\u00f3n informativa?<\/h2>\n\n\n\n<h3 class=\"wp-block-heading has-text-align-center has-medium-font-size\">13 de diciembre | 10h | Dones d&#8217;Aigua St. Iscle de Vallalta<\/h3>\n\n\n\n<p>Si te interesa participar en el programa y quieres saber m\u00e1s, te animamos a que vengas la sesi\u00f3n informativa el dia 11 de octubre a las 10h en nuestro centro <a href=\"https:\/\/sanghaactiva.com\/ca\/sobre-sangha-activa\/centro-sangha-activa-dones-daigua\/\">Sangha Activa Dones d&#8217;Aigua &#8211; St. Iscle de Vallalta<\/a><\/p>\n\n\n\n<div class=\"wp-block-buttons is-content-justification-center is-layout-flex wp-container-core-buttons-is-layout-a89b3969 wp-block-buttons-is-layout-flex\">\n<div class=\"wp-block-button\"><a class=\"wp-block-button__link has-text-align-center wp-element-button\" href=\"https:\/\/sanghaactiva.com\/ca\/agenda\/programa-integral-formacion-en-yoga-ayurveda-13-diciembre\/\" target=\"_blank\" rel=\"noreferrer noopener nofollow\">inscripci\u00f3n a la sesi\u00f3n informativa<\/a><\/div>\n<\/div>","protected":false},"excerpt":{"rendered":"<p>Programa Hol\u00edtisco de Bienestar Chikitsa Programa Integral de Formaci\u00f3n en Yoga y Ayurveda ( Hatha Yoga y Vinyasa Yoga) Inspirado en las ense\u00f1anzas de Sri T. Krishnamacharya, esta formaci\u00f3n en [&hellip;]<\/p>\n","protected":false},"author":1,"featured_media":26690,"parent":0,"menu_order":0,"comment_status":"closed","ping_status":"closed","template":"","meta":{"site-sidebar-layout":"default","site-content-layout":"","ast-site-content-layout":"default","site-content-style":"default","site-sidebar-style":"default","ast-global-header-display":"","ast-banner-title-visibility":"","ast-main-header-display":"","ast-hfb-above-header-display":"","ast-hfb-below-header-display":"","ast-hfb-mobile-header-display":"","site-post-title":"disabled","ast-breadcrumbs-content":"","ast-featured-img":"disabled","footer-sml-layout":"","ast-disable-related-posts":"","theme-transparent-header-meta":"","adv-header-id-meta":"","stick-header-meta":"","header-above-stick-meta":"","header-main-stick-meta":"","header-below-stick-meta":"","astra-migrate-meta-layouts":"set","ast-page-background-enabled":"default","ast-page-background-meta":{"desktop":{"background-color":"","background-image":"","background-repeat":"repeat","background-position":"center center","background-size":"auto","background-attachment":"scroll","background-type":"","background-media":"","overlay-type":"","overlay-color":"","overlay-opacity":"","overlay-gradient":""},"tablet":{"background-color":"","background-image":"","background-repeat":"repeat","background-position":"center center","background-size":"auto","background-attachment":"scroll","background-type":"","background-media":"","overlay-type":"","overlay-color":"","overlay-opacity":"","overlay-gradient":""},"mobile":{"background-color":"","background-image":"","background-repeat":"repeat","background-position":"center center","background-size":"auto","background-attachment":"scroll","background-type":"","background-media":"","overlay-type":"","overlay-color":"","overlay-opacity":"","overlay-gradient":""}},"ast-content-background-meta":{"desktop":{"background-color":"var(--ast-global-color-5)","background-image":"","background-repeat":"repeat","background-position":"center center","background-size":"auto","background-attachment":"scroll","background-type":"","background-media":"","overlay-type":"","overlay-color":"","overlay-opacity":"","overlay-gradient":""},"tablet":{"background-color":"var(--ast-global-color-5)","background-image":"","background-repeat":"repeat","background-position":"center center","background-size":"auto","background-attachment":"scroll","background-type":"","background-media":"","overlay-type":"","overlay-color":"","overlay-opacity":"","overlay-gradient":""},"mobile":{"background-color":"var(--ast-global-color-5)","background-image":"","background-repeat":"repeat","background-position":"center center","background-size":"auto","background-attachment":"scroll","background-type":"","background-media":"","overlay-type":"","overlay-color":"","overlay-opacity":"","overlay-gradient":""}},"_EventAllDay":false,"_EventTimezone":"","_EventStartDate":"","_EventEndDate":"","_EventStartDateUTC":"","_EventEndDateUTC":"","_EventShowMap":false,"_EventShowMapLink":false,"_EventURL":"","_EventCost":"","_EventCostDescription":"","_EventCurrencySymbol":"","_EventCurrencyCode":"","_EventCurrencyPosition":"","_EventDateTimeSeparator":"","_EventTimeRangeSeparator":"","_EventOrganizerID":[],"_EventVenueID":[],"_OrganizerEmail":"","_OrganizerPhone":"","_OrganizerWebsite":"","_VenueAddress":"","_VenueCity":"","_VenueCountry":"","_VenueProvince":"","_VenueState":"","_VenueZip":"","_VenuePhone":"","_VenueURL":"","_VenueStateProvince":"","_VenueLat":"","_VenueLng":"","_VenueShowMap":false,"_VenueShowMapLink":false,"footnotes":""},"class_list":["post-26676","page","type-page","status-publish","has-post-thumbnail","hentry"],"yoast_head":"<!-- This site is optimized with the Yoast SEO plugin v27.0 - https:\/\/yoast.com\/product\/yoast-seo-wordpress\/ -->\n<title>Formaci\u00f3n en Yoga y Ayurveda | Programa Hol\u00edstico de Bienestar<\/title>\n<meta name=\"description\" content=\"Formaci\u00f3n en Yoga y Ayurvda a trav\u00e9sd de un Program Integral de formaci\u00f3n en Hatha Yoga, Vinyasa Yoga y Ayurveda. De la mano de Leo Cuda\" \/>\n<meta name=\"robots\" content=\"index, follow, max-snippet:-1, max-image-preview:large, max-video-preview:-1\" \/>\n<link rel=\"canonical\" href=\"https:\/\/sanghaactiva.com\/ca\/formacion-en-yoga-y-ayurveda\/\" \/>\n<meta property=\"og:locale\" content=\"ca_ES\" \/>\n<meta property=\"og:type\" content=\"article\" \/>\n<meta property=\"og:title\" content=\"Formaci\u00f3n en Yoga y Ayurveda | Programa Hol\u00edstico de Bienestar\" \/>\n<meta property=\"og:description\" content=\"Formaci\u00f3n en Yoga y Ayurvda a trav\u00e9sd de un Program Integral de formaci\u00f3n en Hatha Yoga, Vinyasa Yoga y Ayurveda. De la mano de Leo Cuda\" \/>\n<meta property=\"og:url\" content=\"https:\/\/sanghaactiva.com\/ca\/formacion-en-yoga-y-ayurveda\/\" \/>\n<meta property=\"og:site_name\" content=\"Sangha Activa\" \/>\n<meta property=\"article:publisher\" content=\"https:\/\/www.facebook.com\/sanghaactiva\" \/>\n<meta property=\"article:modified_time\" content=\"2025-10-29T15:57:09+00:00\" \/>\n<meta property=\"og:image\" content=\"https:\/\/sanghaactiva.com\/wp-content\/uploads\/2025\/10\/formacion-yoga-y-ayurveda-portada.jpg\" \/>\n\t<meta property=\"og:image:width\" content=\"1440\" \/>\n\t<meta property=\"og:image:height\" content=\"810\" \/>\n\t<meta property=\"og:image:type\" content=\"image\/jpeg\" \/>\n<meta name=\"twitter:card\" content=\"summary_large_image\" \/>\n<meta name=\"twitter:label1\" content=\"Temps estimat de lectura\" \/>\n\t<meta name=\"twitter:data1\" content=\"3 minuts\" \/>\n<!-- \/ Yoast SEO plugin. -->","yoast_head_json":{"title":"Formaci\u00f3n en Yoga y Ayurveda | Programa Hol\u00edstico de Bienestar","description":"Formaci\u00f3n en Yoga y Ayurvda a trav\u00e9sd de un Program Integral de formaci\u00f3n en Hatha Yoga, Vinyasa Yoga y Ayurveda. De la mano de Leo Cuda","robots":{"index":"index","follow":"follow","max-snippet":"max-snippet:-1","max-image-preview":"max-image-preview:large","max-video-preview":"max-video-preview:-1"},"canonical":"https:\/\/sanghaactiva.com\/ca\/formacion-en-yoga-y-ayurveda\/","og_locale":"ca_ES","og_type":"article","og_title":"Formaci\u00f3n en Yoga y Ayurveda | Programa Hol\u00edstico de Bienestar","og_description":"Formaci\u00f3n en Yoga y Ayurvda a trav\u00e9sd de un Program Integral de formaci\u00f3n en Hatha Yoga, Vinyasa Yoga y Ayurveda. De la mano de Leo Cuda","og_url":"https:\/\/sanghaactiva.com\/ca\/formacion-en-yoga-y-ayurveda\/","og_site_name":"Sangha Activa","article_publisher":"https:\/\/www.facebook.com\/sanghaactiva","article_modified_time":"2025-10-29T15:57:09+00:00","og_image":[{"width":1440,"height":810,"url":"https:\/\/sanghaactiva.com\/wp-content\/uploads\/2025\/10\/formacion-yoga-y-ayurveda-portada.jpg","type":"image\/jpeg"}],"twitter_card":"summary_large_image","twitter_misc":{"Temps estimat de lectura":"3 minuts"},"schema":{"@context":"https:\/\/schema.org","@graph":[{"@type":"WebPage","@id":"https:\/\/sanghaactiva.com\/formacion-en-yoga-y-ayurveda","url":"https:\/\/sanghaactiva.com\/formacion-en-yoga-y-ayurveda","name":"Formaci\u00f3n en Yoga y Ayurveda | Programa Hol\u00edstico de Bienestar","isPartOf":{"@id":"https:\/\/sanghaactiva.com\/#website"},"primaryImageOfPage":{"@id":"https:\/\/sanghaactiva.com\/formacion-en-yoga-y-ayurveda#primaryimage"},"image":{"@id":"https:\/\/sanghaactiva.com\/formacion-en-yoga-y-ayurveda#primaryimage"},"thumbnailUrl":"https:\/\/sanghaactiva.com\/wp-content\/uploads\/2025\/10\/formacion-yoga-y-ayurveda-portada.jpg","datePublished":"2025-10-01T15:50:31+00:00","dateModified":"2025-10-29T15:57:09+00:00","description":"Formaci\u00f3n en Yoga y Ayurvda a trav\u00e9sd de un Program Integral de formaci\u00f3n en Hatha Yoga, Vinyasa Yoga y Ayurveda. De la mano de Leo Cuda","breadcrumb":{"@id":"https:\/\/sanghaactiva.com\/formacion-en-yoga-y-ayurveda#breadcrumb"},"inLanguage":"ca","potentialAction":[{"@type":"ReadAction","target":["https:\/\/sanghaactiva.com\/formacion-en-yoga-y-ayurveda"]}]},{"@type":"ImageObject","inLanguage":"ca","@id":"https:\/\/sanghaactiva.com\/formacion-en-yoga-y-ayurveda#primaryimage","url":"https:\/\/sanghaactiva.com\/wp-content\/uploads\/2025\/10\/formacion-yoga-y-ayurveda-portada.jpg","contentUrl":"https:\/\/sanghaactiva.com\/wp-content\/uploads\/2025\/10\/formacion-yoga-y-ayurveda-portada.jpg","width":1440,"height":810},{"@type":"BreadcrumbList","@id":"https:\/\/sanghaactiva.com\/formacion-en-yoga-y-ayurveda#breadcrumb","itemListElement":[{"@type":"ListItem","position":1,"name":"Portada","item":"https:\/\/sanghaactiva.com\/"},{"@type":"ListItem","position":2,"name":"Formaci\u00f3n en Yoga y Ayurveda &#8211; Hatha Yoga, Vinyasa y Ayurveda"}]},{"@type":"WebSite","@id":"https:\/\/sanghaactiva.com\/#website","url":"https:\/\/sanghaactiva.com\/","name":"Sangha Activa","description":"Comunitat budista","publisher":{"@id":"https:\/\/sanghaactiva.com\/#organization"},"potentialAction":[{"@type":"SearchAction","target":{"@type":"EntryPoint","urlTemplate":"https:\/\/sanghaactiva.com\/?s={search_term_string}"},"query-input":{"@type":"PropertyValueSpecification","valueRequired":true,"valueName":"search_term_string"}}],"inLanguage":"ca"},{"@type":"Organization","@id":"https:\/\/sanghaactiva.com\/#organization","name":"Sangha Activa","url":"https:\/\/sanghaactiva.com\/","logo":{"@type":"ImageObject","inLanguage":"ca","@id":"https:\/\/sanghaactiva.com\/#\/schema\/logo\/image\/","url":"https:\/\/sanghaactiva.com\/wp-content\/uploads\/2023\/03\/cropped-cropped-cropped-cropped-cropped-log2_SAcol-e1682594942970.png","contentUrl":"https:\/\/sanghaactiva.com\/wp-content\/uploads\/2023\/03\/cropped-cropped-cropped-cropped-cropped-log2_SAcol-e1682594942970.png","width":50,"height":65,"caption":"Sangha Activa"},"image":{"@id":"https:\/\/sanghaactiva.com\/#\/schema\/logo\/image\/"},"sameAs":["https:\/\/www.facebook.com\/sanghaactiva","https:\/\/www.youtube.com\/channel\/UCcMXKFgf-cWzUn9GLIvZPsw","https:\/\/www.instagram.com\/sanghaactiva\/"]}]}},"_links":{"self":[{"href":"https:\/\/sanghaactiva.com\/ca\/wp-json\/wp\/v2\/pages\/26676","targetHints":{"allow":["GET"]}}],"collection":[{"href":"https:\/\/sanghaactiva.com\/ca\/wp-json\/wp\/v2\/pages"}],"about":[{"href":"https:\/\/sanghaactiva.com\/ca\/wp-json\/wp\/v2\/types\/page"}],"author":[{"embeddable":true,"href":"https:\/\/sanghaactiva.com\/ca\/wp-json\/wp\/v2\/users\/1"}],"replies":[{"embeddable":true,"href":"https:\/\/sanghaactiva.com\/ca\/wp-json\/wp\/v2\/comments?post=26676"}],"version-history":[{"count":11,"href":"https:\/\/sanghaactiva.com\/ca\/wp-json\/wp\/v2\/pages\/26676\/revisions"}],"predecessor-version":[{"id":27013,"href":"https:\/\/sanghaactiva.com\/ca\/wp-json\/wp\/v2\/pages\/26676\/revisions\/27013"}],"wp:featuredmedia":[{"embeddable":true,"href":"https:\/\/sanghaactiva.com\/ca\/wp-json\/wp\/v2\/media\/26690"}],"wp:attachment":[{"href":"https:\/\/sanghaactiva.com\/ca\/wp-json\/wp\/v2\/media?parent=26676"}],"curies":[{"name":"wp","href":"https:\/\/api.w.org\/{rel}","templated":true}]}}