{"id":26975,"date":"2025-10-26T11:21:17","date_gmt":"2025-10-26T10:21:17","guid":{"rendered":"https:\/\/sanghaactiva.com\/?page_id=26975"},"modified":"2025-10-26T11:21:21","modified_gmt":"2025-10-26T10:21:21","slug":"iniciacion-a-tara-blanca","status":"publish","type":"page","link":"https:\/\/sanghaactiva.com\/ca\/rituales\/iniciaciones-tantricas\/iniciacion-a-tara-blanca","title":{"rendered":"Iniciaci\u00f3n a Tara Blanca"},"content":{"rendered":"<h2 class=\"wp-block-heading has-large-font-size\" id=\"iniciacion-comentario-y-practica-de-tara-verde\">Iniciaci\u00f3n, comentario y pr\u00e1ctica de Tara Blanca<\/h2>\n\n\n\n<div style=\"height:60px\" aria-hidden=\"true\" class=\"wp-block-spacer\"><\/div>\n\n\n\n<div class=\"wp-block-columns is-layout-flex wp-container-core-columns-is-layout-28f84493 wp-block-columns-is-layout-flex\">\n<div class=\"wp-block-column is-layout-flow wp-block-column-is-layout-flow\" style=\"flex-basis:66.66%\">\n<h3 class=\"wp-block-heading\" id=\"que-representa-tara-verde-1\" style=\"font-size:25px\">\u00bfQu\u00e9 representa Tara Blanca?<\/h3>\n\n\n\n<p>La&nbsp;<em>Iniciaci\u00f3n en Tara Blanca<\/em>&nbsp;es una ceremonia sagrada dentro del Budismo Vajrayana. A trav\u00e9s de ella, el practicante establece una conexi\u00f3n profunda con la energ\u00eda compasiva y protectora de&nbsp;<strong>Tara Blanca<\/strong>, manifestaci\u00f3n de la Sabidur\u00eda que libera los obst\u00e1culos y otorga longevidad.<\/p>\n\n\n\n<p>Tara Blanca representa la pureza, la claridad y la compasi\u00f3n activa que disuelven los impedimentos \u2014externos e internos\u2014 que surgen en el camino espiritual y en la vida cotidiana. Su bendici\u00f3n favorece la&nbsp;<strong>salud<\/strong>, la&nbsp;<strong>vitalidad<\/strong>&nbsp;y la&nbsp;<strong>estabilidad interior<\/strong>, cualidades esenciales para sostener la pr\u00e1ctica y cumplir nuestras responsabilidades con consciencia y equilibrio.<\/p>\n\n\n\n<p>A la&nbsp;<strong>tradici\u00f3n Sakya<\/strong>, recibir esta iniciaci\u00f3n implica entrar en contacto directo con la energ\u00eda iluminada de Tara Blanca. A trav\u00e9s de la transmisi\u00f3n del Lama, la pr\u00e1ctica se vuelve m\u00e1s profunda y efectiva, ayudando a transformar las dificultades en sabidur\u00eda y a cultivar una vida larga, plena y con prop\u00f3sito.<\/p>\n\n\n\n<p>Participar en esta iniciaci\u00f3n es una oportunidad para abrir el coraz\u00f3n a la presencia viva de Tara Blanca, recibir su bendici\u00f3n y avanzar con claridad en el sendero Vajrayana hacia la realizaci\u00f3n y la liberaci\u00f3n interior.<\/p>\n<\/div>\n\n\n\n<div class=\"wp-block-column is-layout-flow wp-block-column-is-layout-flow\" style=\"flex-basis:33.33%\">\n<figure class=\"wp-block-image size-full has-custom-border\"><img fetchpriority=\"high\" decoding=\"async\" width=\"400\" height=\"600\" src=\"https:\/\/sanghaactiva.com\/wp-content\/uploads\/2025\/10\/Tara-Blanca-imagen.jpg\" alt=\"\" class=\"wp-image-26976\" style=\"border-radius:5px\" srcset=\"https:\/\/sanghaactiva.com\/wp-content\/uploads\/2025\/10\/Tara-Blanca-imagen.jpg 400w, https:\/\/sanghaactiva.com\/wp-content\/uploads\/2025\/10\/Tara-Blanca-imagen-200x300.jpg 200w, https:\/\/sanghaactiva.com\/wp-content\/uploads\/2025\/10\/Tara-Blanca-imagen-8x12.jpg 8w\" sizes=\"(max-width: 400px) 100vw, 400px\" \/><\/figure>\n\n\n\n<div style=\"height:100px\" aria-hidden=\"true\" class=\"wp-block-spacer\"><\/div>\n<\/div>\n<\/div>\n\n\n\n<h3 class=\"wp-block-heading\" id=\"requisitos-para-la-iniciacion-de-tara\" style=\"font-size:25px\">Requisitos para la iniciaci\u00f3n de Tara Blanca<\/h3>\n\n\n\n<p>El mestre ha de ser un mestre qualificat i tenir els permisos per a atorgar la Iniciaci\u00f3, i el deixeble que la presa, ha d'estar animat per la motivaci\u00f3 de la bodichitta, i es compromet a mantenir els compromisos espec\u00edfics de la Iniciaci\u00f3. Tradicionalment mestre i deixeble han d'examinar-se abans de comprometre's m\u00fatuament. Per aquest motiu, antigament, els mahasidas conferien les transmissions a una sola persona o a grups molt redu\u00efts.<\/p>\n\n\n\n<p>Aquesta Iniciaci\u00f3 pertany al <strong>kryatantra<\/strong>Segons els textos quan un mestre confereix aquest tipus d'Iniciaci\u00f3 \u201ca una gran assemblea\u201d, als participants que no es troben preparats se'ls demana que no es comprometin amb els vots espec\u00edfics, i que la prenguin com una BENEDICCI\u00d3, com una llavor plantada per a l'avenir.&nbsp;<strong>Per aix\u00f2, no hi ha requisits espec\u00edfics per a participar en aquesta activitat. Oberta a tothom.<\/strong><\/p>\n\n\n\n<p><strong>Al ser una Iniciaci\u00f3 de Kryatantra, s'aconsella als assistents (fins a finalitzar-la):<\/strong><\/p>\n\n\n\n<ul class=\"wp-block-list\">\n<li> Evitar els cinc aliments negres (carn, peix, all, ceba i ou). <\/li>\n\n\n\n<li> Preservar els cinc preceptes budistes (no matar, no robar, no mentir, no cometre actes sexuals que\nprovoquin sofriment, i no prendre intoxicants que pertorbin la nostra ment). <\/li>\n\n\n\n<li>Assistir pulcres i amb roba clara.<\/li>\n<\/ul>\n\n\n\n<div style=\"height:30px\" aria-hidden=\"true\" class=\"wp-block-spacer\"><\/div>\n\n\n\n<div class=\"wp-block-buttons is-content-justification-center is-layout-flex wp-container-core-buttons-is-layout-a89b3969 wp-block-buttons-is-layout-flex\">\n<div class=\"wp-block-button\"><a class=\"wp-block-button__link wp-element-button\" href=\"https:\/\/sanghaactiva.com\/ca\/agenda\/categoria\/rituales-eventos\/tara-blanca\/\">FECHAS DE INICIACIONES O PR\u00c1CTICAS DE TARA blanca<\/a><\/div>\n<\/div>\n\n\n\n<p><\/p>","protected":false},"excerpt":{"rendered":"<p>Iniciaci\u00f3n, comentario y pr\u00e1ctica de Tara Blanca \u00bfQu\u00e9 representa Tara Blanca? La&nbsp;Iniciaci\u00f3n en Tara Blanca&nbsp;es una ceremonia sagrada dentro del Budismo Vajrayana. A trav\u00e9s de ella, el practicante establece una [&hellip;]<\/p>\n","protected":false},"author":1,"featured_media":21856,"parent":1438,"menu_order":0,"comment_status":"closed","ping_status":"closed","template":"","meta":{"site-sidebar-layout":"default","site-content-layout":"","ast-site-content-layout":"default","site-content-style":"default","site-sidebar-style":"default","ast-global-header-display":"","ast-banner-title-visibility":"","ast-main-header-display":"","ast-hfb-above-header-display":"","ast-hfb-below-header-display":"","ast-hfb-mobile-header-display":"","site-post-title":"disabled","ast-breadcrumbs-content":"","ast-featured-img":"disabled","footer-sml-layout":"","ast-disable-related-posts":"","theme-transparent-header-meta":"","adv-header-id-meta":"","stick-header-meta":"","header-above-stick-meta":"","header-main-stick-meta":"","header-below-stick-meta":"","astra-migrate-meta-layouts":"set","ast-page-background-enabled":"default","ast-page-background-meta":{"desktop":{"background-color":"","background-image":"","background-repeat":"repeat","background-position":"center center","background-size":"auto","background-attachment":"scroll","background-type":"","background-media":"","overlay-type":"","overlay-color":"","overlay-opacity":"","overlay-gradient":""},"tablet":{"background-color":"","background-image":"","background-repeat":"repeat","background-position":"center center","background-size":"auto","background-attachment":"scroll","background-type":"","background-media":"","overlay-type":"","overlay-color":"","overlay-opacity":"","overlay-gradient":""},"mobile":{"background-color":"","background-image":"","background-repeat":"repeat","background-position":"center center","background-size":"auto","background-attachment":"scroll","background-type":"","background-media":"","overlay-type":"","overlay-color":"","overlay-opacity":"","overlay-gradient":""}},"ast-content-background-meta":{"desktop":{"background-color":"var(--ast-global-color-5)","background-image":"","background-repeat":"repeat","background-position":"center center","background-size":"auto","background-attachment":"scroll","background-type":"","background-media":"","overlay-type":"","overlay-color":"","overlay-opacity":"","overlay-gradient":""},"tablet":{"background-color":"var(--ast-global-color-5)","background-image":"","background-repeat":"repeat","background-position":"center center","background-size":"auto","background-attachment":"scroll","background-type":"","background-media":"","overlay-type":"","overlay-color":"","overlay-opacity":"","overlay-gradient":""},"mobile":{"background-color":"var(--ast-global-color-5)","background-image":"","background-repeat":"repeat","background-position":"center center","background-size":"auto","background-attachment":"scroll","background-type":"","background-media":"","overlay-type":"","overlay-color":"","overlay-opacity":"","overlay-gradient":""}},"_EventAllDay":false,"_EventTimezone":"","_EventStartDate":"","_EventEndDate":"","_EventStartDateUTC":"","_EventEndDateUTC":"","_EventShowMap":false,"_EventShowMapLink":false,"_EventURL":"","_EventCost":"","_EventCostDescription":"","_EventCurrencySymbol":"","_EventCurrencyCode":"","_EventCurrencyPosition":"","_EventDateTimeSeparator":"","_EventTimeRangeSeparator":"","_EventOrganizerID":[],"_EventVenueID":[],"_OrganizerEmail":"","_OrganizerPhone":"","_OrganizerWebsite":"","_VenueAddress":"","_VenueCity":"","_VenueCountry":"","_VenueProvince":"","_VenueState":"","_VenueZip":"","_VenuePhone":"","_VenueURL":"","_VenueStateProvince":"","_VenueLat":"","_VenueLng":"","_VenueShowMap":false,"_VenueShowMapLink":false,"footnotes":""},"class_list":["post-26975","page","type-page","status-publish","has-post-thumbnail","hentry"],"yoast_head":"<!-- This site is optimized with the Yoast SEO plugin v27.0 - https:\/\/yoast.com\/product\/yoast-seo-wordpress\/ -->\n<title>Tara Blanca: Iniciaci\u00f3n, comentario y pr\u00e1ctica en budismo t\u00e1ntrico<\/title>\n<meta name=\"description\" content=\"Tara Blanca representa la pureza, la claridad y la compasi\u00f3n activa que disuelven los impedimentos que surgen en el camino espiritual y en la vida cotidiana.\" \/>\n<meta name=\"robots\" content=\"index, follow, max-snippet:-1, max-image-preview:large, max-video-preview:-1\" \/>\n<link rel=\"canonical\" href=\"https:\/\/sanghaactiva.com\/ca\/rituales\/iniciaciones-tantricas\/iniciacion-a-tara-blanca\/\" \/>\n<meta property=\"og:locale\" content=\"ca_ES\" \/>\n<meta property=\"og:type\" content=\"article\" \/>\n<meta property=\"og:title\" content=\"Tara Blanca: Iniciaci\u00f3n, comentario y pr\u00e1ctica en budismo t\u00e1ntrico\" \/>\n<meta property=\"og:description\" content=\"Tara Blanca representa la pureza, la claridad y la compasi\u00f3n activa que disuelven los impedimentos que surgen en el camino espiritual y en la vida cotidiana.\" \/>\n<meta property=\"og:url\" content=\"https:\/\/sanghaactiva.com\/ca\/rituales\/iniciaciones-tantricas\/iniciacion-a-tara-blanca\/\" \/>\n<meta property=\"og:site_name\" content=\"Sangha Activa\" \/>\n<meta property=\"article:publisher\" content=\"https:\/\/www.facebook.com\/sanghaactiva\" \/>\n<meta property=\"article:modified_time\" content=\"2025-10-26T10:21:21+00:00\" \/>\n<meta property=\"og:image\" content=\"https:\/\/sanghaactiva.com\/wp-content\/uploads\/2023\/11\/inciacion-practica-de-tara-verde-imagen-pagina.jpg\" \/>\n\t<meta property=\"og:image:width\" content=\"1920\" \/>\n\t<meta property=\"og:image:height\" content=\"1080\" \/>\n\t<meta property=\"og:image:type\" content=\"image\/jpeg\" \/>\n<meta name=\"twitter:card\" content=\"summary_large_image\" \/>\n<meta name=\"twitter:label1\" content=\"Temps estimat de lectura\" \/>\n\t<meta name=\"twitter:data1\" content=\"3 minuts\" \/>\n<!-- \/ Yoast SEO plugin. -->","yoast_head_json":{"title":"Tara Blanca: Iniciaci\u00f3n, comentario y pr\u00e1ctica en budismo t\u00e1ntrico","description":"Tara Blanca representa la pureza, la claridad y la compasi\u00f3n activa que disuelven los impedimentos que surgen en el camino espiritual y en la vida cotidiana.","robots":{"index":"index","follow":"follow","max-snippet":"max-snippet:-1","max-image-preview":"max-image-preview:large","max-video-preview":"max-video-preview:-1"},"canonical":"https:\/\/sanghaactiva.com\/ca\/rituales\/iniciaciones-tantricas\/iniciacion-a-tara-blanca\/","og_locale":"ca_ES","og_type":"article","og_title":"Tara Blanca: Iniciaci\u00f3n, comentario y pr\u00e1ctica en budismo t\u00e1ntrico","og_description":"Tara Blanca representa la pureza, la claridad y la compasi\u00f3n activa que disuelven los impedimentos que surgen en el camino espiritual y en la vida cotidiana.","og_url":"https:\/\/sanghaactiva.com\/ca\/rituales\/iniciaciones-tantricas\/iniciacion-a-tara-blanca\/","og_site_name":"Sangha Activa","article_publisher":"https:\/\/www.facebook.com\/sanghaactiva","article_modified_time":"2025-10-26T10:21:21+00:00","og_image":[{"width":1920,"height":1080,"url":"https:\/\/sanghaactiva.com\/wp-content\/uploads\/2023\/11\/inciacion-practica-de-tara-verde-imagen-pagina.jpg","type":"image\/jpeg"}],"twitter_card":"summary_large_image","twitter_misc":{"Temps estimat de lectura":"3 minuts"},"schema":{"@context":"https:\/\/schema.org","@graph":[{"@type":"WebPage","@id":"https:\/\/sanghaactiva.com\/rituales\/iniciaciones-tantricas\/iniciacion-a-tara-blanca","url":"https:\/\/sanghaactiva.com\/rituales\/iniciaciones-tantricas\/iniciacion-a-tara-blanca","name":"Tara Blanca: Iniciaci\u00f3n, comentario y pr\u00e1ctica en budismo t\u00e1ntrico","isPartOf":{"@id":"https:\/\/sanghaactiva.com\/#website"},"primaryImageOfPage":{"@id":"https:\/\/sanghaactiva.com\/rituales\/iniciaciones-tantricas\/iniciacion-a-tara-blanca#primaryimage"},"image":{"@id":"https:\/\/sanghaactiva.com\/rituales\/iniciaciones-tantricas\/iniciacion-a-tara-blanca#primaryimage"},"thumbnailUrl":"https:\/\/sanghaactiva.com\/wp-content\/uploads\/2023\/11\/inciacion-practica-de-tara-verde-imagen-pagina.jpg","datePublished":"2025-10-26T10:21:17+00:00","dateModified":"2025-10-26T10:21:21+00:00","description":"Tara Blanca representa la pureza, la claridad y la compasi\u00f3n activa que disuelven los impedimentos que surgen en el camino espiritual y en la vida cotidiana.","breadcrumb":{"@id":"https:\/\/sanghaactiva.com\/rituales\/iniciaciones-tantricas\/iniciacion-a-tara-blanca#breadcrumb"},"inLanguage":"ca","potentialAction":[{"@type":"ReadAction","target":["https:\/\/sanghaactiva.com\/rituales\/iniciaciones-tantricas\/iniciacion-a-tara-blanca"]}]},{"@type":"ImageObject","inLanguage":"ca","@id":"https:\/\/sanghaactiva.com\/rituales\/iniciaciones-tantricas\/iniciacion-a-tara-blanca#primaryimage","url":"https:\/\/sanghaactiva.com\/wp-content\/uploads\/2023\/11\/inciacion-practica-de-tara-verde-imagen-pagina.jpg","contentUrl":"https:\/\/sanghaactiva.com\/wp-content\/uploads\/2023\/11\/inciacion-practica-de-tara-verde-imagen-pagina.jpg","width":1920,"height":1080,"caption":"tara verde"},{"@type":"BreadcrumbList","@id":"https:\/\/sanghaactiva.com\/rituales\/iniciaciones-tantricas\/iniciacion-a-tara-blanca#breadcrumb","itemListElement":[{"@type":"ListItem","position":1,"name":"Portada","item":"https:\/\/sanghaactiva.com\/"},{"@type":"ListItem","position":2,"name":"Rituales","item":"https:\/\/sanghaactiva.com\/rituales"},{"@type":"ListItem","position":3,"name":"Iniciaciones t\u00e1ntricas","item":"https:\/\/sanghaactiva.com\/rituales\/iniciaciones-tantricas"},{"@type":"ListItem","position":4,"name":"Iniciaci\u00f3n a Tara Blanca"}]},{"@type":"WebSite","@id":"https:\/\/sanghaactiva.com\/#website","url":"https:\/\/sanghaactiva.com\/","name":"Sangha Activa","description":"Comunitat budista","publisher":{"@id":"https:\/\/sanghaactiva.com\/#organization"},"potentialAction":[{"@type":"SearchAction","target":{"@type":"EntryPoint","urlTemplate":"https:\/\/sanghaactiva.com\/?s={search_term_string}"},"query-input":{"@type":"PropertyValueSpecification","valueRequired":true,"valueName":"search_term_string"}}],"inLanguage":"ca"},{"@type":"Organization","@id":"https:\/\/sanghaactiva.com\/#organization","name":"Sangha Activa","url":"https:\/\/sanghaactiva.com\/","logo":{"@type":"ImageObject","inLanguage":"ca","@id":"https:\/\/sanghaactiva.com\/#\/schema\/logo\/image\/","url":"https:\/\/sanghaactiva.com\/wp-content\/uploads\/2023\/03\/cropped-cropped-cropped-cropped-cropped-log2_SAcol-e1682594942970.png","contentUrl":"https:\/\/sanghaactiva.com\/wp-content\/uploads\/2023\/03\/cropped-cropped-cropped-cropped-cropped-log2_SAcol-e1682594942970.png","width":50,"height":65,"caption":"Sangha Activa"},"image":{"@id":"https:\/\/sanghaactiva.com\/#\/schema\/logo\/image\/"},"sameAs":["https:\/\/www.facebook.com\/sanghaactiva","https:\/\/www.youtube.com\/channel\/UCcMXKFgf-cWzUn9GLIvZPsw","https:\/\/www.instagram.com\/sanghaactiva\/"]}]}},"_links":{"self":[{"href":"https:\/\/sanghaactiva.com\/ca\/wp-json\/wp\/v2\/pages\/26975","targetHints":{"allow":["GET"]}}],"collection":[{"href":"https:\/\/sanghaactiva.com\/ca\/wp-json\/wp\/v2\/pages"}],"about":[{"href":"https:\/\/sanghaactiva.com\/ca\/wp-json\/wp\/v2\/types\/page"}],"author":[{"embeddable":true,"href":"https:\/\/sanghaactiva.com\/ca\/wp-json\/wp\/v2\/users\/1"}],"replies":[{"embeddable":true,"href":"https:\/\/sanghaactiva.com\/ca\/wp-json\/wp\/v2\/comments?post=26975"}],"version-history":[{"count":3,"href":"https:\/\/sanghaactiva.com\/ca\/wp-json\/wp\/v2\/pages\/26975\/revisions"}],"predecessor-version":[{"id":26979,"href":"https:\/\/sanghaactiva.com\/ca\/wp-json\/wp\/v2\/pages\/26975\/revisions\/26979"}],"up":[{"embeddable":true,"href":"https:\/\/sanghaactiva.com\/ca\/wp-json\/wp\/v2\/pages\/1438"}],"wp:featuredmedia":[{"embeddable":true,"href":"https:\/\/sanghaactiva.com\/ca\/wp-json\/wp\/v2\/media\/21856"}],"wp:attachment":[{"href":"https:\/\/sanghaactiva.com\/ca\/wp-json\/wp\/v2\/media?parent=26975"}],"curies":[{"name":"wp","href":"https:\/\/api.w.org\/{rel}","templated":true}]}}