{"id":28824,"date":"2026-04-05T10:05:25","date_gmt":"2026-04-05T08:05:25","guid":{"rendered":"https:\/\/sanghaactiva.com\/?page_id=28824"},"modified":"2026-04-05T10:10:58","modified_gmt":"2026-04-05T08:10:58","slug":"beneficios-de-ser-esponsor-de-un-centro-de-dharma","status":"publish","type":"page","link":"https:\/\/sanghaactiva.com\/ca\/beneficios-de-ser-esponsor-de-un-centro-de-dharma","title":{"rendered":"Beneficios-ser-esponsor-centro-dharma"},"content":{"rendered":"<p class=\"has-large-font-size\"><strong>Beneficios de ser esp\u00f3nsor de un centro de dharma<\/strong><\/p>\n\n\n\n<p>Patrocinar un centro de Dharma es uno de los actos de generosidad m\u00e1s profundos y significativos en la tradici\u00f3n budista, con beneficios que se extienden tanto al mundo ordinario como al camino espiritual.<\/p>\n\n\n\n<div style=\"height:27px\" aria-hidden=\"true\" class=\"wp-block-spacer\"><\/div>\n\n\n\n<p class=\"has-medium-font-size\"><strong>Beneficios Mundanos<\/strong><\/p>\n\n\n\n<p>Sponsorizar actividades del Dharma trae consigo mejor salud f\u00edsica, mayor longevidad, reducci\u00f3n de obst\u00e1culos y las condiciones necesarias para generar un cambio positivo y duradero en la vida. Esta tradici\u00f3n de apoyo mutuo entre la comunidad laica y los centros espirituales crea v\u00ednculos profundos dentro de la comunidad y sostiene la pr\u00e1ctica espiritual de todos sus miembros.<\/p>\n\n\n\n<div style=\"height:27px\" aria-hidden=\"true\" class=\"wp-block-spacer\"><\/div>\n\n\n\n<p class=\"has-medium-font-size\"><strong>Beneficios Espirituales<\/strong><\/p>\n\n\n\n<p>Al apoyar a un centro de Dharma, la comunidad laica recibe m\u00e9rito k\u00e1rmico proporcional a la profundidad de la pr\u00e1ctica que sostiene. Los centros y sus maestros se convierten en un verdadero \u00abcampo de m\u00e9rito\u00bb. Adem\u00e1s, al alentar a otros a desarrollar cualidades espirituales, el esponsor contribuye a construir un mundo con mayor compasi\u00f3n y sabidur\u00eda.<\/p>\n\n\n\n<p>Los m\u00e9ritos generados por las pr\u00e1cticas y pujas del centro se dedican en nombre de todos los patrocinadores y sus familias. En la tradici\u00f3n del Vajrayana, esto significa que cada puja, cada ense\u00f1anza y cada iniciaci\u00f3n que el esponsor hace posible genera m\u00e9rito compartido \u2014 un m\u00e9rito que se extiende a sus seres queridos, sus ancestros y a todos los seres.<\/p>\n\n\n\n<div style=\"height:27px\" aria-hidden=\"true\" class=\"wp-block-spacer\"><\/div>\n\n\n\n<p class=\"has-medium-font-size\"><strong>El Don Supremo<\/strong><\/p>\n\n\n\n<p>Entre todos los tipos de generosidad, el \u00abdon del Dharma\u00bb \u2014 hacer posible que las ense\u00f1anzas lleguen a quienes las necesitan \u2014 es considerado por el Buda como la expresi\u00f3n m\u00e1s elevada de la ofrenda. Ser esponsor no es solo un acto de caridad: es participar activamente en la preservaci\u00f3n y transmisi\u00f3n de una sabidur\u00eda milenaria que beneficia a todos los seres.<\/p>\n\n\n\n<p><\/p>","protected":false},"excerpt":{"rendered":"<p>Beneficios de ser esp\u00f3nsor de un centro de dharma Patrocinar un centro de Dharma es uno de los actos de generosidad m\u00e1s profundos y significativos en la tradici\u00f3n budista, con [&hellip;]<\/p>\n","protected":false},"author":9,"featured_media":0,"parent":0,"menu_order":0,"comment_status":"closed","ping_status":"closed","template":"","meta":{"site-sidebar-layout":"default","site-content-layout":"","ast-site-content-layout":"default","site-content-style":"default","site-sidebar-style":"default","ast-global-header-display":"","ast-banner-title-visibility":"","ast-main-header-display":"","ast-hfb-above-header-display":"","ast-hfb-below-header-display":"","ast-hfb-mobile-header-display":"","site-post-title":"disabled","ast-breadcrumbs-content":"","ast-featured-img":"","footer-sml-layout":"","ast-disable-related-posts":"","theme-transparent-header-meta":"","adv-header-id-meta":"","stick-header-meta":"","header-above-stick-meta":"","header-main-stick-meta":"","header-below-stick-meta":"","astra-migrate-meta-layouts":"set","ast-page-background-enabled":"default","ast-page-background-meta":{"desktop":{"background-color":"","background-image":"","background-repeat":"repeat","background-position":"center center","background-size":"auto","background-attachment":"scroll","background-type":"","background-media":"","overlay-type":"","overlay-color":"","overlay-opacity":"","overlay-gradient":""},"tablet":{"background-color":"","background-image":"","background-repeat":"repeat","background-position":"center center","background-size":"auto","background-attachment":"scroll","background-type":"","background-media":"","overlay-type":"","overlay-color":"","overlay-opacity":"","overlay-gradient":""},"mobile":{"background-color":"","background-image":"","background-repeat":"repeat","background-position":"center center","background-size":"auto","background-attachment":"scroll","background-type":"","background-media":"","overlay-type":"","overlay-color":"","overlay-opacity":"","overlay-gradient":""}},"ast-content-background-meta":{"desktop":{"background-color":"var(--ast-global-color-5)","background-image":"","background-repeat":"repeat","background-position":"center center","background-size":"auto","background-attachment":"scroll","background-type":"","background-media":"","overlay-type":"","overlay-color":"","overlay-opacity":"","overlay-gradient":""},"tablet":{"background-color":"var(--ast-global-color-5)","background-image":"","background-repeat":"repeat","background-position":"center center","background-size":"auto","background-attachment":"scroll","background-type":"","background-media":"","overlay-type":"","overlay-color":"","overlay-opacity":"","overlay-gradient":""},"mobile":{"background-color":"var(--ast-global-color-5)","background-image":"","background-repeat":"repeat","background-position":"center center","background-size":"auto","background-attachment":"scroll","background-type":"","background-media":"","overlay-type":"","overlay-color":"","overlay-opacity":"","overlay-gradient":""}},"_EventAllDay":false,"_EventTimezone":"","_EventStartDate":"","_EventEndDate":"","_EventStartDateUTC":"","_EventEndDateUTC":"","_EventShowMap":false,"_EventShowMapLink":false,"_EventURL":"","_EventCost":"","_EventCostDescription":"","_EventCurrencySymbol":"","_EventCurrencyCode":"","_EventCurrencyPosition":"","_EventDateTimeSeparator":"","_EventTimeRangeSeparator":"","_EventOrganizerID":[],"_EventVenueID":[],"_OrganizerEmail":"","_OrganizerPhone":"","_OrganizerWebsite":"","_VenueAddress":"","_VenueCity":"","_VenueCountry":"","_VenueProvince":"","_VenueState":"","_VenueZip":"","_VenuePhone":"","_VenueURL":"","_VenueStateProvince":"","_VenueLat":"","_VenueLng":"","_VenueShowMap":false,"_VenueShowMapLink":false,"footnotes":""},"class_list":["post-28824","page","type-page","status-publish","hentry"],"yoast_head":"<!-- This site is optimized with the Yoast SEO plugin v27.0 - https:\/\/yoast.com\/product\/yoast-seo-wordpress\/ -->\n<title>Beneficios-ser-esponsor-centro-dharma - Sangha Activa<\/title>\n<meta name=\"robots\" content=\"index, follow, max-snippet:-1, max-image-preview:large, max-video-preview:-1\" \/>\n<link rel=\"canonical\" href=\"https:\/\/sanghaactiva.com\/ca\/beneficios-de-ser-esponsor-de-un-centro-de-dharma\/\" \/>\n<meta property=\"og:locale\" content=\"ca_ES\" \/>\n<meta property=\"og:type\" content=\"article\" \/>\n<meta property=\"og:title\" content=\"Beneficios-ser-esponsor-centro-dharma - Sangha Activa\" \/>\n<meta property=\"og:description\" content=\"Beneficios de ser esp\u00f3nsor de un centro de dharma Patrocinar un centro de Dharma es uno de los actos de generosidad m\u00e1s profundos y significativos en la tradici\u00f3n budista, con [&hellip;]\" \/>\n<meta property=\"og:url\" content=\"https:\/\/sanghaactiva.com\/ca\/beneficios-de-ser-esponsor-de-un-centro-de-dharma\/\" \/>\n<meta property=\"og:site_name\" content=\"Sangha Activa\" \/>\n<meta property=\"article:publisher\" content=\"https:\/\/www.facebook.com\/sanghaactiva\" \/>\n<meta property=\"article:modified_time\" content=\"2026-04-05T08:10:58+00:00\" \/>\n<meta name=\"twitter:card\" content=\"summary_large_image\" \/>\n<meta name=\"twitter:label1\" content=\"Temps estimat de lectura\" \/>\n\t<meta name=\"twitter:data1\" content=\"2 minuts\" \/>\n<!-- \/ Yoast SEO plugin. -->","yoast_head_json":{"title":"Beneficios-ser-esponsor-centro-dharma - Sangha Activa","robots":{"index":"index","follow":"follow","max-snippet":"max-snippet:-1","max-image-preview":"max-image-preview:large","max-video-preview":"max-video-preview:-1"},"canonical":"https:\/\/sanghaactiva.com\/ca\/beneficios-de-ser-esponsor-de-un-centro-de-dharma\/","og_locale":"ca_ES","og_type":"article","og_title":"Beneficios-ser-esponsor-centro-dharma - Sangha Activa","og_description":"Beneficios de ser esp\u00f3nsor de un centro de dharma Patrocinar un centro de Dharma es uno de los actos de generosidad m\u00e1s profundos y significativos en la tradici\u00f3n budista, con [&hellip;]","og_url":"https:\/\/sanghaactiva.com\/ca\/beneficios-de-ser-esponsor-de-un-centro-de-dharma\/","og_site_name":"Sangha Activa","article_publisher":"https:\/\/www.facebook.com\/sanghaactiva","article_modified_time":"2026-04-05T08:10:58+00:00","twitter_card":"summary_large_image","twitter_misc":{"Temps estimat de lectura":"2 minuts"},"schema":{"@context":"https:\/\/schema.org","@graph":[{"@type":"WebPage","@id":"https:\/\/sanghaactiva.com\/beneficios-de-ser-esponsor-de-un-centro-de-dharma","url":"https:\/\/sanghaactiva.com\/beneficios-de-ser-esponsor-de-un-centro-de-dharma","name":"Beneficios-ser-esponsor-centro-dharma - Sangha Activa","isPartOf":{"@id":"https:\/\/sanghaactiva.com\/#website"},"datePublished":"2026-04-05T08:05:25+00:00","dateModified":"2026-04-05T08:10:58+00:00","breadcrumb":{"@id":"https:\/\/sanghaactiva.com\/beneficios-de-ser-esponsor-de-un-centro-de-dharma#breadcrumb"},"inLanguage":"ca","potentialAction":[{"@type":"ReadAction","target":["https:\/\/sanghaactiva.com\/beneficios-de-ser-esponsor-de-un-centro-de-dharma"]}]},{"@type":"BreadcrumbList","@id":"https:\/\/sanghaactiva.com\/beneficios-de-ser-esponsor-de-un-centro-de-dharma#breadcrumb","itemListElement":[{"@type":"ListItem","position":1,"name":"Portada","item":"https:\/\/sanghaactiva.com\/"},{"@type":"ListItem","position":2,"name":"Beneficios-ser-esponsor-centro-dharma"}]},{"@type":"WebSite","@id":"https:\/\/sanghaactiva.com\/#website","url":"https:\/\/sanghaactiva.com\/","name":"Sangha Activa","description":"Comunitat budista","publisher":{"@id":"https:\/\/sanghaactiva.com\/#organization"},"potentialAction":[{"@type":"SearchAction","target":{"@type":"EntryPoint","urlTemplate":"https:\/\/sanghaactiva.com\/?s={search_term_string}"},"query-input":{"@type":"PropertyValueSpecification","valueRequired":true,"valueName":"search_term_string"}}],"inLanguage":"ca"},{"@type":"Organization","@id":"https:\/\/sanghaactiva.com\/#organization","name":"Sangha Activa","url":"https:\/\/sanghaactiva.com\/","logo":{"@type":"ImageObject","inLanguage":"ca","@id":"https:\/\/sanghaactiva.com\/#\/schema\/logo\/image\/","url":"https:\/\/sanghaactiva.com\/wp-content\/uploads\/2023\/03\/cropped-cropped-cropped-cropped-cropped-log2_SAcol-e1682594942970.png","contentUrl":"https:\/\/sanghaactiva.com\/wp-content\/uploads\/2023\/03\/cropped-cropped-cropped-cropped-cropped-log2_SAcol-e1682594942970.png","width":50,"height":65,"caption":"Sangha Activa"},"image":{"@id":"https:\/\/sanghaactiva.com\/#\/schema\/logo\/image\/"},"sameAs":["https:\/\/www.facebook.com\/sanghaactiva","https:\/\/www.youtube.com\/channel\/UCcMXKFgf-cWzUn9GLIvZPsw","https:\/\/www.instagram.com\/sanghaactiva\/"]}]}},"_links":{"self":[{"href":"https:\/\/sanghaactiva.com\/ca\/wp-json\/wp\/v2\/pages\/28824","targetHints":{"allow":["GET"]}}],"collection":[{"href":"https:\/\/sanghaactiva.com\/ca\/wp-json\/wp\/v2\/pages"}],"about":[{"href":"https:\/\/sanghaactiva.com\/ca\/wp-json\/wp\/v2\/types\/page"}],"author":[{"embeddable":true,"href":"https:\/\/sanghaactiva.com\/ca\/wp-json\/wp\/v2\/users\/9"}],"replies":[{"embeddable":true,"href":"https:\/\/sanghaactiva.com\/ca\/wp-json\/wp\/v2\/comments?post=28824"}],"version-history":[{"count":5,"href":"https:\/\/sanghaactiva.com\/ca\/wp-json\/wp\/v2\/pages\/28824\/revisions"}],"predecessor-version":[{"id":28832,"href":"https:\/\/sanghaactiva.com\/ca\/wp-json\/wp\/v2\/pages\/28824\/revisions\/28832"}],"wp:attachment":[{"href":"https:\/\/sanghaactiva.com\/ca\/wp-json\/wp\/v2\/media?parent=28824"}],"curies":[{"name":"wp","href":"https:\/\/api.w.org\/{rel}","templated":true}]}}